{"id":39758,"date":"2017-09-06T08:04:12","date_gmt":"2017-09-06T08:04:12","guid":{"rendered":"https:\/\/managementdrives.com\/managementdrives\/"},"modified":"2024-01-24T14:44:14","modified_gmt":"2024-01-24T13:44:14","slug":"managementdrives-adria","status":"publish","type":"page","link":"https:\/\/managementdrives.com\/sr\/","title":{"rendered":"Home"},"content":{"rendered":"","protected":false},"excerpt":{"rendered":"","protected":false},"author":3384,"featured_media":0,"parent":0,"menu_order":0,"comment_status":"closed","ping_status":"closed","template":"","meta":{"_acf_changed":false,"footnotes":""},"class_list":["post--39758","post--page","post--type-page","post--status-publish","post--hentry"],"acf":[],"yoast_head":"<!-- This site is optimized with the Yoast SEO plugin v27.3 - https:\/\/yoast.com\/product\/yoast-seo-wordpress\/ -->\n<title>Management Drives - Razvoj pojedinaca, timova i organizacija<\/title>\n<meta name=\"description\" content=\"Management Drives poma\u017ee organizacijama da postignu svoje ciljeve. Tako\u0111e poma\u017ee timovima da unaprede na\u010din na koji sara\u0111uju.\" \/>\n<meta name=\"robots\" content=\"index, follow, max-snippet:-1, max-image-preview:large, max-video-preview:-1\" \/>\n<link rel=\"canonical\" href=\"https:\/\/managementdrives.com\/sr\/\" \/>\n<meta property=\"og:locale\" content=\"sr_RS\" \/>\n<meta property=\"og:type\" content=\"article\" \/>\n<meta property=\"og:title\" content=\"Management Drives - Razvoj pojedinaca, timova i organizacija\" \/>\n<meta property=\"og:description\" content=\"Management Drives poma\u017ee organizacijama da postignu svoje ciljeve. Tako\u0111e poma\u017ee timovima da unaprede na\u010din na koji sara\u0111uju.\" \/>\n<meta property=\"og:url\" content=\"https:\/\/managementdrives.com\/sr\/\" \/>\n<meta property=\"og:site_name\" content=\"Management Drives\" \/>\n<meta property=\"article:modified_time\" content=\"2024-01-24T13:44:14+00:00\" \/>\n<meta name=\"twitter:card\" content=\"summary_large_image\" \/>\n<meta name=\"twitter:label1\" content=\"\u041f\u0440\u043e\u0446\u0435\u045a\u0435\u043d\u043e \u0432\u0440\u0435\u043c\u0435 \u0447\u0438\u0442\u0430\u045a\u0430\" \/>\n\t<meta name=\"twitter:data1\" content=\"1 \u043c\u0438\u043d\u0443\u0442\" \/>\n<script type=\"application\/ld+json\" class=\"yoast-schema-graph\">{\"@context\":\"https:\\\/\\\/schema.org\",\"@graph\":[{\"@type\":\"WebPage\",\"@id\":\"https:\\\/\\\/managementdrives.com\\\/sr\\\/\",\"url\":\"https:\\\/\\\/managementdrives.com\\\/sr\\\/\",\"name\":\"Management Drives - Razvoj pojedinaca, timova i organizacija\",\"isPartOf\":{\"@id\":\"https:\\\/\\\/managementdrives.com\\\/sr\\\/#website\"},\"datePublished\":\"2017-09-06T08:04:12+00:00\",\"dateModified\":\"2024-01-24T13:44:14+00:00\",\"description\":\"Management Drives poma\u017ee organizacijama da postignu svoje ciljeve. Tako\u0111e poma\u017ee timovima da unaprede na\u010din na koji sara\u0111uju.\",\"breadcrumb\":{\"@id\":\"https:\\\/\\\/managementdrives.com\\\/sr\\\/#breadcrumb\"},\"inLanguage\":\"sr-RS\",\"potentialAction\":[{\"@type\":\"ReadAction\",\"target\":[\"https:\\\/\\\/managementdrives.com\\\/sr\\\/\"]}]},{\"@type\":\"BreadcrumbList\",\"@id\":\"https:\\\/\\\/managementdrives.com\\\/sr\\\/#breadcrumb\",\"itemListElement\":[{\"@type\":\"ListItem\",\"position\":1,\"name\":\"Home\",\"item\":\"https:\\\/\\\/managementdrives.com\\\/sr\\\/\"},{\"@type\":\"ListItem\",\"position\":2,\"name\":\"Home\"}]},{\"@type\":\"WebSite\",\"@id\":\"https:\\\/\\\/managementdrives.com\\\/sr\\\/#website\",\"url\":\"https:\\\/\\\/managementdrives.com\\\/sr\\\/\",\"name\":\"Management Drives\",\"description\":\"Turning potential into performance\",\"publisher\":{\"@id\":\"https:\\\/\\\/managementdrives.com\\\/sr\\\/#organization\"},\"potentialAction\":[{\"@type\":\"SearchAction\",\"target\":{\"@type\":\"EntryPoint\",\"urlTemplate\":\"https:\\\/\\\/managementdrives.com\\\/sr\\\/?s={search_term_string}\"},\"query-input\":{\"@type\":\"PropertyValueSpecification\",\"valueRequired\":true,\"valueName\":\"search_term_string\"}}],\"inLanguage\":\"sr-RS\"},{\"@type\":\"Organization\",\"@id\":\"https:\\\/\\\/managementdrives.com\\\/sr\\\/#organization\",\"name\":\"Management Drives\",\"url\":\"https:\\\/\\\/managementdrives.com\\\/sr\\\/\",\"logo\":{\"@type\":\"ImageObject\",\"inLanguage\":\"sr-RS\",\"@id\":\"https:\\\/\\\/managementdrives.com\\\/sr\\\/#\\\/schema\\\/logo\\\/image\\\/\",\"url\":\"https:\\\/\\\/managementdrives.com\\\/wp-content\\\/uploads\\\/2022\\\/06\\\/Management-Drives-logo-lr.png\",\"contentUrl\":\"https:\\\/\\\/managementdrives.com\\\/wp-content\\\/uploads\\\/2022\\\/06\\\/Management-Drives-logo-lr.png\",\"width\":400,\"height\":315,\"caption\":\"Management Drives\"},\"image\":{\"@id\":\"https:\\\/\\\/managementdrives.com\\\/sr\\\/#\\\/schema\\\/logo\\\/image\\\/\"},\"sameAs\":[\"https:\\\/\\\/www.linkedin.com\\\/company\\\/management-drives-holding-bv\\\/\"]}]}<\/script>\n<!-- \/ Yoast SEO plugin. -->","yoast_head_json":{"title":"Management Drives - Razvoj pojedinaca, timova i organizacija","description":"Management Drives poma\u017ee organizacijama da postignu svoje ciljeve. Tako\u0111e poma\u017ee timovima da unaprede na\u010din na koji sara\u0111uju.","robots":{"index":"index","follow":"follow","max-snippet":"max-snippet:-1","max-image-preview":"max-image-preview:large","max-video-preview":"max-video-preview:-1"},"canonical":"https:\/\/managementdrives.com\/sr\/","og_locale":"sr_RS","og_type":"article","og_title":"Management Drives - Razvoj pojedinaca, timova i organizacija","og_description":"Management Drives poma\u017ee organizacijama da postignu svoje ciljeve. Tako\u0111e poma\u017ee timovima da unaprede na\u010din na koji sara\u0111uju.","og_url":"https:\/\/managementdrives.com\/sr\/","og_site_name":"Management Drives","article_modified_time":"2024-01-24T13:44:14+00:00","twitter_card":"summary_large_image","twitter_misc":{"\u041f\u0440\u043e\u0446\u0435\u045a\u0435\u043d\u043e \u0432\u0440\u0435\u043c\u0435 \u0447\u0438\u0442\u0430\u045a\u0430":"1 \u043c\u0438\u043d\u0443\u0442"},"schema":{"@context":"https:\/\/schema.org","@graph":[{"@type":"WebPage","@id":"https:\/\/managementdrives.com\/sr\/","url":"https:\/\/managementdrives.com\/sr\/","name":"Management Drives - Razvoj pojedinaca, timova i organizacija","isPartOf":{"@id":"https:\/\/managementdrives.com\/sr\/#website"},"datePublished":"2017-09-06T08:04:12+00:00","dateModified":"2024-01-24T13:44:14+00:00","description":"Management Drives poma\u017ee organizacijama da postignu svoje ciljeve. Tako\u0111e poma\u017ee timovima da unaprede na\u010din na koji sara\u0111uju.","breadcrumb":{"@id":"https:\/\/managementdrives.com\/sr\/#breadcrumb"},"inLanguage":"sr-RS","potentialAction":[{"@type":"ReadAction","target":["https:\/\/managementdrives.com\/sr\/"]}]},{"@type":"BreadcrumbList","@id":"https:\/\/managementdrives.com\/sr\/#breadcrumb","itemListElement":[{"@type":"ListItem","position":1,"name":"Home","item":"https:\/\/managementdrives.com\/sr\/"},{"@type":"ListItem","position":2,"name":"Home"}]},{"@type":"WebSite","@id":"https:\/\/managementdrives.com\/sr\/#website","url":"https:\/\/managementdrives.com\/sr\/","name":"Management Drives","description":"Turning potential into performance","publisher":{"@id":"https:\/\/managementdrives.com\/sr\/#organization"},"potentialAction":[{"@type":"SearchAction","target":{"@type":"EntryPoint","urlTemplate":"https:\/\/managementdrives.com\/sr\/?s={search_term_string}"},"query-input":{"@type":"PropertyValueSpecification","valueRequired":true,"valueName":"search_term_string"}}],"inLanguage":"sr-RS"},{"@type":"Organization","@id":"https:\/\/managementdrives.com\/sr\/#organization","name":"Management Drives","url":"https:\/\/managementdrives.com\/sr\/","logo":{"@type":"ImageObject","inLanguage":"sr-RS","@id":"https:\/\/managementdrives.com\/sr\/#\/schema\/logo\/image\/","url":"https:\/\/managementdrives.com\/wp-content\/uploads\/2022\/06\/Management-Drives-logo-lr.png","contentUrl":"https:\/\/managementdrives.com\/wp-content\/uploads\/2022\/06\/Management-Drives-logo-lr.png","width":400,"height":315,"caption":"Management Drives"},"image":{"@id":"https:\/\/managementdrives.com\/sr\/#\/schema\/logo\/image\/"},"sameAs":["https:\/\/www.linkedin.com\/company\/management-drives-holding-bv\/"]}]}},"_links":{"self":[{"href":"https:\/\/managementdrives.com\/sr\/wp-json\/wp\/v2\/pages\/39758","targetHints":{"allow":["GET"]}}],"collection":[{"href":"https:\/\/managementdrives.com\/sr\/wp-json\/wp\/v2\/pages"}],"about":[{"href":"https:\/\/managementdrives.com\/sr\/wp-json\/wp\/v2\/types\/page"}],"author":[{"embeddable":true,"href":"https:\/\/managementdrives.com\/sr\/wp-json\/wp\/v2\/users\/3384"}],"replies":[{"embeddable":true,"href":"https:\/\/managementdrives.com\/sr\/wp-json\/wp\/v2\/comments?post=39758"}],"version-history":[{"count":1,"href":"https:\/\/managementdrives.com\/sr\/wp-json\/wp\/v2\/pages\/39758\/revisions"}],"predecessor-version":[{"id":42684,"href":"https:\/\/managementdrives.com\/sr\/wp-json\/wp\/v2\/pages\/39758\/revisions\/42684"}],"wp:attachment":[{"href":"https:\/\/managementdrives.com\/sr\/wp-json\/wp\/v2\/media?parent=39758"}],"curies":[{"name":"wp","href":"https:\/\/api.w.org\/{rel}","templated":true}]}}