{"id":17503,"date":"2017-12-08T11:07:25","date_gmt":"2017-12-08T10:07:25","guid":{"rendered":"https:\/\/managementdrives.com\/articles-les-plus-recents\/"},"modified":"2024-08-22T13:35:08","modified_gmt":"2024-08-22T11:35:08","slug":"articles-les-plus-recents","status":"publish","type":"page","link":"https:\/\/managementdrives.com\/fr\/articles-les-plus-recents\/","title":{"rendered":"Articles les plus r\u00e9cents"},"content":{"rendered":"","protected":false},"excerpt":{"rendered":"","protected":false},"author":3384,"featured_media":0,"parent":0,"menu_order":0,"comment_status":"closed","ping_status":"closed","template":"template-latest-articles.php","meta":{"_acf_changed":false,"footnotes":""},"class_list":["post--17503","post--page","post--type-page","post--status-publish","post--hentry"],"acf":[],"yoast_head":"<!-- This site is optimized with the Yoast SEO plugin v27.3 - https:\/\/yoast.com\/product\/yoast-seo-wordpress\/ -->\n<title>Articles les plus r\u00e9cents - Management Drives<\/title>\n<meta name=\"description\" content=\"D\u00e9couvrez comment les moteurs de gestion sont utilis\u00e9s dans la pratique. Lisez les nouvelles, les points de vue et les \u00e9tudes de cas sur les moteurs de gestion.\" \/>\n<meta name=\"robots\" content=\"index, follow, max-snippet:-1, max-image-preview:large, max-video-preview:-1\" \/>\n<link rel=\"canonical\" href=\"https:\/\/managementdrives.com\/fr\/articles-les-plus-recents\/\" \/>\n<meta property=\"og:locale\" content=\"fr_FR\" \/>\n<meta property=\"og:type\" content=\"article\" \/>\n<meta property=\"og:title\" content=\"Articles les plus r\u00e9cents - Management Drives\" \/>\n<meta property=\"og:description\" content=\"D\u00e9couvrez comment les moteurs de gestion sont utilis\u00e9s dans la pratique. Lisez les nouvelles, les points de vue et les \u00e9tudes de cas sur les moteurs de gestion.\" \/>\n<meta property=\"og:url\" content=\"https:\/\/managementdrives.com\/fr\/articles-les-plus-recents\/\" \/>\n<meta property=\"og:site_name\" content=\"Management Drives\" \/>\n<meta property=\"article:modified_time\" content=\"2024-08-22T11:35:08+00:00\" \/>\n<meta name=\"twitter:card\" content=\"summary_large_image\" \/>\n<script type=\"application\/ld+json\" class=\"yoast-schema-graph\">{\"@context\":\"https:\\\/\\\/schema.org\",\"@graph\":[{\"@type\":\"WebPage\",\"@id\":\"https:\\\/\\\/managementdrives.com\\\/fr\\\/articles-les-plus-recents\\\/\",\"url\":\"https:\\\/\\\/managementdrives.com\\\/fr\\\/articles-les-plus-recents\\\/\",\"name\":\"Articles les plus r\u00e9cents - Management Drives\",\"isPartOf\":{\"@id\":\"https:\\\/\\\/managementdrives.com\\\/fr\\\/#website\"},\"datePublished\":\"2017-12-08T10:07:25+00:00\",\"dateModified\":\"2024-08-22T11:35:08+00:00\",\"description\":\"D\u00e9couvrez comment les moteurs de gestion sont utilis\u00e9s dans la pratique. Lisez les nouvelles, les points de vue et les \u00e9tudes de cas sur les moteurs de gestion.\",\"breadcrumb\":{\"@id\":\"https:\\\/\\\/managementdrives.com\\\/fr\\\/articles-les-plus-recents\\\/#breadcrumb\"},\"inLanguage\":\"fr-FR\",\"potentialAction\":[{\"@type\":\"ReadAction\",\"target\":[\"https:\\\/\\\/managementdrives.com\\\/fr\\\/articles-les-plus-recents\\\/\"]}]},{\"@type\":\"BreadcrumbList\",\"@id\":\"https:\\\/\\\/managementdrives.com\\\/fr\\\/articles-les-plus-recents\\\/#breadcrumb\",\"itemListElement\":[{\"@type\":\"ListItem\",\"position\":1,\"name\":\"Home\",\"item\":\"https:\\\/\\\/managementdrives.com\\\/fr\\\/\"},{\"@type\":\"ListItem\",\"position\":2,\"name\":\"Articles les plus r\u00e9cents\"}]},{\"@type\":\"WebSite\",\"@id\":\"https:\\\/\\\/managementdrives.com\\\/fr\\\/#website\",\"url\":\"https:\\\/\\\/managementdrives.com\\\/fr\\\/\",\"name\":\"Management Drives\",\"description\":\"Turning potential into performance\",\"publisher\":{\"@id\":\"https:\\\/\\\/managementdrives.com\\\/fr\\\/#organization\"},\"potentialAction\":[{\"@type\":\"SearchAction\",\"target\":{\"@type\":\"EntryPoint\",\"urlTemplate\":\"https:\\\/\\\/managementdrives.com\\\/fr\\\/?s={search_term_string}\"},\"query-input\":{\"@type\":\"PropertyValueSpecification\",\"valueRequired\":true,\"valueName\":\"search_term_string\"}}],\"inLanguage\":\"fr-FR\"},{\"@type\":\"Organization\",\"@id\":\"https:\\\/\\\/managementdrives.com\\\/fr\\\/#organization\",\"name\":\"Management Drives\",\"url\":\"https:\\\/\\\/managementdrives.com\\\/fr\\\/\",\"logo\":{\"@type\":\"ImageObject\",\"inLanguage\":\"fr-FR\",\"@id\":\"https:\\\/\\\/managementdrives.com\\\/fr\\\/#\\\/schema\\\/logo\\\/image\\\/\",\"url\":\"https:\\\/\\\/managementdrives.com\\\/wp-content\\\/uploads\\\/2022\\\/06\\\/Management-Drives-logo-lr.png\",\"contentUrl\":\"https:\\\/\\\/managementdrives.com\\\/wp-content\\\/uploads\\\/2022\\\/06\\\/Management-Drives-logo-lr.png\",\"width\":400,\"height\":315,\"caption\":\"Management Drives\"},\"image\":{\"@id\":\"https:\\\/\\\/managementdrives.com\\\/fr\\\/#\\\/schema\\\/logo\\\/image\\\/\"},\"sameAs\":[\"https:\\\/\\\/www.linkedin.com\\\/company\\\/management-drives-holding-bv\\\/\"]}]}<\/script>\n<!-- \/ Yoast SEO plugin. -->","yoast_head_json":{"title":"Articles les plus r\u00e9cents - Management Drives","description":"D\u00e9couvrez comment les moteurs de gestion sont utilis\u00e9s dans la pratique. Lisez les nouvelles, les points de vue et les \u00e9tudes de cas sur les moteurs de gestion.","robots":{"index":"index","follow":"follow","max-snippet":"max-snippet:-1","max-image-preview":"max-image-preview:large","max-video-preview":"max-video-preview:-1"},"canonical":"https:\/\/managementdrives.com\/fr\/articles-les-plus-recents\/","og_locale":"fr_FR","og_type":"article","og_title":"Articles les plus r\u00e9cents - Management Drives","og_description":"D\u00e9couvrez comment les moteurs de gestion sont utilis\u00e9s dans la pratique. Lisez les nouvelles, les points de vue et les \u00e9tudes de cas sur les moteurs de gestion.","og_url":"https:\/\/managementdrives.com\/fr\/articles-les-plus-recents\/","og_site_name":"Management Drives","article_modified_time":"2024-08-22T11:35:08+00:00","twitter_card":"summary_large_image","schema":{"@context":"https:\/\/schema.org","@graph":[{"@type":"WebPage","@id":"https:\/\/managementdrives.com\/fr\/articles-les-plus-recents\/","url":"https:\/\/managementdrives.com\/fr\/articles-les-plus-recents\/","name":"Articles les plus r\u00e9cents - Management Drives","isPartOf":{"@id":"https:\/\/managementdrives.com\/fr\/#website"},"datePublished":"2017-12-08T10:07:25+00:00","dateModified":"2024-08-22T11:35:08+00:00","description":"D\u00e9couvrez comment les moteurs de gestion sont utilis\u00e9s dans la pratique. Lisez les nouvelles, les points de vue et les \u00e9tudes de cas sur les moteurs de gestion.","breadcrumb":{"@id":"https:\/\/managementdrives.com\/fr\/articles-les-plus-recents\/#breadcrumb"},"inLanguage":"fr-FR","potentialAction":[{"@type":"ReadAction","target":["https:\/\/managementdrives.com\/fr\/articles-les-plus-recents\/"]}]},{"@type":"BreadcrumbList","@id":"https:\/\/managementdrives.com\/fr\/articles-les-plus-recents\/#breadcrumb","itemListElement":[{"@type":"ListItem","position":1,"name":"Home","item":"https:\/\/managementdrives.com\/fr\/"},{"@type":"ListItem","position":2,"name":"Articles les plus r\u00e9cents"}]},{"@type":"WebSite","@id":"https:\/\/managementdrives.com\/fr\/#website","url":"https:\/\/managementdrives.com\/fr\/","name":"Management Drives","description":"Turning potential into performance","publisher":{"@id":"https:\/\/managementdrives.com\/fr\/#organization"},"potentialAction":[{"@type":"SearchAction","target":{"@type":"EntryPoint","urlTemplate":"https:\/\/managementdrives.com\/fr\/?s={search_term_string}"},"query-input":{"@type":"PropertyValueSpecification","valueRequired":true,"valueName":"search_term_string"}}],"inLanguage":"fr-FR"},{"@type":"Organization","@id":"https:\/\/managementdrives.com\/fr\/#organization","name":"Management Drives","url":"https:\/\/managementdrives.com\/fr\/","logo":{"@type":"ImageObject","inLanguage":"fr-FR","@id":"https:\/\/managementdrives.com\/fr\/#\/schema\/logo\/image\/","url":"https:\/\/managementdrives.com\/wp-content\/uploads\/2022\/06\/Management-Drives-logo-lr.png","contentUrl":"https:\/\/managementdrives.com\/wp-content\/uploads\/2022\/06\/Management-Drives-logo-lr.png","width":400,"height":315,"caption":"Management Drives"},"image":{"@id":"https:\/\/managementdrives.com\/fr\/#\/schema\/logo\/image\/"},"sameAs":["https:\/\/www.linkedin.com\/company\/management-drives-holding-bv\/"]}]}},"_links":{"self":[{"href":"https:\/\/managementdrives.com\/fr\/wp-json\/wp\/v2\/pages\/17503","targetHints":{"allow":["GET"]}}],"collection":[{"href":"https:\/\/managementdrives.com\/fr\/wp-json\/wp\/v2\/pages"}],"about":[{"href":"https:\/\/managementdrives.com\/fr\/wp-json\/wp\/v2\/types\/page"}],"author":[{"embeddable":true,"href":"https:\/\/managementdrives.com\/fr\/wp-json\/wp\/v2\/users\/3384"}],"replies":[{"embeddable":true,"href":"https:\/\/managementdrives.com\/fr\/wp-json\/wp\/v2\/comments?post=17503"}],"version-history":[{"count":2,"href":"https:\/\/managementdrives.com\/fr\/wp-json\/wp\/v2\/pages\/17503\/revisions"}],"predecessor-version":[{"id":18136,"href":"https:\/\/managementdrives.com\/fr\/wp-json\/wp\/v2\/pages\/17503\/revisions\/18136"}],"wp:attachment":[{"href":"https:\/\/managementdrives.com\/fr\/wp-json\/wp\/v2\/media?parent=17503"}],"curies":[{"name":"wp","href":"https:\/\/api.w.org\/{rel}","templated":true}]}}