{"id":43219,"date":"2023-09-19T09:39:57","date_gmt":"2023-09-19T07:39:57","guid":{"rendered":"https:\/\/managementdrives.com\/contacto-copy\/"},"modified":"2023-09-19T09:43:11","modified_gmt":"2023-09-19T07:43:11","slug":"descargar-brochure-ipgto","status":"publish","type":"page","link":"https:\/\/managementdrives.com\/es\/descargar-brochure-ipgto\/","title":{"rendered":"Descargar brochure IP + GTO"},"content":{"rendered":"","protected":false},"excerpt":{"rendered":"","protected":false},"author":3384,"featured_media":0,"parent":0,"menu_order":0,"comment_status":"closed","ping_status":"closed","template":"","meta":{"_acf_changed":false,"footnotes":""},"class_list":["post--43219","post--page","post--type-page","post--status-publish","post--hentry"],"acf":[],"yoast_head":"<!-- This site is optimized with the Yoast SEO plugin v27.5 - https:\/\/yoast.com\/product\/yoast-seo-wordpress\/ -->\n<title>Descargar brochure IP + GTO<\/title>\n<meta name=\"description\" content=\"Descarga el folleto y obt\u00e9n m\u00e1s informaci\u00f3n sobre el entrenamiento de Perfil Individual y de Grupo de Management Drives.\" \/>\n<meta name=\"robots\" content=\"index, follow, max-snippet:-1, max-image-preview:large, max-video-preview:-1\" \/>\n<link rel=\"canonical\" href=\"https:\/\/managementdrives.com\/es\/descargar-brochure-ipgto\/\" \/>\n<meta property=\"og:locale\" content=\"es_ES\" \/>\n<meta property=\"og:type\" content=\"article\" \/>\n<meta property=\"og:title\" content=\"Descargar brochure IP + GTO\" \/>\n<meta property=\"og:description\" content=\"Descarga el folleto y obt\u00e9n m\u00e1s informaci\u00f3n sobre el entrenamiento de Perfil Individual y de Grupo de Management Drives.\" \/>\n<meta property=\"og:url\" content=\"https:\/\/managementdrives.com\/es\/descargar-brochure-ipgto\/\" \/>\n<meta property=\"og:site_name\" content=\"Management Drives\" \/>\n<meta property=\"article:modified_time\" content=\"2023-09-19T07:43:11+00:00\" \/>\n<meta name=\"twitter:card\" content=\"summary_large_image\" \/>\n<script type=\"application\/ld+json\" class=\"yoast-schema-graph\">{\"@context\":\"https:\\\/\\\/schema.org\",\"@graph\":[{\"@type\":\"WebPage\",\"@id\":\"https:\\\/\\\/managementdrives.com\\\/es\\\/descargar-brochure-ipgto\\\/\",\"url\":\"https:\\\/\\\/managementdrives.com\\\/es\\\/descargar-brochure-ipgto\\\/\",\"name\":\"Descargar brochure IP + GTO\",\"isPartOf\":{\"@id\":\"https:\\\/\\\/managementdrives.com\\\/es\\\/#website\"},\"datePublished\":\"2023-09-19T07:39:57+00:00\",\"dateModified\":\"2023-09-19T07:43:11+00:00\",\"description\":\"Descarga el folleto y obt\u00e9n m\u00e1s informaci\u00f3n sobre el entrenamiento de Perfil Individual y de Grupo de Management Drives.\",\"breadcrumb\":{\"@id\":\"https:\\\/\\\/managementdrives.com\\\/es\\\/descargar-brochure-ipgto\\\/#breadcrumb\"},\"inLanguage\":\"es\",\"potentialAction\":[{\"@type\":\"ReadAction\",\"target\":[\"https:\\\/\\\/managementdrives.com\\\/es\\\/descargar-brochure-ipgto\\\/\"]}]},{\"@type\":\"BreadcrumbList\",\"@id\":\"https:\\\/\\\/managementdrives.com\\\/es\\\/descargar-brochure-ipgto\\\/#breadcrumb\",\"itemListElement\":[{\"@type\":\"ListItem\",\"position\":1,\"name\":\"Home\",\"item\":\"https:\\\/\\\/managementdrives.com\\\/es\\\/\"},{\"@type\":\"ListItem\",\"position\":2,\"name\":\"Descargar brochure IP + GTO\"}]},{\"@type\":\"WebSite\",\"@id\":\"https:\\\/\\\/managementdrives.com\\\/es\\\/#website\",\"url\":\"https:\\\/\\\/managementdrives.com\\\/es\\\/\",\"name\":\"Management Drives\",\"description\":\"Turning potential into performance\",\"publisher\":{\"@id\":\"https:\\\/\\\/managementdrives.com\\\/es\\\/#organization\"},\"potentialAction\":[{\"@type\":\"SearchAction\",\"target\":{\"@type\":\"EntryPoint\",\"urlTemplate\":\"https:\\\/\\\/managementdrives.com\\\/es\\\/?s={search_term_string}\"},\"query-input\":{\"@type\":\"PropertyValueSpecification\",\"valueRequired\":true,\"valueName\":\"search_term_string\"}}],\"inLanguage\":\"es\"},{\"@type\":\"Organization\",\"@id\":\"https:\\\/\\\/managementdrives.com\\\/es\\\/#organization\",\"name\":\"Management Drives\",\"url\":\"https:\\\/\\\/managementdrives.com\\\/es\\\/\",\"logo\":{\"@type\":\"ImageObject\",\"inLanguage\":\"es\",\"@id\":\"https:\\\/\\\/managementdrives.com\\\/es\\\/#\\\/schema\\\/logo\\\/image\\\/\",\"url\":\"https:\\\/\\\/managementdrives.com\\\/wp-content\\\/uploads\\\/2022\\\/06\\\/Management-Drives-logo-lr.png\",\"contentUrl\":\"https:\\\/\\\/managementdrives.com\\\/wp-content\\\/uploads\\\/2022\\\/06\\\/Management-Drives-logo-lr.png\",\"width\":400,\"height\":315,\"caption\":\"Management Drives\"},\"image\":{\"@id\":\"https:\\\/\\\/managementdrives.com\\\/es\\\/#\\\/schema\\\/logo\\\/image\\\/\"},\"sameAs\":[\"https:\\\/\\\/www.linkedin.com\\\/company\\\/management-drives-holding-bv\\\/\"]}]}<\/script>\n<!-- \/ Yoast SEO plugin. -->","yoast_head_json":{"title":"Descargar brochure IP + GTO","description":"Descarga el folleto y obt\u00e9n m\u00e1s informaci\u00f3n sobre el entrenamiento de Perfil Individual y de Grupo de Management Drives.","robots":{"index":"index","follow":"follow","max-snippet":"max-snippet:-1","max-image-preview":"max-image-preview:large","max-video-preview":"max-video-preview:-1"},"canonical":"https:\/\/managementdrives.com\/es\/descargar-brochure-ipgto\/","og_locale":"es_ES","og_type":"article","og_title":"Descargar brochure IP + GTO","og_description":"Descarga el folleto y obt\u00e9n m\u00e1s informaci\u00f3n sobre el entrenamiento de Perfil Individual y de Grupo de Management Drives.","og_url":"https:\/\/managementdrives.com\/es\/descargar-brochure-ipgto\/","og_site_name":"Management Drives","article_modified_time":"2023-09-19T07:43:11+00:00","twitter_card":"summary_large_image","schema":{"@context":"https:\/\/schema.org","@graph":[{"@type":"WebPage","@id":"https:\/\/managementdrives.com\/es\/descargar-brochure-ipgto\/","url":"https:\/\/managementdrives.com\/es\/descargar-brochure-ipgto\/","name":"Descargar brochure IP + GTO","isPartOf":{"@id":"https:\/\/managementdrives.com\/es\/#website"},"datePublished":"2023-09-19T07:39:57+00:00","dateModified":"2023-09-19T07:43:11+00:00","description":"Descarga el folleto y obt\u00e9n m\u00e1s informaci\u00f3n sobre el entrenamiento de Perfil Individual y de Grupo de Management Drives.","breadcrumb":{"@id":"https:\/\/managementdrives.com\/es\/descargar-brochure-ipgto\/#breadcrumb"},"inLanguage":"es","potentialAction":[{"@type":"ReadAction","target":["https:\/\/managementdrives.com\/es\/descargar-brochure-ipgto\/"]}]},{"@type":"BreadcrumbList","@id":"https:\/\/managementdrives.com\/es\/descargar-brochure-ipgto\/#breadcrumb","itemListElement":[{"@type":"ListItem","position":1,"name":"Home","item":"https:\/\/managementdrives.com\/es\/"},{"@type":"ListItem","position":2,"name":"Descargar brochure IP + GTO"}]},{"@type":"WebSite","@id":"https:\/\/managementdrives.com\/es\/#website","url":"https:\/\/managementdrives.com\/es\/","name":"Management Drives","description":"Turning potential into performance","publisher":{"@id":"https:\/\/managementdrives.com\/es\/#organization"},"potentialAction":[{"@type":"SearchAction","target":{"@type":"EntryPoint","urlTemplate":"https:\/\/managementdrives.com\/es\/?s={search_term_string}"},"query-input":{"@type":"PropertyValueSpecification","valueRequired":true,"valueName":"search_term_string"}}],"inLanguage":"es"},{"@type":"Organization","@id":"https:\/\/managementdrives.com\/es\/#organization","name":"Management Drives","url":"https:\/\/managementdrives.com\/es\/","logo":{"@type":"ImageObject","inLanguage":"es","@id":"https:\/\/managementdrives.com\/es\/#\/schema\/logo\/image\/","url":"https:\/\/managementdrives.com\/wp-content\/uploads\/2022\/06\/Management-Drives-logo-lr.png","contentUrl":"https:\/\/managementdrives.com\/wp-content\/uploads\/2022\/06\/Management-Drives-logo-lr.png","width":400,"height":315,"caption":"Management Drives"},"image":{"@id":"https:\/\/managementdrives.com\/es\/#\/schema\/logo\/image\/"},"sameAs":["https:\/\/www.linkedin.com\/company\/management-drives-holding-bv\/"]}]}},"_links":{"self":[{"href":"https:\/\/managementdrives.com\/es\/wp-json\/wp\/v2\/pages\/43219","targetHints":{"allow":["GET"]}}],"collection":[{"href":"https:\/\/managementdrives.com\/es\/wp-json\/wp\/v2\/pages"}],"about":[{"href":"https:\/\/managementdrives.com\/es\/wp-json\/wp\/v2\/types\/page"}],"author":[{"embeddable":true,"href":"https:\/\/managementdrives.com\/es\/wp-json\/wp\/v2\/users\/3384"}],"replies":[{"embeddable":true,"href":"https:\/\/managementdrives.com\/es\/wp-json\/wp\/v2\/comments?post=43219"}],"version-history":[{"count":3,"href":"https:\/\/managementdrives.com\/es\/wp-json\/wp\/v2\/pages\/43219\/revisions"}],"predecessor-version":[{"id":43222,"href":"https:\/\/managementdrives.com\/es\/wp-json\/wp\/v2\/pages\/43219\/revisions\/43222"}],"wp:attachment":[{"href":"https:\/\/managementdrives.com\/es\/wp-json\/wp\/v2\/media?parent=43219"}],"curies":[{"name":"wp","href":"https:\/\/api.w.org\/{rel}","templated":true}]}}