{"id":29385,"date":"2022-03-16T16:42:49","date_gmt":"2022-03-16T15:42:49","guid":{"rendered":"https:\/\/managementdrives.com\/contacto\/consultancy\/"},"modified":"2024-04-02T14:58:56","modified_gmt":"2024-04-02T12:58:56","slug":"contacto-consultoria","status":"publish","type":"page","link":"https:\/\/managementdrives.com\/es\/contacto\/contacto-consultoria\/","title":{"rendered":"Contacto Consultor\u00eda"},"content":{"rendered":"","protected":false},"excerpt":{"rendered":"","protected":false},"author":3384,"featured_media":0,"parent":18161,"menu_order":0,"comment_status":"closed","ping_status":"closed","template":"","meta":{"_acf_changed":false,"footnotes":""},"class_list":["post--29385","post--page","post--type-page","post--status-publish","post--hentry"],"acf":[],"yoast_head":"<!-- This site is optimized with the Yoast SEO plugin v27.3 - https:\/\/yoast.com\/product\/yoast-seo-wordpress\/ -->\n<title>Contacto Consultor\u00eda<\/title>\n<meta name=\"description\" content=\"\u00bfQuieres empezar con la consultor\u00eda de Management Drives? D\u00e9 el primer paso y convierta el potencial en desempe\u00f1o. Cont\u00e1ctenos\" \/>\n<meta name=\"robots\" content=\"index, follow, max-snippet:-1, max-image-preview:large, max-video-preview:-1\" \/>\n<link rel=\"canonical\" href=\"https:\/\/managementdrives.com\/es\/contacto\/contacto-consultoria\/\" \/>\n<meta property=\"og:locale\" content=\"es_ES\" \/>\n<meta property=\"og:type\" content=\"article\" \/>\n<meta property=\"og:title\" content=\"Contacto Consultor\u00eda\" \/>\n<meta property=\"og:description\" content=\"\u00bfQuieres empezar con la consultor\u00eda de Management Drives? D\u00e9 el primer paso y convierta el potencial en desempe\u00f1o. Cont\u00e1ctenos\" \/>\n<meta property=\"og:url\" content=\"https:\/\/managementdrives.com\/es\/contacto\/contacto-consultoria\/\" \/>\n<meta property=\"og:site_name\" content=\"Management Drives\" \/>\n<meta property=\"article:modified_time\" content=\"2024-04-02T12:58:56+00:00\" \/>\n<meta name=\"twitter:card\" content=\"summary_large_image\" \/>\n<meta name=\"twitter:label1\" content=\"Tiempo de lectura\" \/>\n\t<meta name=\"twitter:data1\" content=\"1 minuto\" \/>\n<script type=\"application\/ld+json\" class=\"yoast-schema-graph\">{\"@context\":\"https:\\\/\\\/schema.org\",\"@graph\":[{\"@type\":\"WebPage\",\"@id\":\"https:\\\/\\\/managementdrives.com\\\/es\\\/contacto\\\/contacto-consultoria\\\/\",\"url\":\"https:\\\/\\\/managementdrives.com\\\/es\\\/contacto\\\/contacto-consultoria\\\/\",\"name\":\"Contacto Consultor\u00eda\",\"isPartOf\":{\"@id\":\"https:\\\/\\\/managementdrives.com\\\/es\\\/#website\"},\"datePublished\":\"2022-03-16T15:42:49+00:00\",\"dateModified\":\"2024-04-02T12:58:56+00:00\",\"description\":\"\u00bfQuieres empezar con la consultor\u00eda de Management Drives? D\u00e9 el primer paso y convierta el potencial en desempe\u00f1o. Cont\u00e1ctenos\",\"breadcrumb\":{\"@id\":\"https:\\\/\\\/managementdrives.com\\\/es\\\/contacto\\\/contacto-consultoria\\\/#breadcrumb\"},\"inLanguage\":\"es\",\"potentialAction\":[{\"@type\":\"ReadAction\",\"target\":[\"https:\\\/\\\/managementdrives.com\\\/es\\\/contacto\\\/contacto-consultoria\\\/\"]}]},{\"@type\":\"BreadcrumbList\",\"@id\":\"https:\\\/\\\/managementdrives.com\\\/es\\\/contacto\\\/contacto-consultoria\\\/#breadcrumb\",\"itemListElement\":[{\"@type\":\"ListItem\",\"position\":1,\"name\":\"Home\",\"item\":\"https:\\\/\\\/managementdrives.com\\\/es\\\/\"},{\"@type\":\"ListItem\",\"position\":2,\"name\":\"Contacto\",\"item\":\"https:\\\/\\\/managementdrives.com\\\/es\\\/contacto\\\/\"},{\"@type\":\"ListItem\",\"position\":3,\"name\":\"Contacto Consultor\u00eda\"}]},{\"@type\":\"WebSite\",\"@id\":\"https:\\\/\\\/managementdrives.com\\\/es\\\/#website\",\"url\":\"https:\\\/\\\/managementdrives.com\\\/es\\\/\",\"name\":\"Management Drives\",\"description\":\"Turning potential into performance\",\"publisher\":{\"@id\":\"https:\\\/\\\/managementdrives.com\\\/es\\\/#organization\"},\"potentialAction\":[{\"@type\":\"SearchAction\",\"target\":{\"@type\":\"EntryPoint\",\"urlTemplate\":\"https:\\\/\\\/managementdrives.com\\\/es\\\/?s={search_term_string}\"},\"query-input\":{\"@type\":\"PropertyValueSpecification\",\"valueRequired\":true,\"valueName\":\"search_term_string\"}}],\"inLanguage\":\"es\"},{\"@type\":\"Organization\",\"@id\":\"https:\\\/\\\/managementdrives.com\\\/es\\\/#organization\",\"name\":\"Management Drives\",\"url\":\"https:\\\/\\\/managementdrives.com\\\/es\\\/\",\"logo\":{\"@type\":\"ImageObject\",\"inLanguage\":\"es\",\"@id\":\"https:\\\/\\\/managementdrives.com\\\/es\\\/#\\\/schema\\\/logo\\\/image\\\/\",\"url\":\"https:\\\/\\\/managementdrives.com\\\/wp-content\\\/uploads\\\/2022\\\/06\\\/Management-Drives-logo-lr.png\",\"contentUrl\":\"https:\\\/\\\/managementdrives.com\\\/wp-content\\\/uploads\\\/2022\\\/06\\\/Management-Drives-logo-lr.png\",\"width\":400,\"height\":315,\"caption\":\"Management Drives\"},\"image\":{\"@id\":\"https:\\\/\\\/managementdrives.com\\\/es\\\/#\\\/schema\\\/logo\\\/image\\\/\"},\"sameAs\":[\"https:\\\/\\\/www.linkedin.com\\\/company\\\/management-drives-holding-bv\\\/\"]}]}<\/script>\n<!-- \/ Yoast SEO plugin. -->","yoast_head_json":{"title":"Contacto Consultor\u00eda","description":"\u00bfQuieres empezar con la consultor\u00eda de Management Drives? D\u00e9 el primer paso y convierta el potencial en desempe\u00f1o. Cont\u00e1ctenos","robots":{"index":"index","follow":"follow","max-snippet":"max-snippet:-1","max-image-preview":"max-image-preview:large","max-video-preview":"max-video-preview:-1"},"canonical":"https:\/\/managementdrives.com\/es\/contacto\/contacto-consultoria\/","og_locale":"es_ES","og_type":"article","og_title":"Contacto Consultor\u00eda","og_description":"\u00bfQuieres empezar con la consultor\u00eda de Management Drives? D\u00e9 el primer paso y convierta el potencial en desempe\u00f1o. Cont\u00e1ctenos","og_url":"https:\/\/managementdrives.com\/es\/contacto\/contacto-consultoria\/","og_site_name":"Management Drives","article_modified_time":"2024-04-02T12:58:56+00:00","twitter_card":"summary_large_image","twitter_misc":{"Tiempo de lectura":"1 minuto"},"schema":{"@context":"https:\/\/schema.org","@graph":[{"@type":"WebPage","@id":"https:\/\/managementdrives.com\/es\/contacto\/contacto-consultoria\/","url":"https:\/\/managementdrives.com\/es\/contacto\/contacto-consultoria\/","name":"Contacto Consultor\u00eda","isPartOf":{"@id":"https:\/\/managementdrives.com\/es\/#website"},"datePublished":"2022-03-16T15:42:49+00:00","dateModified":"2024-04-02T12:58:56+00:00","description":"\u00bfQuieres empezar con la consultor\u00eda de Management Drives? D\u00e9 el primer paso y convierta el potencial en desempe\u00f1o. Cont\u00e1ctenos","breadcrumb":{"@id":"https:\/\/managementdrives.com\/es\/contacto\/contacto-consultoria\/#breadcrumb"},"inLanguage":"es","potentialAction":[{"@type":"ReadAction","target":["https:\/\/managementdrives.com\/es\/contacto\/contacto-consultoria\/"]}]},{"@type":"BreadcrumbList","@id":"https:\/\/managementdrives.com\/es\/contacto\/contacto-consultoria\/#breadcrumb","itemListElement":[{"@type":"ListItem","position":1,"name":"Home","item":"https:\/\/managementdrives.com\/es\/"},{"@type":"ListItem","position":2,"name":"Contacto","item":"https:\/\/managementdrives.com\/es\/contacto\/"},{"@type":"ListItem","position":3,"name":"Contacto Consultor\u00eda"}]},{"@type":"WebSite","@id":"https:\/\/managementdrives.com\/es\/#website","url":"https:\/\/managementdrives.com\/es\/","name":"Management Drives","description":"Turning potential into performance","publisher":{"@id":"https:\/\/managementdrives.com\/es\/#organization"},"potentialAction":[{"@type":"SearchAction","target":{"@type":"EntryPoint","urlTemplate":"https:\/\/managementdrives.com\/es\/?s={search_term_string}"},"query-input":{"@type":"PropertyValueSpecification","valueRequired":true,"valueName":"search_term_string"}}],"inLanguage":"es"},{"@type":"Organization","@id":"https:\/\/managementdrives.com\/es\/#organization","name":"Management Drives","url":"https:\/\/managementdrives.com\/es\/","logo":{"@type":"ImageObject","inLanguage":"es","@id":"https:\/\/managementdrives.com\/es\/#\/schema\/logo\/image\/","url":"https:\/\/managementdrives.com\/wp-content\/uploads\/2022\/06\/Management-Drives-logo-lr.png","contentUrl":"https:\/\/managementdrives.com\/wp-content\/uploads\/2022\/06\/Management-Drives-logo-lr.png","width":400,"height":315,"caption":"Management Drives"},"image":{"@id":"https:\/\/managementdrives.com\/es\/#\/schema\/logo\/image\/"},"sameAs":["https:\/\/www.linkedin.com\/company\/management-drives-holding-bv\/"]}]}},"_links":{"self":[{"href":"https:\/\/managementdrives.com\/es\/wp-json\/wp\/v2\/pages\/29385","targetHints":{"allow":["GET"]}}],"collection":[{"href":"https:\/\/managementdrives.com\/es\/wp-json\/wp\/v2\/pages"}],"about":[{"href":"https:\/\/managementdrives.com\/es\/wp-json\/wp\/v2\/types\/page"}],"author":[{"embeddable":true,"href":"https:\/\/managementdrives.com\/es\/wp-json\/wp\/v2\/users\/3384"}],"replies":[{"embeddable":true,"href":"https:\/\/managementdrives.com\/es\/wp-json\/wp\/v2\/comments?post=29385"}],"version-history":[{"count":4,"href":"https:\/\/managementdrives.com\/es\/wp-json\/wp\/v2\/pages\/29385\/revisions"}],"predecessor-version":[{"id":49529,"href":"https:\/\/managementdrives.com\/es\/wp-json\/wp\/v2\/pages\/29385\/revisions\/49529"}],"up":[{"embeddable":true,"href":"https:\/\/managementdrives.com\/es\/wp-json\/wp\/v2\/pages\/18161"}],"wp:attachment":[{"href":"https:\/\/managementdrives.com\/es\/wp-json\/wp\/v2\/media?parent=29385"}],"curies":[{"name":"wp","href":"https:\/\/api.w.org\/{rel}","templated":true}]}}