{"id":28951,"date":"2017-10-31T17:39:31","date_gmt":"2017-10-31T17:39:31","guid":{"rendered":"https:\/\/managementdrives.com\/management-drives\/"},"modified":"2023-12-13T14:08:32","modified_gmt":"2023-12-13T13:08:32","slug":"metodologia","status":"publish","type":"page","link":"https:\/\/managementdrives.com\/es\/metodologia\/","title":{"rendered":"Metodolog\u00eda"},"content":{"rendered":"","protected":false},"excerpt":{"rendered":"","protected":false},"author":3384,"featured_media":0,"parent":0,"menu_order":0,"comment_status":"closed","ping_status":"closed","template":"","meta":{"_acf_changed":false,"footnotes":""},"class_list":["post--28951","post--page","post--type-page","post--status-publish","post--hentry"],"acf":[],"yoast_head":"<!-- This site is optimized with the Yoast SEO plugin v27.3 - https:\/\/yoast.com\/product\/yoast-seo-wordpress\/ -->\n<title>Management Drives - Metodolog\u00eda<\/title>\n<meta name=\"description\" content=\"Con Management Drives obtendr\u00e1 una comprensi\u00f3n profunda de individuos, equipos y organizaciones. Pr\u00e1ctico sin excesiva simplificaci\u00f3n.\" \/>\n<meta name=\"robots\" content=\"index, follow, max-snippet:-1, max-image-preview:large, max-video-preview:-1\" \/>\n<link rel=\"canonical\" href=\"https:\/\/managementdrives.com\/es\/metodologia\/\" \/>\n<meta property=\"og:locale\" content=\"es_ES\" \/>\n<meta property=\"og:type\" content=\"article\" \/>\n<meta property=\"og:title\" content=\"Management Drives - Metodolog\u00eda\" \/>\n<meta property=\"og:description\" content=\"Con Management Drives obtendr\u00e1 una comprensi\u00f3n profunda de individuos, equipos y organizaciones. Pr\u00e1ctico sin excesiva simplificaci\u00f3n.\" \/>\n<meta property=\"og:url\" content=\"https:\/\/managementdrives.com\/es\/metodologia\/\" \/>\n<meta property=\"og:site_name\" content=\"Management Drives\" \/>\n<meta property=\"article:modified_time\" content=\"2023-12-13T13:08:32+00:00\" \/>\n<meta name=\"twitter:card\" content=\"summary_large_image\" \/>\n<script type=\"application\/ld+json\" class=\"yoast-schema-graph\">{\"@context\":\"https:\\\/\\\/schema.org\",\"@graph\":[{\"@type\":\"WebPage\",\"@id\":\"https:\\\/\\\/managementdrives.com\\\/es\\\/metodologia\\\/\",\"url\":\"https:\\\/\\\/managementdrives.com\\\/es\\\/metodologia\\\/\",\"name\":\"Management Drives - Metodolog\u00eda\",\"isPartOf\":{\"@id\":\"https:\\\/\\\/managementdrives.com\\\/es\\\/#website\"},\"datePublished\":\"2017-10-31T17:39:31+00:00\",\"dateModified\":\"2023-12-13T13:08:32+00:00\",\"description\":\"Con Management Drives obtendr\u00e1 una comprensi\u00f3n profunda de individuos, equipos y organizaciones. Pr\u00e1ctico sin excesiva simplificaci\u00f3n.\",\"breadcrumb\":{\"@id\":\"https:\\\/\\\/managementdrives.com\\\/es\\\/metodologia\\\/#breadcrumb\"},\"inLanguage\":\"es\",\"potentialAction\":[{\"@type\":\"ReadAction\",\"target\":[\"https:\\\/\\\/managementdrives.com\\\/es\\\/metodologia\\\/\"]}]},{\"@type\":\"BreadcrumbList\",\"@id\":\"https:\\\/\\\/managementdrives.com\\\/es\\\/metodologia\\\/#breadcrumb\",\"itemListElement\":[{\"@type\":\"ListItem\",\"position\":1,\"name\":\"Home\",\"item\":\"https:\\\/\\\/managementdrives.com\\\/es\\\/\"},{\"@type\":\"ListItem\",\"position\":2,\"name\":\"Metodolog\u00eda\"}]},{\"@type\":\"WebSite\",\"@id\":\"https:\\\/\\\/managementdrives.com\\\/es\\\/#website\",\"url\":\"https:\\\/\\\/managementdrives.com\\\/es\\\/\",\"name\":\"Management Drives\",\"description\":\"Turning potential into performance\",\"publisher\":{\"@id\":\"https:\\\/\\\/managementdrives.com\\\/es\\\/#organization\"},\"potentialAction\":[{\"@type\":\"SearchAction\",\"target\":{\"@type\":\"EntryPoint\",\"urlTemplate\":\"https:\\\/\\\/managementdrives.com\\\/es\\\/?s={search_term_string}\"},\"query-input\":{\"@type\":\"PropertyValueSpecification\",\"valueRequired\":true,\"valueName\":\"search_term_string\"}}],\"inLanguage\":\"es\"},{\"@type\":\"Organization\",\"@id\":\"https:\\\/\\\/managementdrives.com\\\/es\\\/#organization\",\"name\":\"Management Drives\",\"url\":\"https:\\\/\\\/managementdrives.com\\\/es\\\/\",\"logo\":{\"@type\":\"ImageObject\",\"inLanguage\":\"es\",\"@id\":\"https:\\\/\\\/managementdrives.com\\\/es\\\/#\\\/schema\\\/logo\\\/image\\\/\",\"url\":\"https:\\\/\\\/managementdrives.com\\\/wp-content\\\/uploads\\\/2022\\\/06\\\/Management-Drives-logo-lr.png\",\"contentUrl\":\"https:\\\/\\\/managementdrives.com\\\/wp-content\\\/uploads\\\/2022\\\/06\\\/Management-Drives-logo-lr.png\",\"width\":400,\"height\":315,\"caption\":\"Management Drives\"},\"image\":{\"@id\":\"https:\\\/\\\/managementdrives.com\\\/es\\\/#\\\/schema\\\/logo\\\/image\\\/\"},\"sameAs\":[\"https:\\\/\\\/www.linkedin.com\\\/company\\\/management-drives-holding-bv\\\/\"]}]}<\/script>\n<!-- \/ Yoast SEO plugin. -->","yoast_head_json":{"title":"Management Drives - Metodolog\u00eda","description":"Con Management Drives obtendr\u00e1 una comprensi\u00f3n profunda de individuos, equipos y organizaciones. Pr\u00e1ctico sin excesiva simplificaci\u00f3n.","robots":{"index":"index","follow":"follow","max-snippet":"max-snippet:-1","max-image-preview":"max-image-preview:large","max-video-preview":"max-video-preview:-1"},"canonical":"https:\/\/managementdrives.com\/es\/metodologia\/","og_locale":"es_ES","og_type":"article","og_title":"Management Drives - Metodolog\u00eda","og_description":"Con Management Drives obtendr\u00e1 una comprensi\u00f3n profunda de individuos, equipos y organizaciones. Pr\u00e1ctico sin excesiva simplificaci\u00f3n.","og_url":"https:\/\/managementdrives.com\/es\/metodologia\/","og_site_name":"Management Drives","article_modified_time":"2023-12-13T13:08:32+00:00","twitter_card":"summary_large_image","schema":{"@context":"https:\/\/schema.org","@graph":[{"@type":"WebPage","@id":"https:\/\/managementdrives.com\/es\/metodologia\/","url":"https:\/\/managementdrives.com\/es\/metodologia\/","name":"Management Drives - Metodolog\u00eda","isPartOf":{"@id":"https:\/\/managementdrives.com\/es\/#website"},"datePublished":"2017-10-31T17:39:31+00:00","dateModified":"2023-12-13T13:08:32+00:00","description":"Con Management Drives obtendr\u00e1 una comprensi\u00f3n profunda de individuos, equipos y organizaciones. Pr\u00e1ctico sin excesiva simplificaci\u00f3n.","breadcrumb":{"@id":"https:\/\/managementdrives.com\/es\/metodologia\/#breadcrumb"},"inLanguage":"es","potentialAction":[{"@type":"ReadAction","target":["https:\/\/managementdrives.com\/es\/metodologia\/"]}]},{"@type":"BreadcrumbList","@id":"https:\/\/managementdrives.com\/es\/metodologia\/#breadcrumb","itemListElement":[{"@type":"ListItem","position":1,"name":"Home","item":"https:\/\/managementdrives.com\/es\/"},{"@type":"ListItem","position":2,"name":"Metodolog\u00eda"}]},{"@type":"WebSite","@id":"https:\/\/managementdrives.com\/es\/#website","url":"https:\/\/managementdrives.com\/es\/","name":"Management Drives","description":"Turning potential into performance","publisher":{"@id":"https:\/\/managementdrives.com\/es\/#organization"},"potentialAction":[{"@type":"SearchAction","target":{"@type":"EntryPoint","urlTemplate":"https:\/\/managementdrives.com\/es\/?s={search_term_string}"},"query-input":{"@type":"PropertyValueSpecification","valueRequired":true,"valueName":"search_term_string"}}],"inLanguage":"es"},{"@type":"Organization","@id":"https:\/\/managementdrives.com\/es\/#organization","name":"Management Drives","url":"https:\/\/managementdrives.com\/es\/","logo":{"@type":"ImageObject","inLanguage":"es","@id":"https:\/\/managementdrives.com\/es\/#\/schema\/logo\/image\/","url":"https:\/\/managementdrives.com\/wp-content\/uploads\/2022\/06\/Management-Drives-logo-lr.png","contentUrl":"https:\/\/managementdrives.com\/wp-content\/uploads\/2022\/06\/Management-Drives-logo-lr.png","width":400,"height":315,"caption":"Management Drives"},"image":{"@id":"https:\/\/managementdrives.com\/es\/#\/schema\/logo\/image\/"},"sameAs":["https:\/\/www.linkedin.com\/company\/management-drives-holding-bv\/"]}]}},"_links":{"self":[{"href":"https:\/\/managementdrives.com\/es\/wp-json\/wp\/v2\/pages\/28951","targetHints":{"allow":["GET"]}}],"collection":[{"href":"https:\/\/managementdrives.com\/es\/wp-json\/wp\/v2\/pages"}],"about":[{"href":"https:\/\/managementdrives.com\/es\/wp-json\/wp\/v2\/types\/page"}],"author":[{"embeddable":true,"href":"https:\/\/managementdrives.com\/es\/wp-json\/wp\/v2\/users\/3384"}],"replies":[{"embeddable":true,"href":"https:\/\/managementdrives.com\/es\/wp-json\/wp\/v2\/comments?post=28951"}],"version-history":[{"count":5,"href":"https:\/\/managementdrives.com\/es\/wp-json\/wp\/v2\/pages\/28951\/revisions"}],"predecessor-version":[{"id":44355,"href":"https:\/\/managementdrives.com\/es\/wp-json\/wp\/v2\/pages\/28951\/revisions\/44355"}],"wp:attachment":[{"href":"https:\/\/managementdrives.com\/es\/wp-json\/wp\/v2\/media?parent=28951"}],"curies":[{"name":"wp","href":"https:\/\/api.w.org\/{rel}","templated":true}]}}