{"id":55129,"date":"2024-09-23T16:21:39","date_gmt":"2024-09-23T14:21:39","guid":{"rendered":"https:\/\/managementdrives.com\/fuehrungsstile\/nestor\/"},"modified":"2025-04-24T13:50:48","modified_gmt":"2025-04-24T11:50:48","slug":"nestor","status":"publish","type":"page","link":"https:\/\/managementdrives.com\/de\/fuehrungsstile\/nestor\/","title":{"rendered":"Nestor"},"content":{"rendered":"<p><img loading=\"lazy\" decoding=\"async\" class=\"wp-image-55096 alignright\" style=\"font-family: RobotoSlab-Regular; font-weight: 400; margin-top: -10px;\" src=\"https:\/\/managementdrives.com\/wp-content\/uploads\/2025\/04\/6-743x527.png\" alt=\"\" width=\"373\" height=\"264\" srcset=\"https:\/\/managementdrives.com\/wp-content\/uploads\/2025\/04\/6-743x527.png 743w, https:\/\/managementdrives.com\/wp-content\/uploads\/2025\/04\/6-1024x726.png 1024w, https:\/\/managementdrives.com\/wp-content\/uploads\/2025\/04\/6-768x545.png 768w, https:\/\/managementdrives.com\/wp-content\/uploads\/2025\/04\/6-1536x1090.png 1536w, https:\/\/managementdrives.com\/wp-content\/uploads\/2025\/04\/6-1280x908.png 1280w, https:\/\/managementdrives.com\/wp-content\/uploads\/2025\/04\/6-615x436.png 615w, https:\/\/managementdrives.com\/wp-content\/uploads\/2025\/04\/6.png 1748w\" sizes=\"auto, (max-width: 373px) 100vw, 373px\" \/><\/p>\n<p class=\"\" data-start=\"101\" data-end=\"498\">Der F\u00fchrungsstil \u201eNestor\u201c ist tief verwurzelt in Tradition, Verbundenheit und Weisheit. Dieser Stil, der vom violetten Antrieb von Management Drives getragen wird, legt den Fokus auf die Schaffung von Sicherheit, den Schutz von Werten und die St\u00e4rkung des Gemeinschaftsgef\u00fchls. Ein Nestor-F\u00fchrungstyp ist Mentor und Besch\u00fctzer zugleich, der in unsicheren Zeiten Ruhe und Orientierung bietet.<\/p>\n<h3 data-start=\"500\" data-end=\"867\">Was bedeutet der F\u00fchrungsstil Nestor?<\/h3>\n<p class=\"\" data-start=\"500\" data-end=\"867\">Der F\u00fchrungsstil Nestor dreht sich um Erfahrung, Authentizit\u00e4t und das Schaffen eines sicheren Umfelds. F\u00fchrungskr\u00e4fte mit diesem Stil sch\u00f6pfen aus der Weisheit der Vergangenheit und nutzen dieses Wissen, um der Gegenwart Orientierung zu geben. Sie sind der Grundpfeiler ihres Teams \u2013 verwurzelt in Tradition und Vertrauen.<\/p>\n<h3 data-start=\"869\" data-end=\"910\">Wichtige Merkmale des Nestor-Stils:<\/h3>\n<ul data-start=\"911\" data-end=\"1163\">\n<li class=\"\" data-start=\"911\" data-end=\"996\">\n<p class=\"\" data-start=\"913\" data-end=\"996\"><strong data-start=\"913\" data-end=\"931\">Verbundenheit:<\/strong> Schafft enge Bindungen innerhalb von Teams und Organisationen.<\/p>\n<\/li>\n<li class=\"\" data-start=\"997\" data-end=\"1084\">\n<p class=\"\" data-start=\"999\" data-end=\"1084\"><strong data-start=\"999\" data-end=\"1027\">Wahrung von Traditionen:<\/strong> Achtet darauf, dass Werte und Normen erhalten bleiben.<\/p>\n<\/li>\n<li class=\"\" data-start=\"1085\" data-end=\"1163\">\n<p class=\"\" data-start=\"1087\" data-end=\"1163\"><strong data-start=\"1087\" data-end=\"1104\">Mentorschaft:<\/strong> Inspiriert andere durch geteilte Erfahrungen und Weisheit.<\/p>\n<\/li>\n<\/ul>\n<p class=\"\" data-start=\"1165\" data-end=\"1291\">Dieser F\u00fchrungsstil wird h\u00e4ufig in Umfeldern eingesetzt, in denen Stabilit\u00e4t, Kontinuit\u00e4t und Identit\u00e4t im Mittelpunkt stehen.<\/p>\n<h3 data-start=\"1293\" data-end=\"1565\">Die Rolle des violetten Antriebs im Stil \u201eNestor\u201c<\/h3>\n<p class=\"\" data-start=\"1293\" data-end=\"1565\">Der violette Antrieb bildet das Herzst\u00fcck des Nestor-F\u00fchrungsstils. Violette F\u00fchrung basiert auf Loyalit\u00e4t und Zugeh\u00f6rigkeit. Sie bietet Stabilit\u00e4t und sch\u00fctzt gemeinsame Werte innerhalb von Organisationen und Teams.<\/p>\n<h3 data-start=\"1567\" data-end=\"1619\">Was macht violette F\u00fchrungskr\u00e4fte einzigartig?<\/h3>\n<ul data-start=\"1620\" data-end=\"1904\">\n<li class=\"\" data-start=\"1620\" data-end=\"1723\">\n<p class=\"\" data-start=\"1622\" data-end=\"1723\"><strong data-start=\"1622\" data-end=\"1648\">Respekt vor Tradition:<\/strong> Sie verstehen die Bedeutung von Herkunft und Ritualen in Organisationen.<\/p>\n<\/li>\n<li class=\"\" data-start=\"1724\" data-end=\"1819\">\n<p class=\"\" data-start=\"1726\" data-end=\"1819\"><strong data-start=\"1726\" data-end=\"1746\">Zuverl\u00e4ssigkeit:<\/strong> Sie sind stets f\u00fcr ihr Team da, was ein Gef\u00fchl von Sicherheit schafft.<\/p>\n<\/li>\n<li class=\"\" data-start=\"1820\" data-end=\"1904\">\n<p class=\"\" data-start=\"1822\" data-end=\"1904\"><strong data-start=\"1822\" data-end=\"1846\">Gemeinschaftsgef\u00fchl:<\/strong> Sie sehen ihr Team als Familie und streben nach Harmonie.<\/p>\n<\/li>\n<\/ul>\n<p class=\"\" data-start=\"1906\" data-end=\"2057\">Der Nestor-Stil findet sich oft in Familienunternehmen, sozialen Organisationen und anderen Umfeldern, in denen Vertrauen und Traditionen wichtig sind.<\/p>\n<h3 data-start=\"2059\" data-end=\"2167\">Wann ist der F\u00fchrungsstil Nestor besonders wirkungsvoll?<\/h3>\n<p class=\"\" data-start=\"2059\" data-end=\"2167\">Der Nestor-Stil ist besonders effektiv, wenn:<\/p>\n<ul data-start=\"2169\" data-end=\"2326\">\n<li class=\"\" data-start=\"2169\" data-end=\"2215\">\n<p class=\"\" data-start=\"2171\" data-end=\"2215\">Das Team Stabilit\u00e4t und Vertrauen braucht.<\/p>\n<\/li>\n<li class=\"\" data-start=\"2216\" data-end=\"2268\">\n<p class=\"\" data-start=\"2218\" data-end=\"2268\">Identit\u00e4t und Traditionen bewahrt werden m\u00fcssen.<\/p>\n<\/li>\n<li class=\"\" data-start=\"2269\" data-end=\"2326\">\n<p class=\"\" data-start=\"2271\" data-end=\"2326\">Ein Mentor ben\u00f6tigt wird, um neue Talente zu begleiten.<\/p>\n<\/li>\n<\/ul>\n<p class=\"\" data-start=\"2328\" data-end=\"2512\">Dieser Stil eignet sich ideal in Zeiten des Wandels, wenn eine starke Grundlage unerl\u00e4sslich ist \u2013 etwa bei Fusionen, Reorganisationen oder kulturellen Ver\u00e4nderungen in Organisationen.<\/p>\n<h3 data-start=\"2514\" data-end=\"2566\">St\u00e4rken und Fallstricke des F\u00fchrungsstils Nestor<\/h3>\n<p class=\"\" data-start=\"2568\" data-end=\"2599\"><strong data-start=\"2568\" data-end=\"2597\">Vorteile des Nestor-Stils<\/strong><\/p>\n<ul data-start=\"2600\" data-end=\"2844\">\n<li class=\"\" data-start=\"2600\" data-end=\"2683\">\n<p class=\"\" data-start=\"2602\" data-end=\"2683\"><strong data-start=\"2602\" data-end=\"2625\">Schafft Sicherheit:<\/strong> Teammitglieder f\u00fchlen sich gesch\u00fctzt und wertgesch\u00e4tzt.<\/p>\n<\/li>\n<li class=\"\" data-start=\"2684\" data-end=\"2771\">\n<p class=\"\" data-start=\"2686\" data-end=\"2771\"><strong data-start=\"2686\" data-end=\"2712\">Wahrung von Tradition:<\/strong> Stellt sicher, dass wichtige Werte nicht verloren gehen.<\/p>\n<\/li>\n<li class=\"\" data-start=\"2772\" data-end=\"2844\">\n<p class=\"\" data-start=\"2774\" data-end=\"2844\"><strong data-start=\"2774\" data-end=\"2791\">Mentorschaft:<\/strong> Inspiriert und begleitet mit Erfahrung und Weisheit.<\/p>\n<\/li>\n<\/ul>\n<p class=\"\" data-start=\"2846\" data-end=\"2886\"><strong data-start=\"2846\" data-end=\"2884\">Herausforderungen des Nestor-Stils<\/strong><\/p>\n<ul data-start=\"2887\" data-end=\"3118\">\n<li class=\"\" data-start=\"2887\" data-end=\"2974\">\n<p class=\"\" data-start=\"2889\" data-end=\"2974\"><strong data-start=\"2889\" data-end=\"2929\">Zu viel Fokus auf die Vergangenheit:<\/strong> Kann Innovation und Fortschritt behindern.<\/p>\n<\/li>\n<li class=\"\" data-start=\"2975\" data-end=\"3039\">\n<p class=\"\" data-start=\"2977\" data-end=\"3039\"><strong data-start=\"2977\" data-end=\"2994\">\u00dcberbeh\u00fctung:<\/strong> Teammitglieder k\u00f6nnten zu abh\u00e4ngig werden.<\/p>\n<\/li>\n<li class=\"\" data-start=\"3040\" data-end=\"3118\">\n<p class=\"\" data-start=\"3042\" data-end=\"3118\"><strong data-start=\"3042\" data-end=\"3069\">Begrenzte Flexibilit\u00e4t:<\/strong> Kann Ver\u00e4nderungen gegen\u00fcber zur\u00fcckhaltend sein.<\/p>\n<\/li>\n<\/ul>\n<h3 data-start=\"3120\" data-end=\"3361\">Nestor-F\u00fchrung in der Praxis: Beispiele und Tipps<\/h3>\n<p class=\"\" data-start=\"3120\" data-end=\"3361\">Der Nestor-Stil findet sich h\u00e4ufig in Organisationen mit starker Identit\u00e4t, wie Familienbetrieben oder sozialen Einrichtungen. Hier einige Tipps f\u00fcr den effektiven Einsatz dieses Stils:<\/p>\n<ul data-start=\"3363\" data-end=\"3645\">\n<li class=\"\" data-start=\"3363\" data-end=\"3464\">\n<p class=\"\" data-start=\"3365\" data-end=\"3464\"><strong data-start=\"3365\" data-end=\"3393\">Respektiere Traditionen:<\/strong> Nutze die Vergangenheit als Fundament, bleibe aber offen f\u00fcr Wandel.<\/p>\n<\/li>\n<li class=\"\" data-start=\"3465\" data-end=\"3550\">\n<p class=\"\" data-start=\"3467\" data-end=\"3550\"><strong data-start=\"3467\" data-end=\"3486\">Sei ein Mentor:<\/strong> Teile deine Erfahrung und Weisheit, um andere zu inspirieren.<\/p>\n<\/li>\n<li class=\"\" data-start=\"3551\" data-end=\"3645\">\n<p class=\"\" data-start=\"3553\" data-end=\"3645\"><strong data-start=\"3553\" data-end=\"3579\">F\u00f6rdere Verbundenheit:<\/strong> Schaffe ein Arbeitsumfeld, in dem sich alle wertgesch\u00e4tzt f\u00fchlen.<\/p>\n<\/li>\n<\/ul>\n<p class=\"\" data-start=\"3647\" data-end=\"3841\">Ein Praxisbeispiel f\u00fcr den Nestor-Stil findet sich in einem Sportteam, in dem ein erfahrener Coach die Teamwerte wahrt, Nachwuchstalente begleitet und gleichzeitig die Geschichte des Teams ehrt.<\/p>\n<h3 data-start=\"3843\" data-end=\"4038\">Wie violette F\u00fchrungskr\u00e4fte deine Organisation st\u00e4rken<\/h3>\n<p class=\"\" data-start=\"3843\" data-end=\"4038\">Der F\u00fchrungsstil Nestor ist ein kraftvolles Instrument f\u00fcr Organisationen, die auf Vertrauen und Stabilit\u00e4t bauen wollen. Dieser Stil:<\/p>\n<ul data-start=\"4040\" data-end=\"4157\">\n<li class=\"\" data-start=\"4040\" data-end=\"4069\">\n<p class=\"\" data-start=\"4042\" data-end=\"4069\">St\u00e4rkt die Teamloyalit\u00e4t.<\/p>\n<\/li>\n<li class=\"\" data-start=\"4070\" data-end=\"4112\">\n<p class=\"\" data-start=\"4072\" data-end=\"4112\">F\u00f6rdert eine enge Organisationskultur.<\/p>\n<\/li>\n<li class=\"\" data-start=\"4113\" data-end=\"4157\">\n<p class=\"\" data-start=\"4115\" data-end=\"4157\">Sichert Kontinuit\u00e4t in Zeiten des Wandels.<\/p>\n<\/li>\n<\/ul>\n<p class=\"\" data-start=\"4159\" data-end=\"4348\">Durch den gezielten Einsatz des violetten Antriebs k\u00f6nnen F\u00fchrungskr\u00e4fte die Identit\u00e4t ihrer Organisation bewahren und gleichzeitig eine stabile Grundlage f\u00fcr zuk\u00fcnftiges Wachstum schaffen.<\/p>\n<p class=\"\" data-start=\"4350\" data-end=\"4490\"><strong data-start=\"4350\" data-end=\"4405\">Entdecke deinen F\u00fchrungsstil mit Management Drives.<\/strong><br data-start=\"4405\" data-end=\"4408\" \/>Nimm Kontakt auf und erfahre, wie deine Antriebe deinen F\u00fchrungsstil beeinflussen.<\/p>\n","protected":false},"excerpt":{"rendered":"<p>Der F\u00fchrungsstil \u201eNestor\u201c ist tief verwurzelt in Tradition, Verbundenheit und Weisheit. Dieser Stil, der vom violetten Antrieb von Management Drives getragen wird, legt den Fokus auf die Schaffung von Sicherheit, den Schutz von Werten und die St\u00e4rkung des Gemeinschaftsgef\u00fchls. Ein Nestor-F\u00fchrungstyp ist Mentor und Besch\u00fctzer zugleich, der in unsicheren Zeiten Ruhe und Orientierung bietet. Was [&hellip;]<\/p>\n","protected":false},"author":3384,"featured_media":55096,"parent":55004,"menu_order":6,"comment_status":"closed","ping_status":"closed","template":"template-leadership-single.php","meta":{"_acf_changed":false,"footnotes":""},"class_list":["post--55129","post--page","post--type-page","post--status-publish","post--has-post-thumbnail","post--hentry"],"acf":[],"yoast_head":"<!-- This site is optimized with the Yoast SEO plugin v27.3 - https:\/\/yoast.com\/product\/yoast-seo-wordpress\/ -->\n<title>Nestor - Der violette F\u00fchrungsstil von Management Drives<\/title>\n<meta name=\"description\" content=\"Entdecke alles \u00fcber den violetten F\u00fchrungsstil \u201eNestor\u201c von Management Drives. Bist du der Nestor in deinem Team? Finde es jetzt heraus.\" \/>\n<meta name=\"robots\" content=\"index, follow, max-snippet:-1, max-image-preview:large, max-video-preview:-1\" \/>\n<link rel=\"canonical\" href=\"https:\/\/managementdrives.com\/de\/fuehrungsstile\/nestor\/\" \/>\n<meta property=\"og:locale\" content=\"de_DE\" \/>\n<meta property=\"og:type\" content=\"article\" \/>\n<meta property=\"og:title\" content=\"Nestor - De paarse leiderschapsstijl van Management Drives\" \/>\n<meta property=\"og:description\" content=\"Ontdek alles over de paarse leiderschapsstijl &#039;nestor&#039; van Management Drives. Ben jij een nestor voor jouw team? Kom er nu achter.\" \/>\n<meta property=\"og:url\" content=\"https:\/\/managementdrives.com\/de\/fuehrungsstile\/nestor\/\" \/>\n<meta property=\"og:site_name\" content=\"Management Drives\" \/>\n<meta property=\"article:modified_time\" content=\"2025-04-24T11:50:48+00:00\" \/>\n<meta property=\"og:image\" content=\"https:\/\/managementdrives.com\/wp-content\/uploads\/2025\/04\/6.png\" \/>\n\t<meta property=\"og:image:width\" content=\"1748\" \/>\n\t<meta property=\"og:image:height\" content=\"1240\" \/>\n\t<meta property=\"og:image:type\" content=\"image\/png\" \/>\n<meta name=\"twitter:card\" content=\"summary_large_image\" \/>\n<meta name=\"twitter:title\" content=\"Nestor - De paarse leiderschapsstijl van Management Drives\" \/>\n<meta name=\"twitter:description\" content=\"Ontdek alles over de paarse leiderschapsstijl &#039;nestor&#039; van Management Drives. Ben jij een nestor voor jouw team? Kom er nu achter.\" \/>\n<meta name=\"twitter:label1\" content=\"Gesch\u00e4tzte Lesezeit\" \/>\n\t<meta name=\"twitter:data1\" content=\"4\u00a0Minuten\" \/>\n<script type=\"application\/ld+json\" class=\"yoast-schema-graph\">{\"@context\":\"https:\\\/\\\/schema.org\",\"@graph\":[{\"@type\":\"WebPage\",\"@id\":\"https:\\\/\\\/managementdrives.com\\\/de\\\/fuehrungsstile\\\/nestor\\\/\",\"url\":\"https:\\\/\\\/managementdrives.com\\\/de\\\/fuehrungsstile\\\/nestor\\\/\",\"name\":\"Nestor - Der violette F\u00fchrungsstil von Management Drives\",\"isPartOf\":{\"@id\":\"https:\\\/\\\/managementdrives.com\\\/de\\\/#website\"},\"primaryImageOfPage\":{\"@id\":\"https:\\\/\\\/managementdrives.com\\\/de\\\/fuehrungsstile\\\/nestor\\\/#primaryimage\"},\"image\":{\"@id\":\"https:\\\/\\\/managementdrives.com\\\/de\\\/fuehrungsstile\\\/nestor\\\/#primaryimage\"},\"thumbnailUrl\":\"https:\\\/\\\/managementdrives.com\\\/wp-content\\\/uploads\\\/2025\\\/04\\\/6.png\",\"datePublished\":\"2024-09-23T14:21:39+00:00\",\"dateModified\":\"2025-04-24T11:50:48+00:00\",\"description\":\"Entdecke alles \u00fcber den violetten F\u00fchrungsstil \u201eNestor\u201c von Management Drives. Bist du der Nestor in deinem Team? Finde es jetzt heraus.\",\"breadcrumb\":{\"@id\":\"https:\\\/\\\/managementdrives.com\\\/de\\\/fuehrungsstile\\\/nestor\\\/#breadcrumb\"},\"inLanguage\":\"de\",\"potentialAction\":[{\"@type\":\"ReadAction\",\"target\":[\"https:\\\/\\\/managementdrives.com\\\/de\\\/fuehrungsstile\\\/nestor\\\/\"]}]},{\"@type\":\"ImageObject\",\"inLanguage\":\"de\",\"@id\":\"https:\\\/\\\/managementdrives.com\\\/de\\\/fuehrungsstile\\\/nestor\\\/#primaryimage\",\"url\":\"https:\\\/\\\/managementdrives.com\\\/wp-content\\\/uploads\\\/2025\\\/04\\\/6.png\",\"contentUrl\":\"https:\\\/\\\/managementdrives.com\\\/wp-content\\\/uploads\\\/2025\\\/04\\\/6.png\",\"width\":1748,\"height\":1240,\"caption\":\"Der violette F\u00fchrungsstil von Management Drives\"},{\"@type\":\"BreadcrumbList\",\"@id\":\"https:\\\/\\\/managementdrives.com\\\/de\\\/fuehrungsstile\\\/nestor\\\/#breadcrumb\",\"itemListElement\":[{\"@type\":\"ListItem\",\"position\":1,\"name\":\"Home\",\"item\":\"https:\\\/\\\/managementdrives.com\\\/de\\\/\"},{\"@type\":\"ListItem\",\"position\":2,\"name\":\"F\u00fchrungsstile\",\"item\":\"https:\\\/\\\/managementdrives.com\\\/de\\\/fuehrungsstile\\\/\"},{\"@type\":\"ListItem\",\"position\":3,\"name\":\"Nestor\"}]},{\"@type\":\"WebSite\",\"@id\":\"https:\\\/\\\/managementdrives.com\\\/de\\\/#website\",\"url\":\"https:\\\/\\\/managementdrives.com\\\/de\\\/\",\"name\":\"Management Drives\",\"description\":\"Turning potential into performance\",\"publisher\":{\"@id\":\"https:\\\/\\\/managementdrives.com\\\/de\\\/#organization\"},\"potentialAction\":[{\"@type\":\"SearchAction\",\"target\":{\"@type\":\"EntryPoint\",\"urlTemplate\":\"https:\\\/\\\/managementdrives.com\\\/de\\\/?s={search_term_string}\"},\"query-input\":{\"@type\":\"PropertyValueSpecification\",\"valueRequired\":true,\"valueName\":\"search_term_string\"}}],\"inLanguage\":\"de\"},{\"@type\":\"Organization\",\"@id\":\"https:\\\/\\\/managementdrives.com\\\/de\\\/#organization\",\"name\":\"Management Drives\",\"url\":\"https:\\\/\\\/managementdrives.com\\\/de\\\/\",\"logo\":{\"@type\":\"ImageObject\",\"inLanguage\":\"de\",\"@id\":\"https:\\\/\\\/managementdrives.com\\\/de\\\/#\\\/schema\\\/logo\\\/image\\\/\",\"url\":\"https:\\\/\\\/managementdrives.com\\\/wp-content\\\/uploads\\\/2022\\\/06\\\/Management-Drives-logo-lr.png\",\"contentUrl\":\"https:\\\/\\\/managementdrives.com\\\/wp-content\\\/uploads\\\/2022\\\/06\\\/Management-Drives-logo-lr.png\",\"width\":400,\"height\":315,\"caption\":\"Management Drives\"},\"image\":{\"@id\":\"https:\\\/\\\/managementdrives.com\\\/de\\\/#\\\/schema\\\/logo\\\/image\\\/\"},\"sameAs\":[\"https:\\\/\\\/www.linkedin.com\\\/company\\\/management-drives-holding-bv\\\/\"]}]}<\/script>\n<!-- \/ Yoast SEO plugin. -->","yoast_head_json":{"title":"Nestor - Der violette F\u00fchrungsstil von Management Drives","description":"Entdecke alles \u00fcber den violetten F\u00fchrungsstil \u201eNestor\u201c von Management Drives. Bist du der Nestor in deinem Team? Finde es jetzt heraus.","robots":{"index":"index","follow":"follow","max-snippet":"max-snippet:-1","max-image-preview":"max-image-preview:large","max-video-preview":"max-video-preview:-1"},"canonical":"https:\/\/managementdrives.com\/de\/fuehrungsstile\/nestor\/","og_locale":"de_DE","og_type":"article","og_title":"Nestor - De paarse leiderschapsstijl van Management Drives","og_description":"Ontdek alles over de paarse leiderschapsstijl 'nestor' van Management Drives. Ben jij een nestor voor jouw team? Kom er nu achter.","og_url":"https:\/\/managementdrives.com\/de\/fuehrungsstile\/nestor\/","og_site_name":"Management Drives","article_modified_time":"2025-04-24T11:50:48+00:00","og_image":[{"width":1748,"height":1240,"url":"https:\/\/managementdrives.com\/wp-content\/uploads\/2025\/04\/6.png","type":"image\/png"}],"twitter_card":"summary_large_image","twitter_title":"Nestor - De paarse leiderschapsstijl van Management Drives","twitter_description":"Ontdek alles over de paarse leiderschapsstijl 'nestor' van Management Drives. Ben jij een nestor voor jouw team? Kom er nu achter.","twitter_misc":{"Gesch\u00e4tzte Lesezeit":"4\u00a0Minuten"},"schema":{"@context":"https:\/\/schema.org","@graph":[{"@type":"WebPage","@id":"https:\/\/managementdrives.com\/de\/fuehrungsstile\/nestor\/","url":"https:\/\/managementdrives.com\/de\/fuehrungsstile\/nestor\/","name":"Nestor - Der violette F\u00fchrungsstil von Management Drives","isPartOf":{"@id":"https:\/\/managementdrives.com\/de\/#website"},"primaryImageOfPage":{"@id":"https:\/\/managementdrives.com\/de\/fuehrungsstile\/nestor\/#primaryimage"},"image":{"@id":"https:\/\/managementdrives.com\/de\/fuehrungsstile\/nestor\/#primaryimage"},"thumbnailUrl":"https:\/\/managementdrives.com\/wp-content\/uploads\/2025\/04\/6.png","datePublished":"2024-09-23T14:21:39+00:00","dateModified":"2025-04-24T11:50:48+00:00","description":"Entdecke alles \u00fcber den violetten F\u00fchrungsstil \u201eNestor\u201c von Management Drives. Bist du der Nestor in deinem Team? Finde es jetzt heraus.","breadcrumb":{"@id":"https:\/\/managementdrives.com\/de\/fuehrungsstile\/nestor\/#breadcrumb"},"inLanguage":"de","potentialAction":[{"@type":"ReadAction","target":["https:\/\/managementdrives.com\/de\/fuehrungsstile\/nestor\/"]}]},{"@type":"ImageObject","inLanguage":"de","@id":"https:\/\/managementdrives.com\/de\/fuehrungsstile\/nestor\/#primaryimage","url":"https:\/\/managementdrives.com\/wp-content\/uploads\/2025\/04\/6.png","contentUrl":"https:\/\/managementdrives.com\/wp-content\/uploads\/2025\/04\/6.png","width":1748,"height":1240,"caption":"Der violette F\u00fchrungsstil von Management Drives"},{"@type":"BreadcrumbList","@id":"https:\/\/managementdrives.com\/de\/fuehrungsstile\/nestor\/#breadcrumb","itemListElement":[{"@type":"ListItem","position":1,"name":"Home","item":"https:\/\/managementdrives.com\/de\/"},{"@type":"ListItem","position":2,"name":"F\u00fchrungsstile","item":"https:\/\/managementdrives.com\/de\/fuehrungsstile\/"},{"@type":"ListItem","position":3,"name":"Nestor"}]},{"@type":"WebSite","@id":"https:\/\/managementdrives.com\/de\/#website","url":"https:\/\/managementdrives.com\/de\/","name":"Management Drives","description":"Turning potential into performance","publisher":{"@id":"https:\/\/managementdrives.com\/de\/#organization"},"potentialAction":[{"@type":"SearchAction","target":{"@type":"EntryPoint","urlTemplate":"https:\/\/managementdrives.com\/de\/?s={search_term_string}"},"query-input":{"@type":"PropertyValueSpecification","valueRequired":true,"valueName":"search_term_string"}}],"inLanguage":"de"},{"@type":"Organization","@id":"https:\/\/managementdrives.com\/de\/#organization","name":"Management Drives","url":"https:\/\/managementdrives.com\/de\/","logo":{"@type":"ImageObject","inLanguage":"de","@id":"https:\/\/managementdrives.com\/de\/#\/schema\/logo\/image\/","url":"https:\/\/managementdrives.com\/wp-content\/uploads\/2022\/06\/Management-Drives-logo-lr.png","contentUrl":"https:\/\/managementdrives.com\/wp-content\/uploads\/2022\/06\/Management-Drives-logo-lr.png","width":400,"height":315,"caption":"Management Drives"},"image":{"@id":"https:\/\/managementdrives.com\/de\/#\/schema\/logo\/image\/"},"sameAs":["https:\/\/www.linkedin.com\/company\/management-drives-holding-bv\/"]}]}},"_links":{"self":[{"href":"https:\/\/managementdrives.com\/de\/wp-json\/wp\/v2\/pages\/55129","targetHints":{"allow":["GET"]}}],"collection":[{"href":"https:\/\/managementdrives.com\/de\/wp-json\/wp\/v2\/pages"}],"about":[{"href":"https:\/\/managementdrives.com\/de\/wp-json\/wp\/v2\/types\/page"}],"author":[{"embeddable":true,"href":"https:\/\/managementdrives.com\/de\/wp-json\/wp\/v2\/users\/3384"}],"replies":[{"embeddable":true,"href":"https:\/\/managementdrives.com\/de\/wp-json\/wp\/v2\/comments?post=55129"}],"version-history":[{"count":4,"href":"https:\/\/managementdrives.com\/de\/wp-json\/wp\/v2\/pages\/55129\/revisions"}],"predecessor-version":[{"id":55133,"href":"https:\/\/managementdrives.com\/de\/wp-json\/wp\/v2\/pages\/55129\/revisions\/55133"}],"up":[{"embeddable":true,"href":"https:\/\/managementdrives.com\/de\/wp-json\/wp\/v2\/pages\/55004"}],"wp:featuredmedia":[{"embeddable":true,"href":"https:\/\/managementdrives.com\/de\/wp-json\/wp\/v2\/media\/55096"}],"wp:attachment":[{"href":"https:\/\/managementdrives.com\/de\/wp-json\/wp\/v2\/media?parent=55129"}],"curies":[{"name":"wp","href":"https:\/\/api.w.org\/{rel}","templated":true}]}}