{"id":55125,"date":"2024-09-23T16:18:18","date_gmt":"2024-09-23T14:18:18","guid":{"rendered":"https:\/\/managementdrives.com\/fuehrungsstile\/autoriteit\/"},"modified":"2025-04-24T13:39:51","modified_gmt":"2025-04-24T11:39:51","slug":"autoritaet","status":"publish","type":"page","link":"https:\/\/managementdrives.com\/de\/fuehrungsstile\/autoritaet\/","title":{"rendered":"Autorit\u00e4t"},"content":{"rendered":"<p><img loading=\"lazy\" decoding=\"async\" class=\"alignright wp-image-55083\" style=\"font-family: RobotoSlab-Regular; font-weight: 400; margin-top: -10px;\" title=\"Autorit\u00e4t\" src=\"https:\/\/managementdrives.com\/wp-content\/uploads\/2025\/04\/5-743x527.png\" alt=\"\" width=\"282\" height=\"200\" srcset=\"https:\/\/managementdrives.com\/wp-content\/uploads\/2025\/04\/5-743x527.png 743w, https:\/\/managementdrives.com\/wp-content\/uploads\/2025\/04\/5-1024x726.png 1024w, https:\/\/managementdrives.com\/wp-content\/uploads\/2025\/04\/5-768x545.png 768w, https:\/\/managementdrives.com\/wp-content\/uploads\/2025\/04\/5-1536x1090.png 1536w, https:\/\/managementdrives.com\/wp-content\/uploads\/2025\/04\/5-1280x908.png 1280w, https:\/\/managementdrives.com\/wp-content\/uploads\/2025\/04\/5-615x436.png 615w, https:\/\/managementdrives.com\/wp-content\/uploads\/2025\/04\/5.png 1748w\" sizes=\"auto, (max-width: 282px) 100vw, 282px\" \/><\/p>\n<p class=\"\" data-start=\"78\" data-end=\"522\">Der F\u00fchrungsstil \u201eAutorit\u00e4t\u201c steht f\u00fcr Entschlossenheit, Fokus und Schnelligkeit. Innerhalb der Methodik von Management Drives wird dieser Stil prim\u00e4r durch den roten Antrieb gepr\u00e4gt. Rot steht f\u00fcr Aktion, Mut und den Schutz eigener Positionen und Ziele. F\u00fchrungskr\u00e4fte mit einem starken roten Antrieb verk\u00f6rpern diesen Stil, indem sie Klarheit schaffen, Entscheidungen treffen und Herausforderungen mit unvergleichlicher Energie angehen.<\/p>\n<h3 data-start=\"524\" data-end=\"964\">Was bedeutet der F\u00fchrungsstil \u201eAutorit\u00e4t\u201c?<\/h3>\n<p class=\"\" data-start=\"524\" data-end=\"964\">Der F\u00fchrungsstil \u201eAutorit\u00e4t\u201c basiert auf Eigenschaften, die aus dem roten Antrieb von Management Drives hervorgehen. Es ist ein Stil, bei dem Handeln und Entscheidungen im Mittelpunkt stehen. F\u00fchrungskr\u00e4fte, die diesen Stil anwenden, konzentrieren sich auf schnelle, konkrete Ergebnisse. Sie haben kein Bed\u00fcrfnis nach endlosen Diskussionen, sondern handeln nach dem, was jetzt notwendig ist.<\/p>\n<h3 data-start=\"966\" data-end=\"1029\">Kernwerte des roten Antriebs im autorit\u00e4ren F\u00fchrungsstil:<\/h3>\n<ul data-start=\"1030\" data-end=\"1276\">\n<li class=\"\" data-start=\"1030\" data-end=\"1102\">\n<p class=\"\" data-start=\"1032\" data-end=\"1102\"><strong data-start=\"1032\" data-end=\"1065\">Fokus auf das Hier und Jetzt:<\/strong> Probleme werden sofort angegangen.<\/p>\n<\/li>\n<li class=\"\" data-start=\"1103\" data-end=\"1205\">\n<p class=\"\" data-start=\"1105\" data-end=\"1205\"><strong data-start=\"1105\" data-end=\"1144\">Schnelligkeit und Entschlossenheit:<\/strong> Entscheidungen werden ohne unn\u00f6tige Verz\u00f6gerung getroffen.<\/p>\n<\/li>\n<li class=\"\" data-start=\"1206\" data-end=\"1276\">\n<p class=\"\" data-start=\"1208\" data-end=\"1276\"><strong data-start=\"1208\" data-end=\"1232\">Instinktives F\u00fchren:<\/strong> Handeln aus Intuition und Erfahrung heraus.<\/p>\n<\/li>\n<\/ul>\n<h3 data-start=\"1278\" data-end=\"1473\">Die Rolle des roten Antriebs im autorit\u00e4ren F\u00fchrungsstil<\/h3>\n<p class=\"\" data-start=\"1278\" data-end=\"1473\">Der rote Antrieb spielt eine entscheidende Rolle f\u00fcr die Wirksamkeit autorit\u00e4rer F\u00fchrung. Rot bringt einen F\u00fchrungsstil hervor, der:<\/p>\n<ul data-start=\"1475\" data-end=\"1700\">\n<li class=\"\" data-start=\"1475\" data-end=\"1540\">\n<p class=\"\" data-start=\"1477\" data-end=\"1540\"><strong data-start=\"1477\" data-end=\"1496\">Direkt und klar<\/strong> ist: Jeder wei\u00df genau, was erwartet wird.<\/p>\n<\/li>\n<li class=\"\" data-start=\"1541\" data-end=\"1614\">\n<p class=\"\" data-start=\"1543\" data-end=\"1614\"><strong data-start=\"1543\" data-end=\"1561\">Grenzen wahrt:<\/strong> Sowohl f\u00fcr das Team als auch f\u00fcr die Organisation.<\/p>\n<\/li>\n<li class=\"\" data-start=\"1615\" data-end=\"1700\">\n<p class=\"\" data-start=\"1617\" data-end=\"1700\"><strong data-start=\"1617\" data-end=\"1638\">Schnell reagiert:<\/strong> Entscheidungen werden instinktiv und zielgerichtet getroffen.<\/p>\n<\/li>\n<\/ul>\n<p class=\"\" data-start=\"1702\" data-end=\"1959\">Diese Eigenschaften machen den F\u00fchrungsstil \u201eAutorit\u00e4t\u201c ideal f\u00fcr Umfelder, in denen Schnelligkeit, Entscheidungsfreude und das Sch\u00fctzen von Interessen im Mittelpunkt stehen \u2013 z.\u202fB. im Krisenmanagement oder bei Situationen, die sofortiges Handeln erfordern.<\/p>\n<h3 data-start=\"1961\" data-end=\"2104\">Wann funktioniert autorit\u00e4re F\u00fchrung am besten?<\/h3>\n<p data-start=\"1961\" data-end=\"2104\">Autorit\u00e4re F\u00fchrung, getragen vom roten Antrieb, wirkt besonders in Situationen, in denen:<\/p>\n<ul data-start=\"2106\" data-end=\"2216\">\n<li class=\"\" data-start=\"2106\" data-end=\"2132\">\n<p class=\"\" data-start=\"2108\" data-end=\"2132\">Zeit entscheidend ist.<\/p>\n<\/li>\n<li class=\"\" data-start=\"2133\" data-end=\"2175\">\n<p class=\"\" data-start=\"2135\" data-end=\"2175\">Struktur und Ordnung gebraucht werden.<\/p>\n<\/li>\n<li class=\"\" data-start=\"2176\" data-end=\"2216\">\n<p class=\"\" data-start=\"2178\" data-end=\"2216\">Teammitglieder Orientierung ben\u00f6tigen.<\/p>\n<\/li>\n<\/ul>\n<p class=\"\" data-start=\"2218\" data-end=\"2420\">In solchen Kontexten wird der rote Antrieb zur Kraftquelle, die es der F\u00fchrungskraft erm\u00f6glicht, schnell zu handeln, Klarheit zu schaffen und das Team sicher durch herausfordernde Situationen zu f\u00fchren.<\/p>\n<h3 data-start=\"2422\" data-end=\"2476\">Vorteile und Herausforderungen autorit\u00e4rer F\u00fchrung<\/h3>\n<p class=\"\" data-start=\"2478\" data-end=\"2619\">Wie bei jedem F\u00fchrungsstil gibt es auch hier Vor- und Nachteile. Der rote Antrieb bringt sowohl St\u00e4rke als auch potenzielle Risiken mit sich.<\/p>\n<p class=\"\" data-start=\"2621\" data-end=\"2636\"><strong data-start=\"2621\" data-end=\"2634\">Vorteile:<\/strong><\/p>\n<ul data-start=\"2637\" data-end=\"2852\">\n<li class=\"\" data-start=\"2637\" data-end=\"2699\">\n<p class=\"\" data-start=\"2639\" data-end=\"2699\"><strong data-start=\"2639\" data-end=\"2657\">Schnelligkeit:<\/strong> Entscheidungen werden sofort getroffen.<\/p>\n<\/li>\n<li class=\"\" data-start=\"2700\" data-end=\"2759\">\n<p class=\"\" data-start=\"2702\" data-end=\"2759\"><strong data-start=\"2702\" data-end=\"2715\">Klarheit:<\/strong> Alle wissen, was von ihnen erwartet wird.<\/p>\n<\/li>\n<li class=\"\" data-start=\"2760\" data-end=\"2852\">\n<p class=\"\" data-start=\"2762\" data-end=\"2852\"><strong data-start=\"2762\" data-end=\"2783\">Starke Kontrolle:<\/strong> F\u00fchrungskr\u00e4fte behalten Ziele im Blick und halten das Team auf Kurs.<\/p>\n<\/li>\n<\/ul>\n<p class=\"\" data-start=\"2854\" data-end=\"2878\"><strong data-start=\"2854\" data-end=\"2876\">Herausforderungen:<\/strong><\/p>\n<ul data-start=\"2879\" data-end=\"3146\">\n<li class=\"\" data-start=\"2879\" data-end=\"2968\">\n<p class=\"\" data-start=\"2881\" data-end=\"2968\"><strong data-start=\"2881\" data-end=\"2894\">Dominanz:<\/strong> Zu viel Kontrolle kann Kreativit\u00e4t und Eigenverantwortung einschr\u00e4nken.<\/p>\n<\/li>\n<li class=\"\" data-start=\"2969\" data-end=\"3033\">\n<p class=\"\" data-start=\"2971\" data-end=\"3033\"><strong data-start=\"2971\" data-end=\"2993\">Konfliktpotenzial:<\/strong> Es kann zu Spannungen im Team kommen.<\/p>\n<\/li>\n<li class=\"\" data-start=\"3034\" data-end=\"3146\">\n<p class=\"\" data-start=\"3036\" data-end=\"3146\"><strong data-start=\"3036\" data-end=\"3065\">Kurzfristige Ausrichtung:<\/strong> Der Fokus auf sofortige Ergebnisse kann langfristige Strategien vernachl\u00e4ssigen.<\/p>\n<\/li>\n<\/ul>\n<h3 data-start=\"3148\" data-end=\"3453\">Autorit\u00e4t und der rote Antrieb in der Praxis<\/h3>\n<p class=\"\" data-start=\"3148\" data-end=\"3453\">Ein gutes Beispiel f\u00fcr autorit\u00e4re F\u00fchrung und den roten Antrieb findet sich im Sport. Trainer mit einer roten Pr\u00e4ferenz geben klare Anweisungen und betonen Disziplin und Respekt. Sie fordern Ergebnisse und greifen sofort ein, wenn die Leistung nachl\u00e4sst.<\/p>\n<h3 data-start=\"3455\" data-end=\"3521\">Tipps f\u00fcr den wirkungsvollen Einsatz von Rot in der F\u00fchrung:<\/h3>\n<ul data-start=\"3522\" data-end=\"3806\">\n<li class=\"\" data-start=\"3522\" data-end=\"3583\">\n<p class=\"\" data-start=\"3524\" data-end=\"3583\"><strong data-start=\"3524\" data-end=\"3546\">Kommuniziere klar:<\/strong> Setze klare Ziele und Erwartungen.<\/p>\n<\/li>\n<li class=\"\" data-start=\"3584\" data-end=\"3684\">\n<p class=\"\" data-start=\"3586\" data-end=\"3684\"><strong data-start=\"3586\" data-end=\"3609\">Bleibe respektvoll:<\/strong> Balance ist entscheidend \u2013 starke F\u00fchrung erkennt den Wert des Teams an.<\/p>\n<\/li>\n<li class=\"\" data-start=\"3685\" data-end=\"3806\">\n<p class=\"\" data-start=\"3687\" data-end=\"3806\"><strong data-start=\"3687\" data-end=\"3724\">Behalte das gro\u00dfe Ganze im Blick:<\/strong> Nutze die rote Energie nicht nur f\u00fcr Tempo, sondern auch f\u00fcr nachhaltige Wirkung.<\/p>\n<\/li>\n<\/ul>\n<h3 data-start=\"3808\" data-end=\"4025\">Die Kraft der roten Autorit\u00e4t in deiner Organisation<\/h3>\n<p class=\"\" data-start=\"3808\" data-end=\"4025\">Der F\u00fchrungsstil \u201eAutorit\u00e4t\u201c, angetrieben vom roten Antrieb, st\u00e4rkt Organisationen, die in wettbewerbsintensiven und dynamischen Umfeldern agieren. Er bietet:<\/p>\n<ul data-start=\"4027\" data-end=\"4273\">\n<li class=\"\" data-start=\"4027\" data-end=\"4101\">\n<p class=\"\" data-start=\"4029\" data-end=\"4101\"><strong data-start=\"4029\" data-end=\"4053\">Schnelle Ergebnisse:<\/strong> Sofortiges Handeln in kritischen Situationen.<\/p>\n<\/li>\n<li class=\"\" data-start=\"4102\" data-end=\"4187\">\n<p class=\"\" data-start=\"4104\" data-end=\"4187\"><strong data-start=\"4104\" data-end=\"4129\">Starke Teamdisziplin:<\/strong> F\u00fchrungskr\u00e4fte bewachen Ziele und Verantwortlichkeiten.<\/p>\n<\/li>\n<li class=\"\" data-start=\"4188\" data-end=\"4273\">\n<p class=\"\" data-start=\"4190\" data-end=\"4273\"><strong data-start=\"4190\" data-end=\"4216\">Zielgerichteten Fokus:<\/strong> Die rote Energie ist immer auf Fortschritt ausgerichtet.<\/p>\n<\/li>\n<\/ul>\n<p class=\"\" data-start=\"4275\" data-end=\"4446\">Mit einem fundierten Verst\u00e4ndnis des roten Antriebs k\u00f6nnen F\u00fchrungskr\u00e4fte autorit\u00e4re F\u00fchrung strategisch einsetzen, um ihr Team und ihre Organisation zum Erfolg zu f\u00fchren.<\/p>\n<p class=\"\" data-start=\"4448\" data-end=\"4680\"><strong data-start=\"4448\" data-end=\"4526\">M\u00f6chtest du herausfinden, wie dein F\u00fchrungsstil zu deinen Antrieben passt?<\/strong><br data-start=\"4526\" data-end=\"4529\" \/>Management Drives bietet dir Einblick in dein pers\u00f6nliches Profil und unterst\u00fctzt dich dabei, als F\u00fchrungskraft zu wachsen. Kontaktiere uns noch heute!<\/p>\n","protected":false},"excerpt":{"rendered":"<p>Der F\u00fchrungsstil \u201eAutorit\u00e4t\u201c steht f\u00fcr Entschlossenheit, Fokus und Schnelligkeit. Innerhalb der Methodik von Management Drives wird dieser Stil prim\u00e4r durch den roten Antrieb gepr\u00e4gt. Rot steht f\u00fcr Aktion, Mut und den Schutz eigener Positionen und Ziele. F\u00fchrungskr\u00e4fte mit einem starken roten Antrieb verk\u00f6rpern diesen Stil, indem sie Klarheit schaffen, Entscheidungen treffen und Herausforderungen mit unvergleichlicher [&hellip;]<\/p>\n","protected":false},"author":3384,"featured_media":55083,"parent":55004,"menu_order":5,"comment_status":"closed","ping_status":"closed","template":"template-leadership-single.php","meta":{"_acf_changed":false,"footnotes":""},"class_list":["post--55125","post--page","post--type-page","post--status-publish","post--has-post-thumbnail","post--hentry"],"acf":[],"yoast_head":"<!-- This site is optimized with the Yoast SEO plugin v27.3 - https:\/\/yoast.com\/product\/yoast-seo-wordpress\/ -->\n<title>Autorit\u00e4t - Der rote F\u00fchrungsstil von Management Drives<\/title>\n<meta name=\"description\" content=\"Entdecke alles \u00fcber den roten F\u00fchrungsstil \u201eAutorit\u00e4t\u201c von Management Drives. Bist du eine autorit\u00e4re F\u00fchrungskraft? Finde es jetzt heraus.\" \/>\n<meta name=\"robots\" content=\"index, follow, max-snippet:-1, max-image-preview:large, max-video-preview:-1\" \/>\n<link rel=\"canonical\" href=\"https:\/\/managementdrives.com\/de\/fuehrungsstile\/autoritaet\/\" \/>\n<meta property=\"og:locale\" content=\"de_DE\" \/>\n<meta property=\"og:type\" content=\"article\" \/>\n<meta property=\"og:title\" content=\"Autorit\u00e4t - De rode leiderschapsstijl van Management Drives\" \/>\n<meta property=\"og:description\" content=\"Ontdek alles over de rode leiderschapsstijl &#039;Autoriteit&#039; van Management Drives. Ben jij een autoritair leider? Kom er nu achter.\" \/>\n<meta property=\"og:url\" content=\"https:\/\/managementdrives.com\/de\/fuehrungsstile\/autoritaet\/\" \/>\n<meta property=\"og:site_name\" content=\"Management Drives\" \/>\n<meta property=\"article:modified_time\" content=\"2025-04-24T11:39:51+00:00\" \/>\n<meta property=\"og:image\" content=\"https:\/\/managementdrives.com\/wp-content\/uploads\/2025\/04\/5.png\" \/>\n\t<meta property=\"og:image:width\" content=\"1748\" \/>\n\t<meta property=\"og:image:height\" content=\"1240\" \/>\n\t<meta property=\"og:image:type\" content=\"image\/png\" \/>\n<meta name=\"twitter:card\" content=\"summary_large_image\" \/>\n<meta name=\"twitter:title\" content=\"Autorit\u00e4t - De rode leiderschapsstijl van Management Drives\" \/>\n<meta name=\"twitter:description\" content=\"Ontdek alles over de rode leiderschapsstijl &#039;Autoriteit&#039; van Management Drives. Ben jij een autoritair leider? Kom er nu achter.\" \/>\n<meta name=\"twitter:label1\" content=\"Gesch\u00e4tzte Lesezeit\" \/>\n\t<meta name=\"twitter:data1\" content=\"4\u00a0Minuten\" \/>\n<script type=\"application\/ld+json\" class=\"yoast-schema-graph\">{\"@context\":\"https:\\\/\\\/schema.org\",\"@graph\":[{\"@type\":\"WebPage\",\"@id\":\"https:\\\/\\\/managementdrives.com\\\/de\\\/fuehrungsstile\\\/autoritaet\\\/\",\"url\":\"https:\\\/\\\/managementdrives.com\\\/de\\\/fuehrungsstile\\\/autoritaet\\\/\",\"name\":\"Autorit\u00e4t - Der rote F\u00fchrungsstil von Management Drives\",\"isPartOf\":{\"@id\":\"https:\\\/\\\/managementdrives.com\\\/de\\\/#website\"},\"primaryImageOfPage\":{\"@id\":\"https:\\\/\\\/managementdrives.com\\\/de\\\/fuehrungsstile\\\/autoritaet\\\/#primaryimage\"},\"image\":{\"@id\":\"https:\\\/\\\/managementdrives.com\\\/de\\\/fuehrungsstile\\\/autoritaet\\\/#primaryimage\"},\"thumbnailUrl\":\"https:\\\/\\\/managementdrives.com\\\/wp-content\\\/uploads\\\/2025\\\/04\\\/5.png\",\"datePublished\":\"2024-09-23T14:18:18+00:00\",\"dateModified\":\"2025-04-24T11:39:51+00:00\",\"description\":\"Entdecke alles \u00fcber den roten F\u00fchrungsstil \u201eAutorit\u00e4t\u201c von Management Drives. Bist du eine autorit\u00e4re F\u00fchrungskraft? Finde es jetzt heraus.\",\"breadcrumb\":{\"@id\":\"https:\\\/\\\/managementdrives.com\\\/de\\\/fuehrungsstile\\\/autoritaet\\\/#breadcrumb\"},\"inLanguage\":\"de\",\"potentialAction\":[{\"@type\":\"ReadAction\",\"target\":[\"https:\\\/\\\/managementdrives.com\\\/de\\\/fuehrungsstile\\\/autoritaet\\\/\"]}]},{\"@type\":\"ImageObject\",\"inLanguage\":\"de\",\"@id\":\"https:\\\/\\\/managementdrives.com\\\/de\\\/fuehrungsstile\\\/autoritaet\\\/#primaryimage\",\"url\":\"https:\\\/\\\/managementdrives.com\\\/wp-content\\\/uploads\\\/2025\\\/04\\\/5.png\",\"contentUrl\":\"https:\\\/\\\/managementdrives.com\\\/wp-content\\\/uploads\\\/2025\\\/04\\\/5.png\",\"width\":1748,\"height\":1240,\"caption\":\"Der rote F\u00fchrungsstil von Management Drives\"},{\"@type\":\"BreadcrumbList\",\"@id\":\"https:\\\/\\\/managementdrives.com\\\/de\\\/fuehrungsstile\\\/autoritaet\\\/#breadcrumb\",\"itemListElement\":[{\"@type\":\"ListItem\",\"position\":1,\"name\":\"Home\",\"item\":\"https:\\\/\\\/managementdrives.com\\\/de\\\/\"},{\"@type\":\"ListItem\",\"position\":2,\"name\":\"F\u00fchrungsstile\",\"item\":\"https:\\\/\\\/managementdrives.com\\\/de\\\/fuehrungsstile\\\/\"},{\"@type\":\"ListItem\",\"position\":3,\"name\":\"Autorit\u00e4t\"}]},{\"@type\":\"WebSite\",\"@id\":\"https:\\\/\\\/managementdrives.com\\\/de\\\/#website\",\"url\":\"https:\\\/\\\/managementdrives.com\\\/de\\\/\",\"name\":\"Management Drives\",\"description\":\"Turning potential into performance\",\"publisher\":{\"@id\":\"https:\\\/\\\/managementdrives.com\\\/de\\\/#organization\"},\"potentialAction\":[{\"@type\":\"SearchAction\",\"target\":{\"@type\":\"EntryPoint\",\"urlTemplate\":\"https:\\\/\\\/managementdrives.com\\\/de\\\/?s={search_term_string}\"},\"query-input\":{\"@type\":\"PropertyValueSpecification\",\"valueRequired\":true,\"valueName\":\"search_term_string\"}}],\"inLanguage\":\"de\"},{\"@type\":\"Organization\",\"@id\":\"https:\\\/\\\/managementdrives.com\\\/de\\\/#organization\",\"name\":\"Management Drives\",\"url\":\"https:\\\/\\\/managementdrives.com\\\/de\\\/\",\"logo\":{\"@type\":\"ImageObject\",\"inLanguage\":\"de\",\"@id\":\"https:\\\/\\\/managementdrives.com\\\/de\\\/#\\\/schema\\\/logo\\\/image\\\/\",\"url\":\"https:\\\/\\\/managementdrives.com\\\/wp-content\\\/uploads\\\/2022\\\/06\\\/Management-Drives-logo-lr.png\",\"contentUrl\":\"https:\\\/\\\/managementdrives.com\\\/wp-content\\\/uploads\\\/2022\\\/06\\\/Management-Drives-logo-lr.png\",\"width\":400,\"height\":315,\"caption\":\"Management Drives\"},\"image\":{\"@id\":\"https:\\\/\\\/managementdrives.com\\\/de\\\/#\\\/schema\\\/logo\\\/image\\\/\"},\"sameAs\":[\"https:\\\/\\\/www.linkedin.com\\\/company\\\/management-drives-holding-bv\\\/\"]}]}<\/script>\n<!-- \/ Yoast SEO plugin. -->","yoast_head_json":{"title":"Autorit\u00e4t - Der rote F\u00fchrungsstil von Management Drives","description":"Entdecke alles \u00fcber den roten F\u00fchrungsstil \u201eAutorit\u00e4t\u201c von Management Drives. Bist du eine autorit\u00e4re F\u00fchrungskraft? Finde es jetzt heraus.","robots":{"index":"index","follow":"follow","max-snippet":"max-snippet:-1","max-image-preview":"max-image-preview:large","max-video-preview":"max-video-preview:-1"},"canonical":"https:\/\/managementdrives.com\/de\/fuehrungsstile\/autoritaet\/","og_locale":"de_DE","og_type":"article","og_title":"Autorit\u00e4t - De rode leiderschapsstijl van Management Drives","og_description":"Ontdek alles over de rode leiderschapsstijl 'Autoriteit' van Management Drives. Ben jij een autoritair leider? Kom er nu achter.","og_url":"https:\/\/managementdrives.com\/de\/fuehrungsstile\/autoritaet\/","og_site_name":"Management Drives","article_modified_time":"2025-04-24T11:39:51+00:00","og_image":[{"width":1748,"height":1240,"url":"https:\/\/managementdrives.com\/wp-content\/uploads\/2025\/04\/5.png","type":"image\/png"}],"twitter_card":"summary_large_image","twitter_title":"Autorit\u00e4t - De rode leiderschapsstijl van Management Drives","twitter_description":"Ontdek alles over de rode leiderschapsstijl 'Autoriteit' van Management Drives. Ben jij een autoritair leider? Kom er nu achter.","twitter_misc":{"Gesch\u00e4tzte Lesezeit":"4\u00a0Minuten"},"schema":{"@context":"https:\/\/schema.org","@graph":[{"@type":"WebPage","@id":"https:\/\/managementdrives.com\/de\/fuehrungsstile\/autoritaet\/","url":"https:\/\/managementdrives.com\/de\/fuehrungsstile\/autoritaet\/","name":"Autorit\u00e4t - Der rote F\u00fchrungsstil von Management Drives","isPartOf":{"@id":"https:\/\/managementdrives.com\/de\/#website"},"primaryImageOfPage":{"@id":"https:\/\/managementdrives.com\/de\/fuehrungsstile\/autoritaet\/#primaryimage"},"image":{"@id":"https:\/\/managementdrives.com\/de\/fuehrungsstile\/autoritaet\/#primaryimage"},"thumbnailUrl":"https:\/\/managementdrives.com\/wp-content\/uploads\/2025\/04\/5.png","datePublished":"2024-09-23T14:18:18+00:00","dateModified":"2025-04-24T11:39:51+00:00","description":"Entdecke alles \u00fcber den roten F\u00fchrungsstil \u201eAutorit\u00e4t\u201c von Management Drives. Bist du eine autorit\u00e4re F\u00fchrungskraft? Finde es jetzt heraus.","breadcrumb":{"@id":"https:\/\/managementdrives.com\/de\/fuehrungsstile\/autoritaet\/#breadcrumb"},"inLanguage":"de","potentialAction":[{"@type":"ReadAction","target":["https:\/\/managementdrives.com\/de\/fuehrungsstile\/autoritaet\/"]}]},{"@type":"ImageObject","inLanguage":"de","@id":"https:\/\/managementdrives.com\/de\/fuehrungsstile\/autoritaet\/#primaryimage","url":"https:\/\/managementdrives.com\/wp-content\/uploads\/2025\/04\/5.png","contentUrl":"https:\/\/managementdrives.com\/wp-content\/uploads\/2025\/04\/5.png","width":1748,"height":1240,"caption":"Der rote F\u00fchrungsstil von Management Drives"},{"@type":"BreadcrumbList","@id":"https:\/\/managementdrives.com\/de\/fuehrungsstile\/autoritaet\/#breadcrumb","itemListElement":[{"@type":"ListItem","position":1,"name":"Home","item":"https:\/\/managementdrives.com\/de\/"},{"@type":"ListItem","position":2,"name":"F\u00fchrungsstile","item":"https:\/\/managementdrives.com\/de\/fuehrungsstile\/"},{"@type":"ListItem","position":3,"name":"Autorit\u00e4t"}]},{"@type":"WebSite","@id":"https:\/\/managementdrives.com\/de\/#website","url":"https:\/\/managementdrives.com\/de\/","name":"Management Drives","description":"Turning potential into performance","publisher":{"@id":"https:\/\/managementdrives.com\/de\/#organization"},"potentialAction":[{"@type":"SearchAction","target":{"@type":"EntryPoint","urlTemplate":"https:\/\/managementdrives.com\/de\/?s={search_term_string}"},"query-input":{"@type":"PropertyValueSpecification","valueRequired":true,"valueName":"search_term_string"}}],"inLanguage":"de"},{"@type":"Organization","@id":"https:\/\/managementdrives.com\/de\/#organization","name":"Management Drives","url":"https:\/\/managementdrives.com\/de\/","logo":{"@type":"ImageObject","inLanguage":"de","@id":"https:\/\/managementdrives.com\/de\/#\/schema\/logo\/image\/","url":"https:\/\/managementdrives.com\/wp-content\/uploads\/2022\/06\/Management-Drives-logo-lr.png","contentUrl":"https:\/\/managementdrives.com\/wp-content\/uploads\/2022\/06\/Management-Drives-logo-lr.png","width":400,"height":315,"caption":"Management Drives"},"image":{"@id":"https:\/\/managementdrives.com\/de\/#\/schema\/logo\/image\/"},"sameAs":["https:\/\/www.linkedin.com\/company\/management-drives-holding-bv\/"]}]}},"_links":{"self":[{"href":"https:\/\/managementdrives.com\/de\/wp-json\/wp\/v2\/pages\/55125","targetHints":{"allow":["GET"]}}],"collection":[{"href":"https:\/\/managementdrives.com\/de\/wp-json\/wp\/v2\/pages"}],"about":[{"href":"https:\/\/managementdrives.com\/de\/wp-json\/wp\/v2\/types\/page"}],"author":[{"embeddable":true,"href":"https:\/\/managementdrives.com\/de\/wp-json\/wp\/v2\/users\/3384"}],"replies":[{"embeddable":true,"href":"https:\/\/managementdrives.com\/de\/wp-json\/wp\/v2\/comments?post=55125"}],"version-history":[{"count":3,"href":"https:\/\/managementdrives.com\/de\/wp-json\/wp\/v2\/pages\/55125\/revisions"}],"predecessor-version":[{"id":55128,"href":"https:\/\/managementdrives.com\/de\/wp-json\/wp\/v2\/pages\/55125\/revisions\/55128"}],"up":[{"embeddable":true,"href":"https:\/\/managementdrives.com\/de\/wp-json\/wp\/v2\/pages\/55004"}],"wp:featuredmedia":[{"embeddable":true,"href":"https:\/\/managementdrives.com\/de\/wp-json\/wp\/v2\/media\/55083"}],"wp:attachment":[{"href":"https:\/\/managementdrives.com\/de\/wp-json\/wp\/v2\/media?parent=55125"}],"curies":[{"name":"wp","href":"https:\/\/api.w.org\/{rel}","templated":true}]}}