{"id":55120,"date":"2024-12-10T10:13:07","date_gmt":"2024-12-10T09:13:07","guid":{"rendered":"https:\/\/managementdrives.com\/fuehrungsstile\/bestuurder\/"},"modified":"2025-04-24T13:30:29","modified_gmt":"2025-04-24T11:30:29","slug":"organisator","status":"publish","type":"page","link":"https:\/\/managementdrives.com\/de\/fuehrungsstile\/organisator\/","title":{"rendered":"Organisator"},"content":{"rendered":"<p><img loading=\"lazy\" decoding=\"async\" class=\"wp-image-55070  alignright\" style=\"font-family: RobotoSlab-Regular; font-weight: 400; margin-top: -10px;\" src=\"https:\/\/managementdrives.com\/wp-content\/uploads\/2025\/04\/4-743x527.png\" alt=\"\" width=\"379\" height=\"269\" srcset=\"https:\/\/managementdrives.com\/wp-content\/uploads\/2025\/04\/4-743x527.png 743w, https:\/\/managementdrives.com\/wp-content\/uploads\/2025\/04\/4-1024x726.png 1024w, https:\/\/managementdrives.com\/wp-content\/uploads\/2025\/04\/4-768x545.png 768w, https:\/\/managementdrives.com\/wp-content\/uploads\/2025\/04\/4-1536x1090.png 1536w, https:\/\/managementdrives.com\/wp-content\/uploads\/2025\/04\/4-1280x908.png 1280w, https:\/\/managementdrives.com\/wp-content\/uploads\/2025\/04\/4-615x436.png 615w, https:\/\/managementdrives.com\/wp-content\/uploads\/2025\/04\/4.png 1748w\" sizes=\"auto, (max-width: 379px) 100vw, 379px\" \/><\/p>\n<p class=\"\" data-start=\"142\" data-end=\"544\">Der F\u00fchrungsstil \u201eOrganisator\u201c dreht sich um Struktur, Klarheit und Verl\u00e4sslichkeit. Dieser Stil ist eng mit dem blauen Antrieb von Management Drives verbunden, der darauf abzielt, Ordnung zu schaffen, Absprachen einzuhalten und Ziele durch gut organisierte Prozesse zu erreichen. Eine Organisator-F\u00fchrungskraft ist das R\u00fcckgrat von Organisationen, in denen Stabilit\u00e4t und Konsistenz entscheidend sind.<\/p>\n<h3 data-start=\"546\" data-end=\"863\">Was bedeutet der F\u00fchrungsstil Organisator?<\/h3>\n<p class=\"\" data-start=\"546\" data-end=\"863\">Eine Organisator-F\u00fchrungskraft \u00fcbernimmt Verantwortung daf\u00fcr, klare Rahmenbedingungen zu schaffen und Regeln innerhalb einer Organisation einzuhalten. Sie sorgt f\u00fcr einen strukturierten Ansatz, bei dem Prozesse reibungslos ablaufen und Ziele effizient erreicht werden.<\/p>\n<h3 data-start=\"865\" data-end=\"913\">Kernwerte einer Organisator-F\u00fchrungskraft:<\/h3>\n<ul data-start=\"914\" data-end=\"1161\">\n<li class=\"\" data-start=\"914\" data-end=\"983\">\n<p class=\"\" data-start=\"916\" data-end=\"983\"><strong data-start=\"916\" data-end=\"941\">Ordnung und Struktur:<\/strong> Klare Abl\u00e4ufe und Verantwortlichkeiten.<\/p>\n<\/li>\n<li class=\"\" data-start=\"984\" data-end=\"1077\">\n<p class=\"\" data-start=\"986\" data-end=\"1077\"><strong data-start=\"986\" data-end=\"1016\">Einhaltung von Absprachen:<\/strong> Sicherstellen, dass Pl\u00e4ne wie vereinbart umgesetzt werden.<\/p>\n<\/li>\n<li class=\"\" data-start=\"1078\" data-end=\"1161\">\n<p class=\"\" data-start=\"1080\" data-end=\"1161\"><strong data-start=\"1080\" data-end=\"1100\">Zuverl\u00e4ssigkeit:<\/strong> Eine stabile und konstante Gr\u00f6\u00dfe innerhalb der Organisation.<\/p>\n<\/li>\n<\/ul>\n<p class=\"\" data-start=\"1163\" data-end=\"1309\">Der F\u00fchrungsstil Organisator eignet sich ideal f\u00fcr Umgebungen, in denen Vorhersehbarkeit, Konsistenz und Prozessoptimierung im Mittelpunkt stehen.<\/p>\n<h3 data-start=\"1311\" data-end=\"1673\">Die Rolle des blauen Antriebs im organisatorischen F\u00fchrungsstil<\/h3>\n<p class=\"\" data-start=\"1311\" data-end=\"1673\">Der blaue Antrieb bildet das Fundament des F\u00fchrungsstils \u201eOrganisator\u201c. Blaue F\u00fchrungskr\u00e4fte streben nach Klarheit und legen gro\u00dfen Wert auf die Einhaltung von Regeln und Verfahren. Sie sind die H\u00fcter der Stabilit\u00e4t und sorgen daf\u00fcr, dass sich die Organisation an klare Normen und Werte h\u00e4lt.<\/p>\n<h3 data-start=\"1675\" data-end=\"1724\">Was macht blaue F\u00fchrungskr\u00e4fte einzigartig?<\/h3>\n<ul data-start=\"1725\" data-end=\"1987\">\n<li class=\"\" data-start=\"1725\" data-end=\"1811\">\n<p class=\"\" data-start=\"1727\" data-end=\"1811\"><strong data-start=\"1727\" data-end=\"1757\">Verantwortungsbewusstsein:<\/strong> Sie \u00fcbernehmen Aufgaben konsequent und zuverl\u00e4ssig.<\/p>\n<\/li>\n<li class=\"\" data-start=\"1812\" data-end=\"1897\">\n<p class=\"\" data-start=\"1814\" data-end=\"1897\"><strong data-start=\"1814\" data-end=\"1839\">Detaillierte Planung:<\/strong> Sie bevorzugen strukturierte, gut durchdachte Prozesse.<\/p>\n<\/li>\n<li class=\"\" data-start=\"1898\" data-end=\"1987\">\n<p class=\"\" data-start=\"1900\" data-end=\"1987\"><strong data-start=\"1900\" data-end=\"1923\">Respekt vor Regeln:<\/strong> Sie achten auf korrektes und faires Vorgehen in allen Abl\u00e4ufen.<\/p>\n<\/li>\n<\/ul>\n<p class=\"\" data-start=\"1989\" data-end=\"2162\">Der blaue Antrieb tritt besonders in Organisationen hervor, die in stark regulierten Bereichen t\u00e4tig sind \u2013 wie im Finanzwesen, bei Beh\u00f6rden oder in der Industrieproduktion.<\/p>\n<h3 data-start=\"2164\" data-end=\"2287\">Wann funktioniert der F\u00fchrungsstil Organisator am besten?<\/h3>\n<p class=\"\" data-start=\"2164\" data-end=\"2287\">Der F\u00fchrungsstil Organisator ist besonders wirksam, wenn:<\/p>\n<ul data-start=\"2288\" data-end=\"2489\">\n<li class=\"\" data-start=\"2288\" data-end=\"2351\">\n<p class=\"\" data-start=\"2290\" data-end=\"2351\">Die Einhaltung von Regeln und Protokollen entscheidend ist.<\/p>\n<\/li>\n<li class=\"\" data-start=\"2352\" data-end=\"2422\">\n<p class=\"\" data-start=\"2354\" data-end=\"2422\">Prozessoptimierung notwendig ist, um Ziele effizient zu erreichen.<\/p>\n<\/li>\n<li class=\"\" data-start=\"2423\" data-end=\"2489\">\n<p class=\"\" data-start=\"2425\" data-end=\"2489\">Eine stabile Grundlage f\u00fcr nachhaltigen Erfolg erforderlich ist.<\/p>\n<\/li>\n<\/ul>\n<p class=\"\" data-start=\"2491\" data-end=\"2650\">Beispiele finden sich in Bereichen wie Projektmanagement, Compliance oder Produktionssteuerung \u2013 \u00fcberall dort, wo Genauigkeit und Verl\u00e4sslichkeit gefragt sind.<\/p>\n<h3 data-start=\"2652\" data-end=\"2740\">Vorteile und Herausforderungen des organisatorischen F\u00fchrungsstils<\/h3>\n<p class=\"\" data-start=\"2652\" data-end=\"2740\"><strong data-start=\"2725\" data-end=\"2738\">Vorteile:<\/strong><\/p>\n<ul data-start=\"2741\" data-end=\"2973\">\n<li class=\"\" data-start=\"2741\" data-end=\"2825\">\n<p class=\"\" data-start=\"2743\" data-end=\"2825\"><strong data-start=\"2743\" data-end=\"2757\">Effizienz:<\/strong> Klare Prozesse und Kommunikation sorgen f\u00fcr reibungslose Abl\u00e4ufe.<\/p>\n<\/li>\n<li class=\"\" data-start=\"2826\" data-end=\"2907\">\n<p class=\"\" data-start=\"2828\" data-end=\"2907\"><strong data-start=\"2828\" data-end=\"2848\">Zuverl\u00e4ssigkeit:<\/strong> Mitarbeitende wissen genau, was von ihnen erwartet wird.<\/p>\n<\/li>\n<li class=\"\" data-start=\"2908\" data-end=\"2973\">\n<p class=\"\" data-start=\"2910\" data-end=\"2973\"><strong data-start=\"2910\" data-end=\"2925\">Konsistenz:<\/strong> Schafft Stabilit\u00e4t in Teams und Organisationen.<\/p>\n<\/li>\n<\/ul>\n<p class=\"\" data-start=\"2975\" data-end=\"2999\"><strong data-start=\"2975\" data-end=\"2997\">Herausforderungen:<\/strong><\/p>\n<ul data-start=\"3000\" data-end=\"3262\">\n<li class=\"\" data-start=\"3000\" data-end=\"3082\">\n<p class=\"\" data-start=\"3002\" data-end=\"3082\"><strong data-start=\"3002\" data-end=\"3022\">Rigide Struktur:<\/strong> Zu viel Regelorientierung kann Flexibilit\u00e4t einschr\u00e4nken.<\/p>\n<\/li>\n<li class=\"\" data-start=\"3083\" data-end=\"3150\">\n<p class=\"\" data-start=\"3085\" data-end=\"3150\"><strong data-start=\"3085\" data-end=\"3107\">B\u00fcrokratie-Risiko:<\/strong> Zu viel Struktur kann Innovation hemmen.<\/p>\n<\/li>\n<li class=\"\" data-start=\"3151\" data-end=\"3262\">\n<p class=\"\" data-start=\"3153\" data-end=\"3262\"><strong data-start=\"3153\" data-end=\"3185\">Ver\u00e4nderungsschwierigkeiten:<\/strong> Blaue F\u00fchrungskr\u00e4fte tun sich mit pl\u00f6tzlichen Ver\u00e4nderungen manchmal schwer.<\/p>\n<\/li>\n<\/ul>\n<h3 data-start=\"3264\" data-end=\"3467\">Organisatorisches F\u00fchren in der Praxis: Beispiele und Tipps<\/h3>\n<p class=\"\" data-start=\"3264\" data-end=\"3467\">Organisatorisches F\u00fchren zeigt sich oft bei F\u00fchrungskr\u00e4ften in komplexen, geregelten Arbeitsfeldern. Tipps f\u00fcr die effektive Anwendung:<\/p>\n<ul data-start=\"3468\" data-end=\"3738\">\n<li class=\"\" data-start=\"3468\" data-end=\"3549\">\n<p class=\"\" data-start=\"3470\" data-end=\"3549\"><strong data-start=\"3470\" data-end=\"3496\">Behalte den \u00dcberblick:<\/strong> Klare Planung und Dokumentation sind entscheidend.<\/p>\n<\/li>\n<li class=\"\" data-start=\"3550\" data-end=\"3639\">\n<p class=\"\" data-start=\"3552\" data-end=\"3639\"><strong data-start=\"3552\" data-end=\"3573\">Bleib zug\u00e4nglich:<\/strong> Verl\u00e4sslichkeit ist wichtig \u2013 ebenso wie Raum f\u00fcr Flexibilit\u00e4t.<\/p>\n<\/li>\n<li class=\"\" data-start=\"3640\" data-end=\"3738\">\n<p class=\"\" data-start=\"3642\" data-end=\"3738\"><strong data-start=\"3642\" data-end=\"3672\">Nutze Struktur als St\u00e4rke:<\/strong> Verwende sie, um Zusammenarbeit und Vertrauen im Team zu f\u00f6rdern.<\/p>\n<\/li>\n<\/ul>\n<p class=\"\" data-start=\"3740\" data-end=\"3871\">Ein typisches Beispiel ist ein Projektmanager, der Prozesse pr\u00e4zise \u00fcberwacht, Fristen einh\u00e4lt und dabei stets auf Qualit\u00e4t achtet.<\/p>\n<h3 data-start=\"3873\" data-end=\"4027\">Wie blaue F\u00fchrungskr\u00e4fte deine Organisation st\u00e4rken<\/h3>\n<p class=\"\" data-start=\"3873\" data-end=\"4027\">Organisatoren mit starkem blauem Antrieb bringen Stabilit\u00e4t und Effizienz in Unternehmen. Sie:<\/p>\n<ul data-start=\"4028\" data-end=\"4179\">\n<li class=\"\" data-start=\"4028\" data-end=\"4074\">\n<p class=\"\" data-start=\"4030\" data-end=\"4074\">Sorgen f\u00fcr Sicherheit und Verl\u00e4sslichkeit.<\/p>\n<\/li>\n<li class=\"\" data-start=\"4075\" data-end=\"4124\">\n<p class=\"\" data-start=\"4077\" data-end=\"4124\">Erreichen Ziele durch strukturierte Prozesse.<\/p>\n<\/li>\n<li class=\"\" data-start=\"4125\" data-end=\"4179\">\n<p class=\"\" data-start=\"4127\" data-end=\"4179\">Minimieren Risiken durch konsequente Regelbefolgung.<\/p>\n<\/li>\n<\/ul>\n<p class=\"\" data-start=\"4181\" data-end=\"4306\">Mit dem richtigen Gleichgewicht schafft organisatorische F\u00fchrung eine belastbare Basis f\u00fcr langfristigen Erfolg und Wachstum.<\/p>\n<p class=\"\" data-start=\"4308\" data-end=\"4548\"><strong data-start=\"4308\" data-end=\"4386\">M\u00f6chtest du herausfinden, wie dein F\u00fchrungsstil zu deinen Antrieben passt?<\/strong><br data-start=\"4386\" data-end=\"4389\" \/>Management Drives bietet dir Einblick in dein Profil und unterst\u00fctzt dich dabei, dein F\u00fchrungspotenzial gezielt weiterzuentwickeln. Kontaktiere uns noch heute!<\/p>\n","protected":false},"excerpt":{"rendered":"<p>Der F\u00fchrungsstil \u201eOrganisator\u201c dreht sich um Struktur, Klarheit und Verl\u00e4sslichkeit. Dieser Stil ist eng mit dem blauen Antrieb von Management Drives verbunden, der darauf abzielt, Ordnung zu schaffen, Absprachen einzuhalten und Ziele durch gut organisierte Prozesse zu erreichen. Eine Organisator-F\u00fchrungskraft ist das R\u00fcckgrat von Organisationen, in denen Stabilit\u00e4t und Konsistenz entscheidend sind. Was bedeutet der [&hellip;]<\/p>\n","protected":false},"author":3384,"featured_media":55070,"parent":55004,"menu_order":4,"comment_status":"closed","ping_status":"closed","template":"template-leadership-single.php","meta":{"_acf_changed":false,"footnotes":""},"class_list":["post--55120","post--page","post--type-page","post--status-publish","post--has-post-thumbnail","post--hentry"],"acf":[],"yoast_head":"<!-- This site is optimized with the Yoast SEO plugin v27.3 - https:\/\/yoast.com\/product\/yoast-seo-wordpress\/ -->\n<title>Organisator - Der blaue F\u00fchrungsstil von Management Drives<\/title>\n<meta name=\"description\" content=\"Entdecke alles \u00fcber den blauen F\u00fchrungsstil \u201eOrganisator\u201c von Management Drives. Bist du der Organisator in deinem Team? Finde es jetzt heraus.\" \/>\n<meta name=\"robots\" content=\"index, follow, max-snippet:-1, max-image-preview:large, max-video-preview:-1\" \/>\n<link rel=\"canonical\" href=\"https:\/\/managementdrives.com\/de\/fuehrungsstile\/organisator\/\" \/>\n<meta property=\"og:locale\" content=\"de_DE\" \/>\n<meta property=\"og:type\" content=\"article\" \/>\n<meta property=\"og:title\" content=\"Organisator - De blauwe leiderschapsstijl van Management Drives\" \/>\n<meta property=\"og:description\" content=\"Ontdek alles over de blauwe leiderschapsstijl &#039;bestuurder&#039; van Management Drives. Ben jij een bestuurder binnen jouw team? Kom er nu achter.\" \/>\n<meta property=\"og:url\" content=\"https:\/\/managementdrives.com\/de\/fuehrungsstile\/organisator\/\" \/>\n<meta property=\"og:site_name\" content=\"Management Drives\" \/>\n<meta property=\"article:modified_time\" content=\"2025-04-24T11:30:29+00:00\" \/>\n<meta property=\"og:image\" content=\"https:\/\/managementdrives.com\/wp-content\/uploads\/2025\/04\/4.png\" \/>\n\t<meta property=\"og:image:width\" content=\"1748\" \/>\n\t<meta property=\"og:image:height\" content=\"1240\" \/>\n\t<meta property=\"og:image:type\" content=\"image\/png\" \/>\n<meta name=\"twitter:card\" content=\"summary_large_image\" \/>\n<meta name=\"twitter:title\" content=\"Organisator - De blauwe leiderschapsstijl van Management Drives\" \/>\n<meta name=\"twitter:description\" content=\"Ontdek alles over de blauwe leiderschapsstijl &#039;bestuurder&#039; van Management Drives. Ben jij een bestuurder binnen jouw team? Kom er nu achter.\" \/>\n<meta name=\"twitter:label1\" content=\"Gesch\u00e4tzte Lesezeit\" \/>\n\t<meta name=\"twitter:data1\" content=\"3\u00a0Minuten\" \/>\n<script type=\"application\/ld+json\" class=\"yoast-schema-graph\">{\"@context\":\"https:\\\/\\\/schema.org\",\"@graph\":[{\"@type\":\"WebPage\",\"@id\":\"https:\\\/\\\/managementdrives.com\\\/de\\\/fuehrungsstile\\\/organisator\\\/\",\"url\":\"https:\\\/\\\/managementdrives.com\\\/de\\\/fuehrungsstile\\\/organisator\\\/\",\"name\":\"Organisator - Der blaue F\u00fchrungsstil von Management Drives\",\"isPartOf\":{\"@id\":\"https:\\\/\\\/managementdrives.com\\\/de\\\/#website\"},\"primaryImageOfPage\":{\"@id\":\"https:\\\/\\\/managementdrives.com\\\/de\\\/fuehrungsstile\\\/organisator\\\/#primaryimage\"},\"image\":{\"@id\":\"https:\\\/\\\/managementdrives.com\\\/de\\\/fuehrungsstile\\\/organisator\\\/#primaryimage\"},\"thumbnailUrl\":\"https:\\\/\\\/managementdrives.com\\\/wp-content\\\/uploads\\\/2025\\\/04\\\/4.png\",\"datePublished\":\"2024-12-10T09:13:07+00:00\",\"dateModified\":\"2025-04-24T11:30:29+00:00\",\"description\":\"Entdecke alles \u00fcber den blauen F\u00fchrungsstil \u201eOrganisator\u201c von Management Drives. Bist du der Organisator in deinem Team? Finde es jetzt heraus.\",\"breadcrumb\":{\"@id\":\"https:\\\/\\\/managementdrives.com\\\/de\\\/fuehrungsstile\\\/organisator\\\/#breadcrumb\"},\"inLanguage\":\"de\",\"potentialAction\":[{\"@type\":\"ReadAction\",\"target\":[\"https:\\\/\\\/managementdrives.com\\\/de\\\/fuehrungsstile\\\/organisator\\\/\"]}]},{\"@type\":\"ImageObject\",\"inLanguage\":\"de\",\"@id\":\"https:\\\/\\\/managementdrives.com\\\/de\\\/fuehrungsstile\\\/organisator\\\/#primaryimage\",\"url\":\"https:\\\/\\\/managementdrives.com\\\/wp-content\\\/uploads\\\/2025\\\/04\\\/4.png\",\"contentUrl\":\"https:\\\/\\\/managementdrives.com\\\/wp-content\\\/uploads\\\/2025\\\/04\\\/4.png\",\"width\":1748,\"height\":1240},{\"@type\":\"BreadcrumbList\",\"@id\":\"https:\\\/\\\/managementdrives.com\\\/de\\\/fuehrungsstile\\\/organisator\\\/#breadcrumb\",\"itemListElement\":[{\"@type\":\"ListItem\",\"position\":1,\"name\":\"Home\",\"item\":\"https:\\\/\\\/managementdrives.com\\\/de\\\/\"},{\"@type\":\"ListItem\",\"position\":2,\"name\":\"F\u00fchrungsstile\",\"item\":\"https:\\\/\\\/managementdrives.com\\\/de\\\/fuehrungsstile\\\/\"},{\"@type\":\"ListItem\",\"position\":3,\"name\":\"Organisator\"}]},{\"@type\":\"WebSite\",\"@id\":\"https:\\\/\\\/managementdrives.com\\\/de\\\/#website\",\"url\":\"https:\\\/\\\/managementdrives.com\\\/de\\\/\",\"name\":\"Management Drives\",\"description\":\"Turning potential into performance\",\"publisher\":{\"@id\":\"https:\\\/\\\/managementdrives.com\\\/de\\\/#organization\"},\"potentialAction\":[{\"@type\":\"SearchAction\",\"target\":{\"@type\":\"EntryPoint\",\"urlTemplate\":\"https:\\\/\\\/managementdrives.com\\\/de\\\/?s={search_term_string}\"},\"query-input\":{\"@type\":\"PropertyValueSpecification\",\"valueRequired\":true,\"valueName\":\"search_term_string\"}}],\"inLanguage\":\"de\"},{\"@type\":\"Organization\",\"@id\":\"https:\\\/\\\/managementdrives.com\\\/de\\\/#organization\",\"name\":\"Management Drives\",\"url\":\"https:\\\/\\\/managementdrives.com\\\/de\\\/\",\"logo\":{\"@type\":\"ImageObject\",\"inLanguage\":\"de\",\"@id\":\"https:\\\/\\\/managementdrives.com\\\/de\\\/#\\\/schema\\\/logo\\\/image\\\/\",\"url\":\"https:\\\/\\\/managementdrives.com\\\/wp-content\\\/uploads\\\/2022\\\/06\\\/Management-Drives-logo-lr.png\",\"contentUrl\":\"https:\\\/\\\/managementdrives.com\\\/wp-content\\\/uploads\\\/2022\\\/06\\\/Management-Drives-logo-lr.png\",\"width\":400,\"height\":315,\"caption\":\"Management Drives\"},\"image\":{\"@id\":\"https:\\\/\\\/managementdrives.com\\\/de\\\/#\\\/schema\\\/logo\\\/image\\\/\"},\"sameAs\":[\"https:\\\/\\\/www.linkedin.com\\\/company\\\/management-drives-holding-bv\\\/\"]}]}<\/script>\n<!-- \/ Yoast SEO plugin. -->","yoast_head_json":{"title":"Organisator - Der blaue F\u00fchrungsstil von Management Drives","description":"Entdecke alles \u00fcber den blauen F\u00fchrungsstil \u201eOrganisator\u201c von Management Drives. Bist du der Organisator in deinem Team? Finde es jetzt heraus.","robots":{"index":"index","follow":"follow","max-snippet":"max-snippet:-1","max-image-preview":"max-image-preview:large","max-video-preview":"max-video-preview:-1"},"canonical":"https:\/\/managementdrives.com\/de\/fuehrungsstile\/organisator\/","og_locale":"de_DE","og_type":"article","og_title":"Organisator - De blauwe leiderschapsstijl van Management Drives","og_description":"Ontdek alles over de blauwe leiderschapsstijl 'bestuurder' van Management Drives. Ben jij een bestuurder binnen jouw team? Kom er nu achter.","og_url":"https:\/\/managementdrives.com\/de\/fuehrungsstile\/organisator\/","og_site_name":"Management Drives","article_modified_time":"2025-04-24T11:30:29+00:00","og_image":[{"width":1748,"height":1240,"url":"https:\/\/managementdrives.com\/wp-content\/uploads\/2025\/04\/4.png","type":"image\/png"}],"twitter_card":"summary_large_image","twitter_title":"Organisator - De blauwe leiderschapsstijl van Management Drives","twitter_description":"Ontdek alles over de blauwe leiderschapsstijl 'bestuurder' van Management Drives. Ben jij een bestuurder binnen jouw team? Kom er nu achter.","twitter_misc":{"Gesch\u00e4tzte Lesezeit":"3\u00a0Minuten"},"schema":{"@context":"https:\/\/schema.org","@graph":[{"@type":"WebPage","@id":"https:\/\/managementdrives.com\/de\/fuehrungsstile\/organisator\/","url":"https:\/\/managementdrives.com\/de\/fuehrungsstile\/organisator\/","name":"Organisator - Der blaue F\u00fchrungsstil von Management Drives","isPartOf":{"@id":"https:\/\/managementdrives.com\/de\/#website"},"primaryImageOfPage":{"@id":"https:\/\/managementdrives.com\/de\/fuehrungsstile\/organisator\/#primaryimage"},"image":{"@id":"https:\/\/managementdrives.com\/de\/fuehrungsstile\/organisator\/#primaryimage"},"thumbnailUrl":"https:\/\/managementdrives.com\/wp-content\/uploads\/2025\/04\/4.png","datePublished":"2024-12-10T09:13:07+00:00","dateModified":"2025-04-24T11:30:29+00:00","description":"Entdecke alles \u00fcber den blauen F\u00fchrungsstil \u201eOrganisator\u201c von Management Drives. Bist du der Organisator in deinem Team? Finde es jetzt heraus.","breadcrumb":{"@id":"https:\/\/managementdrives.com\/de\/fuehrungsstile\/organisator\/#breadcrumb"},"inLanguage":"de","potentialAction":[{"@type":"ReadAction","target":["https:\/\/managementdrives.com\/de\/fuehrungsstile\/organisator\/"]}]},{"@type":"ImageObject","inLanguage":"de","@id":"https:\/\/managementdrives.com\/de\/fuehrungsstile\/organisator\/#primaryimage","url":"https:\/\/managementdrives.com\/wp-content\/uploads\/2025\/04\/4.png","contentUrl":"https:\/\/managementdrives.com\/wp-content\/uploads\/2025\/04\/4.png","width":1748,"height":1240},{"@type":"BreadcrumbList","@id":"https:\/\/managementdrives.com\/de\/fuehrungsstile\/organisator\/#breadcrumb","itemListElement":[{"@type":"ListItem","position":1,"name":"Home","item":"https:\/\/managementdrives.com\/de\/"},{"@type":"ListItem","position":2,"name":"F\u00fchrungsstile","item":"https:\/\/managementdrives.com\/de\/fuehrungsstile\/"},{"@type":"ListItem","position":3,"name":"Organisator"}]},{"@type":"WebSite","@id":"https:\/\/managementdrives.com\/de\/#website","url":"https:\/\/managementdrives.com\/de\/","name":"Management Drives","description":"Turning potential into performance","publisher":{"@id":"https:\/\/managementdrives.com\/de\/#organization"},"potentialAction":[{"@type":"SearchAction","target":{"@type":"EntryPoint","urlTemplate":"https:\/\/managementdrives.com\/de\/?s={search_term_string}"},"query-input":{"@type":"PropertyValueSpecification","valueRequired":true,"valueName":"search_term_string"}}],"inLanguage":"de"},{"@type":"Organization","@id":"https:\/\/managementdrives.com\/de\/#organization","name":"Management Drives","url":"https:\/\/managementdrives.com\/de\/","logo":{"@type":"ImageObject","inLanguage":"de","@id":"https:\/\/managementdrives.com\/de\/#\/schema\/logo\/image\/","url":"https:\/\/managementdrives.com\/wp-content\/uploads\/2022\/06\/Management-Drives-logo-lr.png","contentUrl":"https:\/\/managementdrives.com\/wp-content\/uploads\/2022\/06\/Management-Drives-logo-lr.png","width":400,"height":315,"caption":"Management Drives"},"image":{"@id":"https:\/\/managementdrives.com\/de\/#\/schema\/logo\/image\/"},"sameAs":["https:\/\/www.linkedin.com\/company\/management-drives-holding-bv\/"]}]}},"_links":{"self":[{"href":"https:\/\/managementdrives.com\/de\/wp-json\/wp\/v2\/pages\/55120","targetHints":{"allow":["GET"]}}],"collection":[{"href":"https:\/\/managementdrives.com\/de\/wp-json\/wp\/v2\/pages"}],"about":[{"href":"https:\/\/managementdrives.com\/de\/wp-json\/wp\/v2\/types\/page"}],"author":[{"embeddable":true,"href":"https:\/\/managementdrives.com\/de\/wp-json\/wp\/v2\/users\/3384"}],"replies":[{"embeddable":true,"href":"https:\/\/managementdrives.com\/de\/wp-json\/wp\/v2\/comments?post=55120"}],"version-history":[{"count":3,"href":"https:\/\/managementdrives.com\/de\/wp-json\/wp\/v2\/pages\/55120\/revisions"}],"predecessor-version":[{"id":55123,"href":"https:\/\/managementdrives.com\/de\/wp-json\/wp\/v2\/pages\/55120\/revisions\/55123"}],"up":[{"embeddable":true,"href":"https:\/\/managementdrives.com\/de\/wp-json\/wp\/v2\/pages\/55004"}],"wp:featuredmedia":[{"embeddable":true,"href":"https:\/\/managementdrives.com\/de\/wp-json\/wp\/v2\/media\/55070"}],"wp:attachment":[{"href":"https:\/\/managementdrives.com\/de\/wp-json\/wp\/v2\/media?parent=55120"}],"curies":[{"name":"wp","href":"https:\/\/api.w.org\/{rel}","templated":true}]}}