{"id":55116,"date":"2024-12-10T10:03:24","date_gmt":"2024-12-10T09:03:24","guid":{"rendered":"https:\/\/managementdrives.com\/fuehrungsstile\/ondernemer\/"},"modified":"2025-04-24T13:23:24","modified_gmt":"2025-04-24T11:23:24","slug":"unternehmer","status":"publish","type":"page","link":"https:\/\/managementdrives.com\/de\/fuehrungsstile\/unternehmer\/","title":{"rendered":"Unternehmer"},"content":{"rendered":"<p><img loading=\"lazy\" decoding=\"async\" class=\"wp-image-55057  alignright\" style=\"font-family: RobotoSlab-Regular; font-weight: 400; margin-top: -10px;\" src=\"https:\/\/managementdrives.com\/wp-content\/uploads\/2025\/04\/3-743x527.png\" alt=\"\" width=\"406\" height=\"288\" srcset=\"https:\/\/managementdrives.com\/wp-content\/uploads\/2025\/04\/3-743x527.png 743w, https:\/\/managementdrives.com\/wp-content\/uploads\/2025\/04\/3-1024x726.png 1024w, https:\/\/managementdrives.com\/wp-content\/uploads\/2025\/04\/3-768x545.png 768w, https:\/\/managementdrives.com\/wp-content\/uploads\/2025\/04\/3-1536x1090.png 1536w, https:\/\/managementdrives.com\/wp-content\/uploads\/2025\/04\/3-1280x908.png 1280w, https:\/\/managementdrives.com\/wp-content\/uploads\/2025\/04\/3-615x436.png 615w, https:\/\/managementdrives.com\/wp-content\/uploads\/2025\/04\/3.png 1748w\" sizes=\"auto, (max-width: 406px) 100vw, 406px\" \/><\/p>\n<p class=\"\" data-start=\"111\" data-end=\"482\">Der F\u00fchrungsstil \u201eUnternehmer\u201c steht f\u00fcr Ehrgeiz, Zielorientierung und die Nutzung von Chancen. Dieser Stil wird vom orangen Antrieb von Management Drives getragen, der auf Wachstum, Erfolg und Ergebnisse ausgerichtet ist. Eine unternehmerisch gepr\u00e4gte F\u00fchrungskraft ist der Motor f\u00fcr Innovation und Fortschritt \u2013 mit einem klaren Fokus auf das Erreichen konkreter Ziele.<\/p>\n<h3 data-start=\"484\" data-end=\"805\">Was bedeutet der F\u00fchrungsstil Unternehmer?<\/h3>\n<p data-start=\"484\" data-end=\"805\">Der Unternehmer-Stil dreht sich darum, Chancen in Erfolge zu verwandeln. Unternehmerische F\u00fchrungskr\u00e4fte sind vision\u00e4r, pragmatisch und ergebnisorientiert. Sie motivieren ihre Teams, Ziele zu erreichen, indem sie inspirieren, innovativ denken und H\u00f6chstleistungen f\u00f6rdern.<\/p>\n<h3 data-start=\"807\" data-end=\"861\">Kernwerte einer unternehmerischen F\u00fchrungskraft:<\/h3>\n<ul data-start=\"862\" data-end=\"1075\">\n<li class=\"\" data-start=\"862\" data-end=\"921\">\n<p class=\"\" data-start=\"864\" data-end=\"921\"><strong data-start=\"864\" data-end=\"876\">Ehrgeiz:<\/strong> Stets auf der Suche nach Wachstumschancen.<\/p>\n<\/li>\n<li class=\"\" data-start=\"922\" data-end=\"986\">\n<p class=\"\" data-start=\"924\" data-end=\"986\"><strong data-start=\"924\" data-end=\"945\">Zielorientierung:<\/strong> Starker Fokus auf messbare Ergebnisse.<\/p>\n<\/li>\n<li class=\"\" data-start=\"987\" data-end=\"1075\">\n<p class=\"\" data-start=\"989\" data-end=\"1075\"><strong data-start=\"989\" data-end=\"1004\">Innovation:<\/strong> Kontinuierlich bestrebt, Neues zu schaffen und Prozesse zu verbessern.<\/p>\n<\/li>\n<\/ul>\n<p class=\"\" data-start=\"1077\" data-end=\"1235\">Dieser Stil ist besonders wichtig in wettbewerbsintensiven Umfeldern, in denen Erfolg von Schnelligkeit, Anpassungsf\u00e4higkeit und strategischem Denken abh\u00e4ngt.<\/p>\n<h3 data-start=\"1237\" data-end=\"1581\">Die Rolle des orangen Antriebs im unternehmerischen F\u00fchrungsstil<\/h3>\n<p class=\"\" data-start=\"1237\" data-end=\"1581\">Der orange Antrieb ist die treibende Kraft hinter dem Unternehmer-Stil. Orange F\u00fchrungskr\u00e4fte glauben, dass Erfolg durch das Nutzen von Chancen und das konsequente Erreichen von Zielen entsteht. Sie denken gro\u00df, handeln schnell und inspirieren andere, es ihnen gleichzutun.<\/p>\n<h3 data-start=\"1583\" data-end=\"1631\">Was macht orange F\u00fchrungskr\u00e4fte besonders?<\/h3>\n<ul data-start=\"1632\" data-end=\"1926\">\n<li class=\"\" data-start=\"1632\" data-end=\"1723\">\n<p class=\"\" data-start=\"1634\" data-end=\"1723\"><strong data-start=\"1634\" data-end=\"1660\">Wachstumsorientierung:<\/strong> Sie sehen in jeder Situation M\u00f6glichkeiten zur Verbesserung.<\/p>\n<\/li>\n<li class=\"\" data-start=\"1724\" data-end=\"1819\">\n<p class=\"\" data-start=\"1726\" data-end=\"1819\"><strong data-start=\"1726\" data-end=\"1751\">Ergebnisorientierung:<\/strong> Der Fokus liegt auf konkreten Erfolgen und messbaren Ergebnissen.<\/p>\n<\/li>\n<li class=\"\" data-start=\"1820\" data-end=\"1926\">\n<p class=\"\" data-start=\"1822\" data-end=\"1926\"><strong data-start=\"1822\" data-end=\"1844\">Wettbewerbsdenken:<\/strong> Orange F\u00fchrungskr\u00e4fte lieben Herausforderungen und streben stets nach dem Besten.<\/p>\n<\/li>\n<\/ul>\n<p class=\"\" data-start=\"1928\" data-end=\"2117\">Der orange Antrieb zeigt sich besonders in Organisationen, in denen Leistung und Innovation im Mittelpunkt stehen \u2013 etwa in Startups, Vertriebsorganisationen oder kommerziellen Unternehmen.<\/p>\n<h3 data-start=\"2119\" data-end=\"2235\">Wann funktioniert der F\u00fchrungsstil Unternehmer am besten?<\/h3>\n<p class=\"\" data-start=\"2119\" data-end=\"2235\">Der Unternehmer-Stil ist besonders effektiv, wenn:<\/p>\n<ul data-start=\"2236\" data-end=\"2402\">\n<li class=\"\" data-start=\"2236\" data-end=\"2280\">\n<p class=\"\" data-start=\"2238\" data-end=\"2280\">Ver\u00e4nderung und Innovation gefragt sind.<\/p>\n<\/li>\n<li class=\"\" data-start=\"2281\" data-end=\"2337\">\n<p class=\"\" data-start=\"2283\" data-end=\"2337\">Teams gefordert sind, ihre Grenzen zu \u00fcberschreiten.<\/p>\n<\/li>\n<li class=\"\" data-start=\"2338\" data-end=\"2402\">\n<p class=\"\" data-start=\"2340\" data-end=\"2402\">Wettbewerb hoch ist und schnelle Ergebnisse erforderlich sind.<\/p>\n<\/li>\n<\/ul>\n<p class=\"\" data-start=\"2404\" data-end=\"2516\">Dieser Stil entfaltet seine volle Wirkung in dynamischen Branchen wie Technologie, Marketing und Unternehmertum.<\/p>\n<h3 data-start=\"2518\" data-end=\"2606\">Vorteile und Herausforderungen des unternehmerischen F\u00fchrungsstils<\/h3>\n<p class=\"\" data-start=\"2518\" data-end=\"2606\"><strong data-start=\"2591\" data-end=\"2604\">Vorteile:<\/strong><\/p>\n<ul data-start=\"2607\" data-end=\"2862\">\n<li class=\"\" data-start=\"2607\" data-end=\"2705\">\n<p class=\"\" data-start=\"2609\" data-end=\"2705\"><strong data-start=\"2609\" data-end=\"2635\">Schneller Fortschritt:<\/strong> Entscheidungen werden z\u00fcgig getroffen, was Innovation beschleunigt.<\/p>\n<\/li>\n<li class=\"\" data-start=\"2706\" data-end=\"2794\">\n<p class=\"\" data-start=\"2708\" data-end=\"2794\"><strong data-start=\"2708\" data-end=\"2733\">Inspirierende Vision:<\/strong> F\u00fchrungskr\u00e4fte motivieren ihr Team mit ehrgeizigen Zielen.<\/p>\n<\/li>\n<li class=\"\" data-start=\"2795\" data-end=\"2862\">\n<p class=\"\" data-start=\"2797\" data-end=\"2862\"><strong data-start=\"2797\" data-end=\"2822\">Ergebnisorientierung:<\/strong> Klare Ausrichtung auf messbaren Erfolg.<\/p>\n<\/li>\n<\/ul>\n<p class=\"\" data-start=\"2864\" data-end=\"2888\"><strong data-start=\"2864\" data-end=\"2886\">Herausforderungen:<\/strong><\/p>\n<ul data-start=\"2889\" data-end=\"3152\">\n<li class=\"\" data-start=\"2889\" data-end=\"2975\">\n<p class=\"\" data-start=\"2891\" data-end=\"2975\"><strong data-start=\"2891\" data-end=\"2920\">Risiko der \u00dcberforderung:<\/strong> Zu starker Fokus auf Ziele kann das Team \u00fcberlasten.<\/p>\n<\/li>\n<li class=\"\" data-start=\"2976\" data-end=\"3064\">\n<p class=\"\" data-start=\"2978\" data-end=\"3064\"><strong data-start=\"2978\" data-end=\"3005\">Kurzfristige Denkweise:<\/strong> Langfristige Planung ger\u00e4t eventuell in den Hintergrund.<\/p>\n<\/li>\n<li class=\"\" data-start=\"3065\" data-end=\"3152\">\n<p class=\"\" data-start=\"3067\" data-end=\"3152\"><strong data-start=\"3067\" data-end=\"3088\">Wettbewerbsdruck:<\/strong> Der st\u00e4ndige Erfolgsdruck kann Belastung f\u00fcr das Team bedeuten.<\/p>\n<\/li>\n<\/ul>\n<h3 data-start=\"3154\" data-end=\"3372\">Unternehmerisches F\u00fchren in der Praxis: Beispiele und Tipps<\/h3>\n<p class=\"\" data-start=\"3154\" data-end=\"3372\">Unternehmerisch denkende F\u00fchrungskr\u00e4fte sind oft vision\u00e4r und handeln entschlossen. Hier ein paar Tipps zur effektiven Umsetzung dieses F\u00fchrungsstils:<\/p>\n<ul data-start=\"3373\" data-end=\"3625\">\n<li class=\"\" data-start=\"3373\" data-end=\"3451\">\n<p class=\"\" data-start=\"3375\" data-end=\"3451\"><strong data-start=\"3375\" data-end=\"3398\">Klare Ziele setzen:<\/strong> Formuliere messbare und realistische Zielvorgaben.<\/p>\n<\/li>\n<li class=\"\" data-start=\"3452\" data-end=\"3520\">\n<p class=\"\" data-start=\"3454\" data-end=\"3520\"><strong data-start=\"3454\" data-end=\"3475\">Flexibel bleiben:<\/strong> Passe Pl\u00e4ne an, um neue Chancen zu nutzen.<\/p>\n<\/li>\n<li class=\"\" data-start=\"3521\" data-end=\"3625\">\n<p class=\"\" data-start=\"3523\" data-end=\"3625\"><strong data-start=\"3523\" data-end=\"3543\">Team motivieren:<\/strong> Erfolge anerkennen und andere dazu inspirieren, ihre Ambitionen zu verwirklichen.<\/p>\n<\/li>\n<\/ul>\n<p class=\"\" data-start=\"3627\" data-end=\"3843\">Ein klassisches Beispiel f\u00fcr unternehmerisches F\u00fchren findet sich in Startups, wo eine starke F\u00fchrungspers\u00f6nlichkeit das Team motiviert, gemeinsam innovative L\u00f6sungen zu entwickeln und schnelles Wachstum zu erzielen.<\/p>\n<h3 data-start=\"3845\" data-end=\"3989\">Wie orange F\u00fchrungskr\u00e4fte deine Organisation st\u00e4rken<\/h3>\n<p class=\"\" data-start=\"3845\" data-end=\"3989\">F\u00fchrungskr\u00e4fte mit einem starken orangen Antrieb st\u00e4rken Organisationen, indem sie:<\/p>\n<ul data-start=\"3990\" data-end=\"4123\">\n<li class=\"\" data-start=\"3990\" data-end=\"4026\">\n<p class=\"\" data-start=\"3992\" data-end=\"4026\">Wachstum und Innovation f\u00f6rdern.<\/p>\n<\/li>\n<li class=\"\" data-start=\"4027\" data-end=\"4072\">\n<p class=\"\" data-start=\"4029\" data-end=\"4072\">Eine ergebnisorientierte Kultur schaffen.<\/p>\n<\/li>\n<li class=\"\" data-start=\"4073\" data-end=\"4123\">\n<p class=\"\" data-start=\"4075\" data-end=\"4123\">Teams motivieren, ehrgeizige Ziele zu erreichen.<\/p>\n<\/li>\n<\/ul>\n<p class=\"\" data-start=\"4125\" data-end=\"4267\">Mit dem richtigen Gleichgewicht kann der orange Antrieb Unternehmen zu neuen H\u00f6hen f\u00fchren \u2013 durch greifbare Erfolge und nachhaltiges Wachstum.<\/p>\n<h3 data-start=\"4269\" data-end=\"4564\">M\u00f6chtest du herausfinden, wie dein F\u00fchrungsstil und deine Antriebe deine Organisation st\u00e4rken k\u00f6nnen?<\/h3>\n<p class=\"\" data-start=\"4269\" data-end=\"4564\">Management Drives hilft dir, dein pers\u00f6nliches Profil zu verstehen und stellt dir die Werkzeuge zur Verf\u00fcgung, um deine F\u00fchrung auf das n\u00e4chste Level zu heben. Kontaktiere uns noch heute!<\/p>\n","protected":false},"excerpt":{"rendered":"<p>Der F\u00fchrungsstil \u201eUnternehmer\u201c steht f\u00fcr Ehrgeiz, Zielorientierung und die Nutzung von Chancen. Dieser Stil wird vom orangen Antrieb von Management Drives getragen, der auf Wachstum, Erfolg und Ergebnisse ausgerichtet ist. Eine unternehmerisch gepr\u00e4gte F\u00fchrungskraft ist der Motor f\u00fcr Innovation und Fortschritt \u2013 mit einem klaren Fokus auf das Erreichen konkreter Ziele. Was bedeutet der F\u00fchrungsstil [&hellip;]<\/p>\n","protected":false},"author":3384,"featured_media":55057,"parent":55004,"menu_order":3,"comment_status":"closed","ping_status":"closed","template":"template-leadership-single.php","meta":{"_acf_changed":false,"footnotes":""},"class_list":["post--55116","post--page","post--type-page","post--status-publish","post--has-post-thumbnail","post--hentry"],"acf":[],"yoast_head":"<!-- This site is optimized with the Yoast SEO plugin v27.3 - https:\/\/yoast.com\/product\/yoast-seo-wordpress\/ -->\n<title>Unternehmer - Der orange F\u00fchrungsstil von Management Drives<\/title>\n<meta name=\"description\" content=\"Entdecke alles \u00fcber den orangen F\u00fchrungsstil \u201eUnternehmer\u201c von Management Drives. Bist du ein echter Unternehmer? Finde es jetzt heraus.\" \/>\n<meta name=\"robots\" content=\"index, follow, max-snippet:-1, max-image-preview:large, max-video-preview:-1\" \/>\n<link rel=\"canonical\" href=\"https:\/\/managementdrives.com\/de\/fuehrungsstile\/unternehmer\/\" \/>\n<meta property=\"og:locale\" content=\"de_DE\" \/>\n<meta property=\"og:type\" content=\"article\" \/>\n<meta property=\"og:title\" content=\"Unternehmer - De oranje leiderschapsstijl van Management Drives\" \/>\n<meta property=\"og:description\" content=\"Ontdek alles over de oranje leiderschapsstijl &#039;ondernemer&#039; van Management Drives. Ben jij een echte ondernemer? Kom er nu achter.\" \/>\n<meta property=\"og:url\" content=\"https:\/\/managementdrives.com\/de\/fuehrungsstile\/unternehmer\/\" \/>\n<meta property=\"og:site_name\" content=\"Management Drives\" \/>\n<meta property=\"article:modified_time\" content=\"2025-04-24T11:23:24+00:00\" \/>\n<meta property=\"og:image\" content=\"https:\/\/managementdrives.com\/wp-content\/uploads\/2025\/04\/3.png\" \/>\n\t<meta property=\"og:image:width\" content=\"1748\" \/>\n\t<meta property=\"og:image:height\" content=\"1240\" \/>\n\t<meta property=\"og:image:type\" content=\"image\/png\" \/>\n<meta name=\"twitter:card\" content=\"summary_large_image\" \/>\n<meta name=\"twitter:title\" content=\"Unternehmer - De oranje leiderschapsstijl van Management Drives\" \/>\n<meta name=\"twitter:description\" content=\"Ontdek alles over de oranje leiderschapsstijl &#039;ondernemer&#039; van Management Drives. Ben jij een echte ondernemer? Kom er nu achter.\" \/>\n<meta name=\"twitter:label1\" content=\"Gesch\u00e4tzte Lesezeit\" \/>\n\t<meta name=\"twitter:data1\" content=\"4\u00a0Minuten\" \/>\n<script type=\"application\/ld+json\" class=\"yoast-schema-graph\">{\"@context\":\"https:\\\/\\\/schema.org\",\"@graph\":[{\"@type\":\"WebPage\",\"@id\":\"https:\\\/\\\/managementdrives.com\\\/de\\\/fuehrungsstile\\\/unternehmer\\\/\",\"url\":\"https:\\\/\\\/managementdrives.com\\\/de\\\/fuehrungsstile\\\/unternehmer\\\/\",\"name\":\"Unternehmer - Der orange F\u00fchrungsstil von Management Drives\",\"isPartOf\":{\"@id\":\"https:\\\/\\\/managementdrives.com\\\/de\\\/#website\"},\"primaryImageOfPage\":{\"@id\":\"https:\\\/\\\/managementdrives.com\\\/de\\\/fuehrungsstile\\\/unternehmer\\\/#primaryimage\"},\"image\":{\"@id\":\"https:\\\/\\\/managementdrives.com\\\/de\\\/fuehrungsstile\\\/unternehmer\\\/#primaryimage\"},\"thumbnailUrl\":\"https:\\\/\\\/managementdrives.com\\\/wp-content\\\/uploads\\\/2025\\\/04\\\/3.png\",\"datePublished\":\"2024-12-10T09:03:24+00:00\",\"dateModified\":\"2025-04-24T11:23:24+00:00\",\"description\":\"Entdecke alles \u00fcber den orangen F\u00fchrungsstil \u201eUnternehmer\u201c von Management Drives. Bist du ein echter Unternehmer? Finde es jetzt heraus.\",\"breadcrumb\":{\"@id\":\"https:\\\/\\\/managementdrives.com\\\/de\\\/fuehrungsstile\\\/unternehmer\\\/#breadcrumb\"},\"inLanguage\":\"de\",\"potentialAction\":[{\"@type\":\"ReadAction\",\"target\":[\"https:\\\/\\\/managementdrives.com\\\/de\\\/fuehrungsstile\\\/unternehmer\\\/\"]}]},{\"@type\":\"ImageObject\",\"inLanguage\":\"de\",\"@id\":\"https:\\\/\\\/managementdrives.com\\\/de\\\/fuehrungsstile\\\/unternehmer\\\/#primaryimage\",\"url\":\"https:\\\/\\\/managementdrives.com\\\/wp-content\\\/uploads\\\/2025\\\/04\\\/3.png\",\"contentUrl\":\"https:\\\/\\\/managementdrives.com\\\/wp-content\\\/uploads\\\/2025\\\/04\\\/3.png\",\"width\":1748,\"height\":1240,\"caption\":\"Der orange F\u00fchrungsstil von Management Drives\"},{\"@type\":\"BreadcrumbList\",\"@id\":\"https:\\\/\\\/managementdrives.com\\\/de\\\/fuehrungsstile\\\/unternehmer\\\/#breadcrumb\",\"itemListElement\":[{\"@type\":\"ListItem\",\"position\":1,\"name\":\"Home\",\"item\":\"https:\\\/\\\/managementdrives.com\\\/de\\\/\"},{\"@type\":\"ListItem\",\"position\":2,\"name\":\"F\u00fchrungsstile\",\"item\":\"https:\\\/\\\/managementdrives.com\\\/de\\\/fuehrungsstile\\\/\"},{\"@type\":\"ListItem\",\"position\":3,\"name\":\"Unternehmer\"}]},{\"@type\":\"WebSite\",\"@id\":\"https:\\\/\\\/managementdrives.com\\\/de\\\/#website\",\"url\":\"https:\\\/\\\/managementdrives.com\\\/de\\\/\",\"name\":\"Management Drives\",\"description\":\"Turning potential into performance\",\"publisher\":{\"@id\":\"https:\\\/\\\/managementdrives.com\\\/de\\\/#organization\"},\"potentialAction\":[{\"@type\":\"SearchAction\",\"target\":{\"@type\":\"EntryPoint\",\"urlTemplate\":\"https:\\\/\\\/managementdrives.com\\\/de\\\/?s={search_term_string}\"},\"query-input\":{\"@type\":\"PropertyValueSpecification\",\"valueRequired\":true,\"valueName\":\"search_term_string\"}}],\"inLanguage\":\"de\"},{\"@type\":\"Organization\",\"@id\":\"https:\\\/\\\/managementdrives.com\\\/de\\\/#organization\",\"name\":\"Management Drives\",\"url\":\"https:\\\/\\\/managementdrives.com\\\/de\\\/\",\"logo\":{\"@type\":\"ImageObject\",\"inLanguage\":\"de\",\"@id\":\"https:\\\/\\\/managementdrives.com\\\/de\\\/#\\\/schema\\\/logo\\\/image\\\/\",\"url\":\"https:\\\/\\\/managementdrives.com\\\/wp-content\\\/uploads\\\/2022\\\/06\\\/Management-Drives-logo-lr.png\",\"contentUrl\":\"https:\\\/\\\/managementdrives.com\\\/wp-content\\\/uploads\\\/2022\\\/06\\\/Management-Drives-logo-lr.png\",\"width\":400,\"height\":315,\"caption\":\"Management Drives\"},\"image\":{\"@id\":\"https:\\\/\\\/managementdrives.com\\\/de\\\/#\\\/schema\\\/logo\\\/image\\\/\"},\"sameAs\":[\"https:\\\/\\\/www.linkedin.com\\\/company\\\/management-drives-holding-bv\\\/\"]}]}<\/script>\n<!-- \/ Yoast SEO plugin. -->","yoast_head_json":{"title":"Unternehmer - Der orange F\u00fchrungsstil von Management Drives","description":"Entdecke alles \u00fcber den orangen F\u00fchrungsstil \u201eUnternehmer\u201c von Management Drives. Bist du ein echter Unternehmer? Finde es jetzt heraus.","robots":{"index":"index","follow":"follow","max-snippet":"max-snippet:-1","max-image-preview":"max-image-preview:large","max-video-preview":"max-video-preview:-1"},"canonical":"https:\/\/managementdrives.com\/de\/fuehrungsstile\/unternehmer\/","og_locale":"de_DE","og_type":"article","og_title":"Unternehmer - De oranje leiderschapsstijl van Management Drives","og_description":"Ontdek alles over de oranje leiderschapsstijl 'ondernemer' van Management Drives. Ben jij een echte ondernemer? Kom er nu achter.","og_url":"https:\/\/managementdrives.com\/de\/fuehrungsstile\/unternehmer\/","og_site_name":"Management Drives","article_modified_time":"2025-04-24T11:23:24+00:00","og_image":[{"width":1748,"height":1240,"url":"https:\/\/managementdrives.com\/wp-content\/uploads\/2025\/04\/3.png","type":"image\/png"}],"twitter_card":"summary_large_image","twitter_title":"Unternehmer - De oranje leiderschapsstijl van Management Drives","twitter_description":"Ontdek alles over de oranje leiderschapsstijl 'ondernemer' van Management Drives. Ben jij een echte ondernemer? Kom er nu achter.","twitter_misc":{"Gesch\u00e4tzte Lesezeit":"4\u00a0Minuten"},"schema":{"@context":"https:\/\/schema.org","@graph":[{"@type":"WebPage","@id":"https:\/\/managementdrives.com\/de\/fuehrungsstile\/unternehmer\/","url":"https:\/\/managementdrives.com\/de\/fuehrungsstile\/unternehmer\/","name":"Unternehmer - Der orange F\u00fchrungsstil von Management Drives","isPartOf":{"@id":"https:\/\/managementdrives.com\/de\/#website"},"primaryImageOfPage":{"@id":"https:\/\/managementdrives.com\/de\/fuehrungsstile\/unternehmer\/#primaryimage"},"image":{"@id":"https:\/\/managementdrives.com\/de\/fuehrungsstile\/unternehmer\/#primaryimage"},"thumbnailUrl":"https:\/\/managementdrives.com\/wp-content\/uploads\/2025\/04\/3.png","datePublished":"2024-12-10T09:03:24+00:00","dateModified":"2025-04-24T11:23:24+00:00","description":"Entdecke alles \u00fcber den orangen F\u00fchrungsstil \u201eUnternehmer\u201c von Management Drives. Bist du ein echter Unternehmer? Finde es jetzt heraus.","breadcrumb":{"@id":"https:\/\/managementdrives.com\/de\/fuehrungsstile\/unternehmer\/#breadcrumb"},"inLanguage":"de","potentialAction":[{"@type":"ReadAction","target":["https:\/\/managementdrives.com\/de\/fuehrungsstile\/unternehmer\/"]}]},{"@type":"ImageObject","inLanguage":"de","@id":"https:\/\/managementdrives.com\/de\/fuehrungsstile\/unternehmer\/#primaryimage","url":"https:\/\/managementdrives.com\/wp-content\/uploads\/2025\/04\/3.png","contentUrl":"https:\/\/managementdrives.com\/wp-content\/uploads\/2025\/04\/3.png","width":1748,"height":1240,"caption":"Der orange F\u00fchrungsstil von Management Drives"},{"@type":"BreadcrumbList","@id":"https:\/\/managementdrives.com\/de\/fuehrungsstile\/unternehmer\/#breadcrumb","itemListElement":[{"@type":"ListItem","position":1,"name":"Home","item":"https:\/\/managementdrives.com\/de\/"},{"@type":"ListItem","position":2,"name":"F\u00fchrungsstile","item":"https:\/\/managementdrives.com\/de\/fuehrungsstile\/"},{"@type":"ListItem","position":3,"name":"Unternehmer"}]},{"@type":"WebSite","@id":"https:\/\/managementdrives.com\/de\/#website","url":"https:\/\/managementdrives.com\/de\/","name":"Management Drives","description":"Turning potential into performance","publisher":{"@id":"https:\/\/managementdrives.com\/de\/#organization"},"potentialAction":[{"@type":"SearchAction","target":{"@type":"EntryPoint","urlTemplate":"https:\/\/managementdrives.com\/de\/?s={search_term_string}"},"query-input":{"@type":"PropertyValueSpecification","valueRequired":true,"valueName":"search_term_string"}}],"inLanguage":"de"},{"@type":"Organization","@id":"https:\/\/managementdrives.com\/de\/#organization","name":"Management Drives","url":"https:\/\/managementdrives.com\/de\/","logo":{"@type":"ImageObject","inLanguage":"de","@id":"https:\/\/managementdrives.com\/de\/#\/schema\/logo\/image\/","url":"https:\/\/managementdrives.com\/wp-content\/uploads\/2022\/06\/Management-Drives-logo-lr.png","contentUrl":"https:\/\/managementdrives.com\/wp-content\/uploads\/2022\/06\/Management-Drives-logo-lr.png","width":400,"height":315,"caption":"Management Drives"},"image":{"@id":"https:\/\/managementdrives.com\/de\/#\/schema\/logo\/image\/"},"sameAs":["https:\/\/www.linkedin.com\/company\/management-drives-holding-bv\/"]}]}},"_links":{"self":[{"href":"https:\/\/managementdrives.com\/de\/wp-json\/wp\/v2\/pages\/55116","targetHints":{"allow":["GET"]}}],"collection":[{"href":"https:\/\/managementdrives.com\/de\/wp-json\/wp\/v2\/pages"}],"about":[{"href":"https:\/\/managementdrives.com\/de\/wp-json\/wp\/v2\/types\/page"}],"author":[{"embeddable":true,"href":"https:\/\/managementdrives.com\/de\/wp-json\/wp\/v2\/users\/3384"}],"replies":[{"embeddable":true,"href":"https:\/\/managementdrives.com\/de\/wp-json\/wp\/v2\/comments?post=55116"}],"version-history":[{"count":3,"href":"https:\/\/managementdrives.com\/de\/wp-json\/wp\/v2\/pages\/55116\/revisions"}],"predecessor-version":[{"id":55119,"href":"https:\/\/managementdrives.com\/de\/wp-json\/wp\/v2\/pages\/55116\/revisions\/55119"}],"up":[{"embeddable":true,"href":"https:\/\/managementdrives.com\/de\/wp-json\/wp\/v2\/pages\/55004"}],"wp:featuredmedia":[{"embeddable":true,"href":"https:\/\/managementdrives.com\/de\/wp-json\/wp\/v2\/media\/55057"}],"wp:attachment":[{"href":"https:\/\/managementdrives.com\/de\/wp-json\/wp\/v2\/media?parent=55116"}],"curies":[{"name":"wp","href":"https:\/\/api.w.org\/{rel}","templated":true}]}}