{"id":55111,"date":"2024-12-10T09:53:09","date_gmt":"2024-12-10T08:53:09","guid":{"rendered":"https:\/\/managementdrives.com\/fuehrungsstile\/people-manager\/"},"modified":"2025-04-24T13:16:52","modified_gmt":"2025-04-24T11:16:52","slug":"people-manager","status":"publish","type":"page","link":"https:\/\/managementdrives.com\/de\/fuehrungsstile\/people-manager\/","title":{"rendered":"People Manager"},"content":{"rendered":"<p class=\"\" data-start=\"106\" data-end=\"521\"><strong data-start=\"106\" data-end=\"143\"><img loading=\"lazy\" decoding=\"async\" class=\"alignright wp-image-55044\" title=\"people manager\" src=\"https:\/\/managementdrives.com\/wp-content\/uploads\/2025\/04\/2-743x527.png\" alt=\"Der gr\u00fcne F\u00fchrungsstil | Management Drives\" width=\"392\" height=\"278\" srcset=\"https:\/\/managementdrives.com\/wp-content\/uploads\/2025\/04\/2-743x527.png 743w, https:\/\/managementdrives.com\/wp-content\/uploads\/2025\/04\/2-1024x726.png 1024w, https:\/\/managementdrives.com\/wp-content\/uploads\/2025\/04\/2-768x545.png 768w, https:\/\/managementdrives.com\/wp-content\/uploads\/2025\/04\/2-1536x1090.png 1536w, https:\/\/managementdrives.com\/wp-content\/uploads\/2025\/04\/2-1280x908.png 1280w, https:\/\/managementdrives.com\/wp-content\/uploads\/2025\/04\/2-615x436.png 615w, https:\/\/managementdrives.com\/wp-content\/uploads\/2025\/04\/2.png 1748w\" sizes=\"auto, (max-width: 392px) 100vw, 392px\" \/>Der F\u00fchrungsstil \u201ePeople Manager\u201c<\/strong> steht im Zeichen von Zusammenarbeit, Empathie und der Schaffung eines harmonischen Arbeitsumfelds. Dieser Stil ist eng mit dem gr\u00fcnen Antrieb von Management Drives verbunden, der sich auf soziale Verbundenheit, Gleichwertigkeit und F\u00fcrsorge f\u00fcr andere konzentriert. Ein People Manager zeichnet sich dadurch aus, dass er Menschen miteinander verbindet und den Teamgeist f\u00f6rdert.<\/p>\n<p class=\"\" data-start=\"523\" data-end=\"964\"><strong data-start=\"523\" data-end=\"574\">Was bedeutet der F\u00fchrungsstil \u201ePeople Manager\u201c?<\/strong><br data-start=\"574\" data-end=\"577\" \/>Ein People Manager ist eine F\u00fchrungskraft, die die Bed\u00fcrfnisse und Gef\u00fchle des Teams in den Mittelpunkt stellt. Dieser F\u00fchrungstyp schafft ein Umfeld, in dem sich alle geh\u00f6rt, gesehen und wertgesch\u00e4tzt f\u00fchlen. Der Schwerpunkt liegt auf dem Aufbau von Beziehungen, der St\u00e4rkung der Zusammenarbeit und der Schaffung eines Arbeitsumfelds, in dem sich Teammitglieder weiterentwickeln k\u00f6nnen.<\/p>\n<p class=\"\" data-start=\"966\" data-end=\"1004\"><strong data-start=\"966\" data-end=\"1002\">Kernwerte eines People Managers:<\/strong><\/p>\n<ul data-start=\"1005\" data-end=\"1246\">\n<li class=\"\" data-start=\"1005\" data-end=\"1069\">\n<p class=\"\" data-start=\"1007\" data-end=\"1069\"><strong data-start=\"1007\" data-end=\"1022\">Engagement:<\/strong> Stets auf das Wohlergehen des Teams bedacht.<\/p>\n<\/li>\n<li class=\"\" data-start=\"1070\" data-end=\"1172\">\n<p class=\"\" data-start=\"1072\" data-end=\"1172\"><strong data-start=\"1072\" data-end=\"1091\">Zusammenarbeit:<\/strong> F\u00f6rdert eine Kultur der offenen Kommunikation und der geteilten Verantwortung.<\/p>\n<\/li>\n<li class=\"\" data-start=\"1173\" data-end=\"1246\">\n<p class=\"\" data-start=\"1175\" data-end=\"1246\"><strong data-start=\"1175\" data-end=\"1188\">Empathie:<\/strong> H\u00f6rt aktiv zu und geht auf die Bed\u00fcrfnisse des Teams ein.<\/p>\n<\/li>\n<\/ul>\n<p class=\"\" data-start=\"1248\" data-end=\"1619\"><strong data-start=\"1248\" data-end=\"1302\">Die Rolle des gr\u00fcnen Antriebs im People Management<\/strong><br data-start=\"1302\" data-end=\"1305\" \/>Der gr\u00fcne Antrieb bildet das Fundament des F\u00fchrungsstils \u201ePeople Manager\u201c. Es geht um Verbundenheit, Harmonie und Aufmerksamkeit f\u00fcr die menschliche Seite der Arbeit. Gr\u00fcne F\u00fchrungskr\u00e4fte sind davon \u00fcberzeugt, dass starke Beziehungen der Schl\u00fcssel zum Erfolg sind \u2013 sowohl f\u00fcr das Individuum als auch f\u00fcr das Team.<\/p>\n<p class=\"\" data-start=\"1621\" data-end=\"1668\"><strong data-start=\"1621\" data-end=\"1666\">Was macht gr\u00fcne F\u00fchrungskr\u00e4fte besonders?<\/strong><\/p>\n<ul data-start=\"1669\" data-end=\"2003\">\n<li class=\"\" data-start=\"1669\" data-end=\"1776\">\n<p class=\"\" data-start=\"1671\" data-end=\"1776\"><strong data-start=\"1671\" data-end=\"1697\">Soziale Verbundenheit:<\/strong> Sie schaffen ein inklusives Arbeitsumfeld, in dem sich alle zu Hause f\u00fchlen.<\/p>\n<\/li>\n<li class=\"\" data-start=\"1777\" data-end=\"1876\">\n<p class=\"\" data-start=\"1779\" data-end=\"1876\"><strong data-start=\"1779\" data-end=\"1800\">Teamorientierung:<\/strong> Gr\u00fcne F\u00fchrungskr\u00e4fte stellen das kollektive Wohl \u00fcber individuelle Ziele.<\/p>\n<\/li>\n<li class=\"\" data-start=\"1877\" data-end=\"2003\">\n<p class=\"\" data-start=\"1879\" data-end=\"2003\"><strong data-start=\"1879\" data-end=\"1919\">Aufmerksamkeit f\u00fcr das Wohlbefinden:<\/strong> Sie erkennen Spannungen fr\u00fchzeitig und bieten Unterst\u00fctzung, wo sie gebraucht wird.<\/p>\n<\/li>\n<\/ul>\n<p class=\"\" data-start=\"2005\" data-end=\"2165\">Der gr\u00fcne Antrieb tritt besonders in Organisationen hervor, die auf Zusammenarbeit, sozialen Einfluss und das Wohlbefinden der Mitarbeitenden ausgerichtet sind.<\/p>\n<p class=\"\" data-start=\"2167\" data-end=\"2290\"><strong data-start=\"2167\" data-end=\"2233\">Wann funktioniert der F\u00fchrungsstil \u201ePeople Manager\u201c am besten?<\/strong><br data-start=\"2233\" data-end=\"2236\" \/>Der People Manager-Stil ist besonders wirksam, wenn:<\/p>\n<ul data-start=\"2291\" data-end=\"2447\">\n<li class=\"\" data-start=\"2291\" data-end=\"2329\">\n<p class=\"\" data-start=\"2293\" data-end=\"2329\">Teams eng zusammenarbeiten m\u00fcssen.<\/p>\n<\/li>\n<li class=\"\" data-start=\"2330\" data-end=\"2390\">\n<p class=\"\" data-start=\"2332\" data-end=\"2390\">Ein sicheres und offenes Arbeitsumfeld erforderlich ist.<\/p>\n<\/li>\n<li class=\"\" data-start=\"2391\" data-end=\"2447\">\n<p class=\"\" data-start=\"2393\" data-end=\"2447\">Soziale Verbundenheit entscheidend f\u00fcr den Erfolg ist.<\/p>\n<\/li>\n<\/ul>\n<p class=\"\" data-start=\"2449\" data-end=\"2583\">Beispielsweise in kreativen Teams, Pflegeeinrichtungen oder Non-Profit-Organisationen, wo Zusammenarbeit und Empathie essenziell sind.<\/p>\n<p class=\"\" data-start=\"2585\" data-end=\"2685\"><strong data-start=\"2585\" data-end=\"2642\">Vorteile und Herausforderungen des People Managements<\/strong><br data-start=\"2642\" data-end=\"2645\" \/><strong data-start=\"2645\" data-end=\"2683\">Vorteile des People Manager-Stils:<\/strong><\/p>\n<ul data-start=\"2686\" data-end=\"2973\">\n<li class=\"\" data-start=\"2686\" data-end=\"2779\">\n<p class=\"\" data-start=\"2688\" data-end=\"2779\"><strong data-start=\"2688\" data-end=\"2721\">H\u00f6here Mitarbeitendenbindung:<\/strong> Teammitglieder f\u00fchlen sich wertgesch\u00e4tzt und motiviert.<\/p>\n<\/li>\n<li class=\"\" data-start=\"2780\" data-end=\"2880\">\n<p class=\"\" data-start=\"2782\" data-end=\"2880\"><strong data-start=\"2782\" data-end=\"2809\">Bessere Zusammenarbeit:<\/strong> Offene Kommunikation und gegenseitiger Respekt f\u00f6rdern die Leistung.<\/p>\n<\/li>\n<li class=\"\" data-start=\"2881\" data-end=\"2973\">\n<p class=\"\" data-start=\"2883\" data-end=\"2973\"><strong data-start=\"2883\" data-end=\"2911\">Geringeres Stressniveau:<\/strong> Eine empathische F\u00fchrungskraft sorgt f\u00fcr ein sicheres Umfeld.<\/p>\n<\/li>\n<\/ul>\n<p class=\"\" data-start=\"2975\" data-end=\"3024\"><strong data-start=\"2975\" data-end=\"3022\">Herausforderungen des People Manager-Stils:<\/strong><\/p>\n<ul data-start=\"3025\" data-end=\"3359\">\n<li class=\"\" data-start=\"3025\" data-end=\"3151\">\n<p class=\"\" data-start=\"3027\" data-end=\"3151\"><strong data-start=\"3027\" data-end=\"3071\">Schwierigkeiten beim Setzen von Grenzen:<\/strong> Zu viel Fokus auf Harmonie kann dazu f\u00fchren, dass Konflikte vermieden werden.<\/p>\n<\/li>\n<li class=\"\" data-start=\"3152\" data-end=\"3238\">\n<p class=\"\" data-start=\"3154\" data-end=\"3238\"><strong data-start=\"3154\" data-end=\"3180\">Entscheidungsschw\u00e4che:<\/strong> Das Streben nach Konsens kann Entscheidungen verz\u00f6gern.<\/p>\n<\/li>\n<li class=\"\" data-start=\"3239\" data-end=\"3359\">\n<p class=\"\" data-start=\"3241\" data-end=\"3359\"><strong data-start=\"3241\" data-end=\"3257\">\u00dcberlastung:<\/strong> People Manager laufen Gefahr, sich selbst zu \u00fcberfordern, weil sie st\u00e4ndig f\u00fcr andere da sein wollen.<\/p>\n<\/li>\n<\/ul>\n<p class=\"\" data-start=\"3361\" data-end=\"3608\"><strong data-start=\"3361\" data-end=\"3417\">People Management in der Praxis: Beispiele und Tipps<\/strong><br data-start=\"3417\" data-end=\"3420\" \/>Der People Manager-Stil ist besonders in Teams und Organisationen zu finden, in denen Zusammenarbeit der Schl\u00fcssel zum Erfolg ist. Hier einige Tipps zur wirksamen Umsetzung dieses Stils:<\/p>\n<ul data-start=\"3609\" data-end=\"3874\">\n<li class=\"\" data-start=\"3609\" data-end=\"3698\">\n<p class=\"\" data-start=\"3611\" data-end=\"3698\"><strong data-start=\"3611\" data-end=\"3640\">Regelm\u00e4\u00dfig kommunizieren:<\/strong> Offene und ehrliche Kommunikation st\u00e4rkt das Vertrauen.<\/p>\n<\/li>\n<li class=\"\" data-start=\"3699\" data-end=\"3777\">\n<p class=\"\" data-start=\"3701\" data-end=\"3777\"><strong data-start=\"3701\" data-end=\"3720\">Grenzen setzen:<\/strong> Achte als F\u00fchrungskraft auch auf deine eigene Energie.<\/p>\n<\/li>\n<li class=\"\" data-start=\"3778\" data-end=\"3874\">\n<p class=\"\" data-start=\"3780\" data-end=\"3874\"><strong data-start=\"3780\" data-end=\"3808\">Teamentwicklung f\u00f6rdern:<\/strong> Unterst\u00fctze pers\u00f6nliches Wachstum und die Zusammenarbeit im Team.<\/p>\n<\/li>\n<\/ul>\n<p class=\"\" data-start=\"3876\" data-end=\"4105\">Ein klassisches Beispiel f\u00fcr eine People Manager-F\u00fchrungskraft ist eine Teamleitung im Pflegebereich, die nicht nur die operativen Aufgaben managt, sondern sich auch aktiv um das Wohlbefinden und die Motivation des Teams k\u00fcmmert.<\/p>\n<p class=\"\" data-start=\"4107\" data-end=\"4306\"><strong data-start=\"4107\" data-end=\"4162\">Wie gr\u00fcne F\u00fchrungskr\u00e4fte deine Organisation st\u00e4rken<\/strong><br data-start=\"4162\" data-end=\"4165\" \/>People Manager mit einem starken gr\u00fcnen Antrieb sind unverzichtbar f\u00fcr Organisationen, die Wert auf Zusammenarbeit und Harmonie legen. Sie:<\/p>\n<ul data-start=\"4307\" data-end=\"4439\">\n<li class=\"\" data-start=\"4307\" data-end=\"4333\">\n<p class=\"\" data-start=\"4309\" data-end=\"4333\">St\u00e4rken den Teamgeist.<\/p>\n<\/li>\n<li class=\"\" data-start=\"4334\" data-end=\"4381\">\n<p class=\"\" data-start=\"4336\" data-end=\"4381\">Schaffen eine inklusive Unternehmenskultur.<\/p>\n<\/li>\n<li class=\"\" data-start=\"4382\" data-end=\"4439\">\n<p class=\"\" data-start=\"4384\" data-end=\"4439\">F\u00f6rdern die nachhaltige Entwicklung der Mitarbeitenden.<\/p>\n<\/li>\n<\/ul>\n<p class=\"\" data-start=\"4441\" data-end=\"4580\">Gr\u00fcne F\u00fchrungskr\u00e4fte machen den Unterschied, indem sie menschenzentriert f\u00fchren und ein Umfeld schaffen, in dem sich jede*r entfalten kann.<\/p>\n<p class=\"\" data-start=\"4582\" data-end=\"4757\"><strong data-start=\"4582\" data-end=\"4636\">Entdecke deinen F\u00fchrungsstil mit Management Drives<\/strong> und erfahre, wie der gr\u00fcne Antrieb deine Wirkung als F\u00fchrungskraft verst\u00e4rken kann. Nimm noch heute Kontakt mit uns auf!<\/p>\n","protected":false},"excerpt":{"rendered":"<p>Der F\u00fchrungsstil \u201ePeople Manager\u201c steht im Zeichen von Zusammenarbeit, Empathie und der Schaffung eines harmonischen Arbeitsumfelds. Dieser Stil ist eng mit dem gr\u00fcnen Antrieb von Management Drives verbunden, der sich auf soziale Verbundenheit, Gleichwertigkeit und F\u00fcrsorge f\u00fcr andere konzentriert. Ein People Manager zeichnet sich dadurch aus, dass er Menschen miteinander verbindet und den Teamgeist f\u00f6rdert. [&hellip;]<\/p>\n","protected":false},"author":3384,"featured_media":55044,"parent":55004,"menu_order":2,"comment_status":"closed","ping_status":"closed","template":"template-leadership-single.php","meta":{"_acf_changed":false,"footnotes":""},"class_list":["post--55111","post--page","post--type-page","post--status-publish","post--has-post-thumbnail","post--hentry"],"acf":[],"yoast_head":"<!-- This site is optimized with the Yoast SEO plugin v27.3 - https:\/\/yoast.com\/product\/yoast-seo-wordpress\/ -->\n<title>People Manager - Der gr\u00fcne F\u00fchrungsstil | Management Drives<\/title>\n<meta name=\"description\" content=\"Entdecke alles \u00fcber den gr\u00fcnen F\u00fchrungsstil \u201ePeople Manager\u201c von Management Drives. Bist du ein People Manager? Finde es jetzt heraus.\" \/>\n<meta name=\"robots\" content=\"index, follow, max-snippet:-1, max-image-preview:large, max-video-preview:-1\" \/>\n<link rel=\"canonical\" href=\"https:\/\/managementdrives.com\/de\/fuehrungsstile\/people-manager\/\" \/>\n<meta property=\"og:locale\" content=\"de_DE\" \/>\n<meta property=\"og:type\" content=\"article\" \/>\n<meta property=\"og:title\" content=\"People Manager - De groene leiderschapsstijl van Management Drives\" \/>\n<meta property=\"og:description\" content=\"Ontdek alles over de groene leiderschapsstijl &#039;people manager&#039; van Management Drives. Ben jij een people manager? Kom er nu achter.\" \/>\n<meta property=\"og:url\" content=\"https:\/\/managementdrives.com\/de\/fuehrungsstile\/people-manager\/\" \/>\n<meta property=\"og:site_name\" content=\"Management Drives\" \/>\n<meta property=\"article:modified_time\" content=\"2025-04-24T11:16:52+00:00\" \/>\n<meta property=\"og:image\" content=\"https:\/\/managementdrives.com\/wp-content\/uploads\/2025\/04\/2.png\" \/>\n\t<meta property=\"og:image:width\" content=\"1748\" \/>\n\t<meta property=\"og:image:height\" content=\"1240\" \/>\n\t<meta property=\"og:image:type\" content=\"image\/png\" \/>\n<meta name=\"twitter:card\" content=\"summary_large_image\" \/>\n<meta name=\"twitter:title\" content=\"People Manager - De groene leiderschapsstijl van Management Drives\" \/>\n<meta name=\"twitter:description\" content=\"Ontdek alles over de groene leiderschapsstijl &#039;people manager&#039; van Management Drives. Ben jij een people manager? Kom er nu achter.\" \/>\n<meta name=\"twitter:label1\" content=\"Gesch\u00e4tzte Lesezeit\" \/>\n\t<meta name=\"twitter:data1\" content=\"4\u00a0Minuten\" \/>\n<script type=\"application\/ld+json\" class=\"yoast-schema-graph\">{\"@context\":\"https:\\\/\\\/schema.org\",\"@graph\":[{\"@type\":\"WebPage\",\"@id\":\"https:\\\/\\\/managementdrives.com\\\/de\\\/fuehrungsstile\\\/people-manager\\\/\",\"url\":\"https:\\\/\\\/managementdrives.com\\\/de\\\/fuehrungsstile\\\/people-manager\\\/\",\"name\":\"People Manager - Der gr\u00fcne F\u00fchrungsstil | Management Drives\",\"isPartOf\":{\"@id\":\"https:\\\/\\\/managementdrives.com\\\/de\\\/#website\"},\"primaryImageOfPage\":{\"@id\":\"https:\\\/\\\/managementdrives.com\\\/de\\\/fuehrungsstile\\\/people-manager\\\/#primaryimage\"},\"image\":{\"@id\":\"https:\\\/\\\/managementdrives.com\\\/de\\\/fuehrungsstile\\\/people-manager\\\/#primaryimage\"},\"thumbnailUrl\":\"https:\\\/\\\/managementdrives.com\\\/wp-content\\\/uploads\\\/2025\\\/04\\\/2.png\",\"datePublished\":\"2024-12-10T08:53:09+00:00\",\"dateModified\":\"2025-04-24T11:16:52+00:00\",\"description\":\"Entdecke alles \u00fcber den gr\u00fcnen F\u00fchrungsstil \u201ePeople Manager\u201c von Management Drives. Bist du ein People Manager? Finde es jetzt heraus.\",\"breadcrumb\":{\"@id\":\"https:\\\/\\\/managementdrives.com\\\/de\\\/fuehrungsstile\\\/people-manager\\\/#breadcrumb\"},\"inLanguage\":\"de\",\"potentialAction\":[{\"@type\":\"ReadAction\",\"target\":[\"https:\\\/\\\/managementdrives.com\\\/de\\\/fuehrungsstile\\\/people-manager\\\/\"]}]},{\"@type\":\"ImageObject\",\"inLanguage\":\"de\",\"@id\":\"https:\\\/\\\/managementdrives.com\\\/de\\\/fuehrungsstile\\\/people-manager\\\/#primaryimage\",\"url\":\"https:\\\/\\\/managementdrives.com\\\/wp-content\\\/uploads\\\/2025\\\/04\\\/2.png\",\"contentUrl\":\"https:\\\/\\\/managementdrives.com\\\/wp-content\\\/uploads\\\/2025\\\/04\\\/2.png\",\"width\":1748,\"height\":1240,\"caption\":\"Der gr\u00fcne F\u00fchrungsstil | Management Drives\"},{\"@type\":\"BreadcrumbList\",\"@id\":\"https:\\\/\\\/managementdrives.com\\\/de\\\/fuehrungsstile\\\/people-manager\\\/#breadcrumb\",\"itemListElement\":[{\"@type\":\"ListItem\",\"position\":1,\"name\":\"Home\",\"item\":\"https:\\\/\\\/managementdrives.com\\\/de\\\/\"},{\"@type\":\"ListItem\",\"position\":2,\"name\":\"F\u00fchrungsstile\",\"item\":\"https:\\\/\\\/managementdrives.com\\\/de\\\/fuehrungsstile\\\/\"},{\"@type\":\"ListItem\",\"position\":3,\"name\":\"People Manager\"}]},{\"@type\":\"WebSite\",\"@id\":\"https:\\\/\\\/managementdrives.com\\\/de\\\/#website\",\"url\":\"https:\\\/\\\/managementdrives.com\\\/de\\\/\",\"name\":\"Management Drives\",\"description\":\"Turning potential into performance\",\"publisher\":{\"@id\":\"https:\\\/\\\/managementdrives.com\\\/de\\\/#organization\"},\"potentialAction\":[{\"@type\":\"SearchAction\",\"target\":{\"@type\":\"EntryPoint\",\"urlTemplate\":\"https:\\\/\\\/managementdrives.com\\\/de\\\/?s={search_term_string}\"},\"query-input\":{\"@type\":\"PropertyValueSpecification\",\"valueRequired\":true,\"valueName\":\"search_term_string\"}}],\"inLanguage\":\"de\"},{\"@type\":\"Organization\",\"@id\":\"https:\\\/\\\/managementdrives.com\\\/de\\\/#organization\",\"name\":\"Management Drives\",\"url\":\"https:\\\/\\\/managementdrives.com\\\/de\\\/\",\"logo\":{\"@type\":\"ImageObject\",\"inLanguage\":\"de\",\"@id\":\"https:\\\/\\\/managementdrives.com\\\/de\\\/#\\\/schema\\\/logo\\\/image\\\/\",\"url\":\"https:\\\/\\\/managementdrives.com\\\/wp-content\\\/uploads\\\/2022\\\/06\\\/Management-Drives-logo-lr.png\",\"contentUrl\":\"https:\\\/\\\/managementdrives.com\\\/wp-content\\\/uploads\\\/2022\\\/06\\\/Management-Drives-logo-lr.png\",\"width\":400,\"height\":315,\"caption\":\"Management Drives\"},\"image\":{\"@id\":\"https:\\\/\\\/managementdrives.com\\\/de\\\/#\\\/schema\\\/logo\\\/image\\\/\"},\"sameAs\":[\"https:\\\/\\\/www.linkedin.com\\\/company\\\/management-drives-holding-bv\\\/\"]}]}<\/script>\n<!-- \/ Yoast SEO plugin. -->","yoast_head_json":{"title":"People Manager - Der gr\u00fcne F\u00fchrungsstil | Management Drives","description":"Entdecke alles \u00fcber den gr\u00fcnen F\u00fchrungsstil \u201ePeople Manager\u201c von Management Drives. Bist du ein People Manager? Finde es jetzt heraus.","robots":{"index":"index","follow":"follow","max-snippet":"max-snippet:-1","max-image-preview":"max-image-preview:large","max-video-preview":"max-video-preview:-1"},"canonical":"https:\/\/managementdrives.com\/de\/fuehrungsstile\/people-manager\/","og_locale":"de_DE","og_type":"article","og_title":"People Manager - De groene leiderschapsstijl van Management Drives","og_description":"Ontdek alles over de groene leiderschapsstijl 'people manager' van Management Drives. Ben jij een people manager? Kom er nu achter.","og_url":"https:\/\/managementdrives.com\/de\/fuehrungsstile\/people-manager\/","og_site_name":"Management Drives","article_modified_time":"2025-04-24T11:16:52+00:00","og_image":[{"width":1748,"height":1240,"url":"https:\/\/managementdrives.com\/wp-content\/uploads\/2025\/04\/2.png","type":"image\/png"}],"twitter_card":"summary_large_image","twitter_title":"People Manager - De groene leiderschapsstijl van Management Drives","twitter_description":"Ontdek alles over de groene leiderschapsstijl 'people manager' van Management Drives. Ben jij een people manager? Kom er nu achter.","twitter_misc":{"Gesch\u00e4tzte Lesezeit":"4\u00a0Minuten"},"schema":{"@context":"https:\/\/schema.org","@graph":[{"@type":"WebPage","@id":"https:\/\/managementdrives.com\/de\/fuehrungsstile\/people-manager\/","url":"https:\/\/managementdrives.com\/de\/fuehrungsstile\/people-manager\/","name":"People Manager - Der gr\u00fcne F\u00fchrungsstil | Management Drives","isPartOf":{"@id":"https:\/\/managementdrives.com\/de\/#website"},"primaryImageOfPage":{"@id":"https:\/\/managementdrives.com\/de\/fuehrungsstile\/people-manager\/#primaryimage"},"image":{"@id":"https:\/\/managementdrives.com\/de\/fuehrungsstile\/people-manager\/#primaryimage"},"thumbnailUrl":"https:\/\/managementdrives.com\/wp-content\/uploads\/2025\/04\/2.png","datePublished":"2024-12-10T08:53:09+00:00","dateModified":"2025-04-24T11:16:52+00:00","description":"Entdecke alles \u00fcber den gr\u00fcnen F\u00fchrungsstil \u201ePeople Manager\u201c von Management Drives. Bist du ein People Manager? Finde es jetzt heraus.","breadcrumb":{"@id":"https:\/\/managementdrives.com\/de\/fuehrungsstile\/people-manager\/#breadcrumb"},"inLanguage":"de","potentialAction":[{"@type":"ReadAction","target":["https:\/\/managementdrives.com\/de\/fuehrungsstile\/people-manager\/"]}]},{"@type":"ImageObject","inLanguage":"de","@id":"https:\/\/managementdrives.com\/de\/fuehrungsstile\/people-manager\/#primaryimage","url":"https:\/\/managementdrives.com\/wp-content\/uploads\/2025\/04\/2.png","contentUrl":"https:\/\/managementdrives.com\/wp-content\/uploads\/2025\/04\/2.png","width":1748,"height":1240,"caption":"Der gr\u00fcne F\u00fchrungsstil | Management Drives"},{"@type":"BreadcrumbList","@id":"https:\/\/managementdrives.com\/de\/fuehrungsstile\/people-manager\/#breadcrumb","itemListElement":[{"@type":"ListItem","position":1,"name":"Home","item":"https:\/\/managementdrives.com\/de\/"},{"@type":"ListItem","position":2,"name":"F\u00fchrungsstile","item":"https:\/\/managementdrives.com\/de\/fuehrungsstile\/"},{"@type":"ListItem","position":3,"name":"People Manager"}]},{"@type":"WebSite","@id":"https:\/\/managementdrives.com\/de\/#website","url":"https:\/\/managementdrives.com\/de\/","name":"Management Drives","description":"Turning potential into performance","publisher":{"@id":"https:\/\/managementdrives.com\/de\/#organization"},"potentialAction":[{"@type":"SearchAction","target":{"@type":"EntryPoint","urlTemplate":"https:\/\/managementdrives.com\/de\/?s={search_term_string}"},"query-input":{"@type":"PropertyValueSpecification","valueRequired":true,"valueName":"search_term_string"}}],"inLanguage":"de"},{"@type":"Organization","@id":"https:\/\/managementdrives.com\/de\/#organization","name":"Management Drives","url":"https:\/\/managementdrives.com\/de\/","logo":{"@type":"ImageObject","inLanguage":"de","@id":"https:\/\/managementdrives.com\/de\/#\/schema\/logo\/image\/","url":"https:\/\/managementdrives.com\/wp-content\/uploads\/2022\/06\/Management-Drives-logo-lr.png","contentUrl":"https:\/\/managementdrives.com\/wp-content\/uploads\/2022\/06\/Management-Drives-logo-lr.png","width":400,"height":315,"caption":"Management Drives"},"image":{"@id":"https:\/\/managementdrives.com\/de\/#\/schema\/logo\/image\/"},"sameAs":["https:\/\/www.linkedin.com\/company\/management-drives-holding-bv\/"]}]}},"_links":{"self":[{"href":"https:\/\/managementdrives.com\/de\/wp-json\/wp\/v2\/pages\/55111","targetHints":{"allow":["GET"]}}],"collection":[{"href":"https:\/\/managementdrives.com\/de\/wp-json\/wp\/v2\/pages"}],"about":[{"href":"https:\/\/managementdrives.com\/de\/wp-json\/wp\/v2\/types\/page"}],"author":[{"embeddable":true,"href":"https:\/\/managementdrives.com\/de\/wp-json\/wp\/v2\/users\/3384"}],"replies":[{"embeddable":true,"href":"https:\/\/managementdrives.com\/de\/wp-json\/wp\/v2\/comments?post=55111"}],"version-history":[{"count":4,"href":"https:\/\/managementdrives.com\/de\/wp-json\/wp\/v2\/pages\/55111\/revisions"}],"predecessor-version":[{"id":55115,"href":"https:\/\/managementdrives.com\/de\/wp-json\/wp\/v2\/pages\/55111\/revisions\/55115"}],"up":[{"embeddable":true,"href":"https:\/\/managementdrives.com\/de\/wp-json\/wp\/v2\/pages\/55004"}],"wp:featuredmedia":[{"embeddable":true,"href":"https:\/\/managementdrives.com\/de\/wp-json\/wp\/v2\/media\/55044"}],"wp:attachment":[{"href":"https:\/\/managementdrives.com\/de\/wp-json\/wp\/v2\/media?parent=55111"}],"curies":[{"name":"wp","href":"https:\/\/api.w.org\/{rel}","templated":true}]}}