{"id":55027,"date":"2024-12-10T10:22:19","date_gmt":"2024-12-10T09:22:19","guid":{"rendered":"https:\/\/managementdrives.com\/fuehrungsstile\/visionair\/"},"modified":"2025-04-24T13:15:48","modified_gmt":"2025-04-24T11:15:48","slug":"visionar","status":"publish","type":"page","link":"https:\/\/managementdrives.com\/de\/fuehrungsstile\/visionar\/","title":{"rendered":"Vision\u00e4r"},"content":{"rendered":"<p><img loading=\"lazy\" decoding=\"async\" class=\"wp-image-55031 alignright\" style=\"font-family: RobotoSlab-Regular; font-weight: 400; margin-top: -10px;\" src=\"https:\/\/managementdrives.com\/wp-content\/uploads\/2025\/04\/1-743x527.png\" alt=\"Vision\u00e4r m\u00f6chte analysieren, verstehen und durchdringen.\" width=\"400\" height=\"283\" srcset=\"https:\/\/managementdrives.com\/wp-content\/uploads\/2025\/04\/1-743x527.png 743w, https:\/\/managementdrives.com\/wp-content\/uploads\/2025\/04\/1-1024x726.png 1024w, https:\/\/managementdrives.com\/wp-content\/uploads\/2025\/04\/1-768x545.png 768w, https:\/\/managementdrives.com\/wp-content\/uploads\/2025\/04\/1-1536x1090.png 1536w, https:\/\/managementdrives.com\/wp-content\/uploads\/2025\/04\/1-1280x908.png 1280w, https:\/\/managementdrives.com\/wp-content\/uploads\/2025\/04\/1-615x436.png 615w, https:\/\/managementdrives.com\/wp-content\/uploads\/2025\/04\/1.png 1748w\" sizes=\"auto, (max-width: 400px) 100vw, 400px\" \/><\/p>\n<p>Der F\u00fchrungsstil <em data-start=\"174\" data-end=\"186\">\u201eVision\u00e4r\u201c<\/em> steht f\u00fcr Innovation, analytisches Denken und das Entwickeln einer inspirierenden Zukunftsvision. Dieser Stil wird vom <strong data-start=\"306\" data-end=\"324\">gelben Antrieb<\/strong> bei Management Drives gepr\u00e4gt, der sich auf Wissen, Einsicht und Entwicklung konzentriert. Vision\u00e4re F\u00fchrungspers\u00f6nlichkeiten blicken \u00fcber den Horizont hinaus und inspirieren ihr Team dazu, gemeinsam an einer geteilten Vision zu arbeiten.<\/p>\n<h3 class=\"\" data-start=\"570\" data-end=\"617\">Was bedeutet der F\u00fchrungsstil vision\u00e4r?<\/h3>\n<h4 class=\"\" data-start=\"619\" data-end=\"675\">Schl\u00fcsselbegriffe, die zu einem Vision\u00e4r passen<\/h4>\n<p class=\"\" data-start=\"676\" data-end=\"1014\">Innerhalb der Methodik von Management Drives gibt es eine Reihe von Schl\u00fcsselbegriffen, die f\u00fcr eine vision\u00e4re F\u00fchrungskraft und ihren dominanten <strong data-start=\"822\" data-end=\"840\">gelben Antrieb<\/strong> kennzeichnend sind. M\u00f6chtest du mehr \u00fcber diese Begriffe erfahren und wie sie mit dem gelben Antrieb und der vision\u00e4ren F\u00fchrung verbunden sind? Klicke auf einen der Buttons.<\/p>\n<p class=\"\" data-start=\"1016\" data-end=\"1259\">Eine vision\u00e4re F\u00fchrungskraft ist jemand, der komplexe Herausforderungen versteht und in eine klare Zukunftsvision \u00fcbersetzt. Sie kombiniert kreatives und strategisches Denken, um innovative Ideen zu entwickeln, die Organisationen voranbringen.<\/p>\n<h3 class=\"\" data-start=\"1266\" data-end=\"1323\">Kernwerte einer vision\u00e4ren F\u00fchrungspers\u00f6nlichkeit<\/h3>\n<ul data-start=\"1325\" data-end=\"1558\">\n<li class=\"\" data-start=\"1325\" data-end=\"1383\">\n<p class=\"\" data-start=\"1327\" data-end=\"1383\"><strong data-start=\"1327\" data-end=\"1341\">Innovation<\/strong>: Entwickelt neue L\u00f6sungen und Konzepte.<\/p>\n<\/li>\n<li class=\"\" data-start=\"1384\" data-end=\"1466\">\n<p class=\"\" data-start=\"1386\" data-end=\"1466\"><strong data-start=\"1386\" data-end=\"1410\">Analytische Einsicht<\/strong>: Versteht komplexe Systeme und erkennt Zusammenh\u00e4nge.<\/p>\n<\/li>\n<li class=\"\" data-start=\"1467\" data-end=\"1558\">\n<p class=\"\" data-start=\"1469\" data-end=\"1558\"><strong data-start=\"1469\" data-end=\"1493\">Zukunftsorientierung<\/strong>: Arbeitet an langfristigen Zielen jenseits des Tagesgesch\u00e4fts.<\/p>\n<\/li>\n<\/ul>\n<p class=\"\" data-start=\"1560\" data-end=\"1700\">Vision\u00e4re F\u00fchrung ist essenziell in Organisationen, die sich mit strategischer Planung, Innovation oder langfristigem Wachstum besch\u00e4ftigen.<\/p>\n<h3 class=\"\" data-start=\"1707\" data-end=\"1771\">Die Rolle des gelben Antriebs im vision\u00e4ren F\u00fchrungsstil<\/h3>\n<p class=\"\" data-start=\"1773\" data-end=\"2052\">Der gelbe Antrieb bildet das Herzst\u00fcck des vision\u00e4ren F\u00fchrungsstils. Er steht f\u00fcr analytisches Denken, Neugier und das Streben nach tiefem Wissen. Gelbe F\u00fchrungskr\u00e4fte sehen Zusammenh\u00e4nge zwischen verschiedenen Elementen und verwandeln diese Einsichten in inspirierende Visionen.<\/p>\n<h3 class=\"\" data-start=\"2059\" data-end=\"2110\">Was macht gelbe F\u00fchrungskr\u00e4fte einzigartig?<\/h3>\n<ul data-start=\"2112\" data-end=\"2443\">\n<li class=\"\" data-start=\"2112\" data-end=\"2228\">\n<p class=\"\" data-start=\"2114\" data-end=\"2228\"><strong data-start=\"2114\" data-end=\"2141\">Kritisch und analytisch<\/strong>: Sie geben sich nicht mit oberfl\u00e4chlichen Antworten zufrieden und suchen nach Tiefe.<\/p>\n<\/li>\n<li class=\"\" data-start=\"2229\" data-end=\"2355\">\n<p class=\"\" data-start=\"2231\" data-end=\"2355\"><strong data-start=\"2231\" data-end=\"2251\">Visionsgetrieben<\/strong>: Sie zeichnen ein inspirierendes Zukunftsbild und arbeiten strategisch auf dessen Verwirklichung hin.<\/p>\n<\/li>\n<li class=\"\" data-start=\"2356\" data-end=\"2443\">\n<p class=\"\" data-start=\"2358\" data-end=\"2443\"><strong data-start=\"2358\" data-end=\"2384\">Informationsorientiert<\/strong>: Entscheidungen basieren auf Daten, Fakten und Analysen.<\/p>\n<\/li>\n<\/ul>\n<p class=\"\" data-start=\"2445\" data-end=\"2567\">Der gelbe Antrieb tritt besonders h\u00e4ufig in Bereichen wie <strong data-start=\"2503\" data-end=\"2529\">Beratung, Wissenschaft<\/strong> und <strong data-start=\"2534\" data-end=\"2562\">strategisches Management<\/strong> auf.<\/p>\n<h3 class=\"\" data-start=\"2574\" data-end=\"2625\">Wann ist vision\u00e4re F\u00fchrung am effektivsten?<\/h3>\n<p class=\"\" data-start=\"2627\" data-end=\"2720\">Der F\u00fchrungsstil \u201eVision\u00e4r\u201c entfaltet seine volle Wirkung besonders in Situationen, in denen:<\/p>\n<ul data-start=\"2722\" data-end=\"2900\">\n<li class=\"\" data-start=\"2722\" data-end=\"2763\">\n<p class=\"\" data-start=\"2724\" data-end=\"2763\"><strong data-start=\"2724\" data-end=\"2748\">Langfristiges Denken<\/strong> gefragt ist.<\/p>\n<\/li>\n<li class=\"\" data-start=\"2764\" data-end=\"2827\">\n<p class=\"\" data-start=\"2766\" data-end=\"2827\"><strong data-start=\"2766\" data-end=\"2796\">Komplexe Herausforderungen<\/strong> kreative L\u00f6sungen ben\u00f6tigen.<\/p>\n<\/li>\n<li class=\"\" data-start=\"2828\" data-end=\"2900\">\n<p class=\"\" data-start=\"2830\" data-end=\"2900\">Ein Team eine klare <strong data-start=\"2850\" data-end=\"2862\">Richtung<\/strong> durch eine geteilte Vision braucht.<\/p>\n<\/li>\n<\/ul>\n<p class=\"\" data-start=\"2902\" data-end=\"3052\">Dieser Stil passt besonders gut zu <strong data-start=\"2937\" data-end=\"2967\">innovativen Organisationen<\/strong>, <strong data-start=\"2969\" data-end=\"2982\">Start-ups<\/strong> oder Abteilungen, die sich mit <strong data-start=\"3014\" data-end=\"3038\">Strategieentwicklung<\/strong> besch\u00e4ftigen.<\/p>\n<h3 class=\"\" data-start=\"3059\" data-end=\"3126\">Vorteile und Herausforderungen des vision\u00e4ren F\u00fchrungsstils<\/h3>\n<h4 class=\"\" data-start=\"3128\" data-end=\"3146\">Vorteile<strong data-start=\"3133\" data-end=\"3146\">:<\/strong><\/h4>\n<ul data-start=\"3148\" data-end=\"3389\">\n<li class=\"\" data-start=\"3148\" data-end=\"3229\">\n<p class=\"\" data-start=\"3150\" data-end=\"3229\"><strong data-start=\"3150\" data-end=\"3170\">Inspiring Future<\/strong>: Schafft eine klare und motivierende Richtung f\u00fcr Teams.<\/p>\n<\/li>\n<li class=\"\" data-start=\"3230\" data-end=\"3316\">\n<p class=\"\" data-start=\"3232\" data-end=\"3316\"><strong data-start=\"3232\" data-end=\"3256\">Tiefgehende Analysen<\/strong>: Erkennt komplexe Probleme und bietet fundierte L\u00f6sungen.<\/p>\n<\/li>\n<li class=\"\" data-start=\"3317\" data-end=\"3389\">\n<p class=\"\" data-start=\"3319\" data-end=\"3389\"><strong data-start=\"3319\" data-end=\"3339\">Innovationskraft<\/strong>: F\u00f6rdert Erneuerung und unkonventionelles Denken.<\/p>\n<\/li>\n<\/ul>\n<h4 class=\"\" data-start=\"3391\" data-end=\"3418\">Herausforderungen<strong data-start=\"3396\" data-end=\"3418\">:<\/strong><\/h4>\n<ul data-start=\"3420\" data-end=\"3671\">\n<li class=\"\" data-start=\"3420\" data-end=\"3503\">\n<p class=\"\" data-start=\"3422\" data-end=\"3503\"><strong data-start=\"3422\" data-end=\"3444\">Distanz zur Praxis<\/strong>: Zu starker Zukunftsfokus kann die Umsetzung erschweren.<\/p>\n<\/li>\n<li class=\"\" data-start=\"3504\" data-end=\"3589\">\n<p class=\"\" data-start=\"3506\" data-end=\"3589\"><strong data-start=\"3506\" data-end=\"3521\">Komplexit\u00e4t<\/strong>: Teams k\u00f6nnen Schwierigkeiten haben, die Vision ganz zu erfassen.<\/p>\n<\/li>\n<li class=\"\" data-start=\"3590\" data-end=\"3671\">\n<p class=\"\" data-start=\"3592\" data-end=\"3671\"><strong data-start=\"3592\" data-end=\"3627\">Entscheidungsunentschlossenheit<\/strong>: \u00dcberanalyse kann Entscheidungen verz\u00f6gern.<\/p>\n<\/li>\n<\/ul>\n<h3 class=\"\" data-start=\"3678\" data-end=\"3736\">Vision\u00e4re F\u00fchrung in der Praxis: Beispiele &amp; Tipps<\/h3>\n<p class=\"\" data-start=\"3738\" data-end=\"3865\">Vision\u00e4re F\u00fchrung erfordert eine Kombination aus <strong data-start=\"3787\" data-end=\"3816\">Strategie und Inspiration<\/strong>. Hier einige Tipps f\u00fcr eine effektive Umsetzung:<\/p>\n<ul data-start=\"3867\" data-end=\"4134\">\n<li class=\"\" data-start=\"3867\" data-end=\"3957\">\n<p class=\"\" data-start=\"3869\" data-end=\"3957\"><strong data-start=\"3869\" data-end=\"3891\">Teile deine Vision<\/strong>: Mach dein Zukunftsbild konkret und verst\u00e4ndlich f\u00fcr dein Team.<\/p>\n<\/li>\n<li class=\"\" data-start=\"3958\" data-end=\"4047\">\n<p class=\"\" data-start=\"3960\" data-end=\"4047\"><strong data-start=\"3960\" data-end=\"3983\">F\u00f6rdere Kreativit\u00e4t<\/strong>: Ermutige dein Team, mitzudenken und neue Ideen einzubringen.<\/p>\n<\/li>\n<li class=\"\" data-start=\"4048\" data-end=\"4134\">\n<p class=\"\" data-start=\"4050\" data-end=\"4134\"><strong data-start=\"4050\" data-end=\"4071\">Halte die Balance<\/strong>: Sorge daf\u00fcr, dass Vision und Umsetzung im Gleichgewicht sind.<\/p>\n<\/li>\n<\/ul>\n<p class=\"\" data-start=\"4136\" data-end=\"4305\">Ein klassisches Beispiel vision\u00e4rer F\u00fchrung ist bei <strong data-start=\"4188\" data-end=\"4224\">Technologieunternehmen wie Tesla<\/strong> zu finden, wo strategische Innovation mit inspirierenden Zielen kombiniert wird.<\/p>\n<h3 class=\"\" data-start=\"4312\" data-end=\"4371\">Wie gelbe F\u00fchrungsstils deine Organisation st\u00e4rken<\/h3>\n<p class=\"\" data-start=\"4373\" data-end=\"4470\">Vision\u00e4re F\u00fchrungspers\u00f6nlichkeiten mit einem starken gelben Antrieb st\u00e4rken Organisationen durch:<\/p>\n<ul data-start=\"4472\" data-end=\"4634\">\n<li class=\"\" data-start=\"4472\" data-end=\"4528\">\n<p class=\"\" data-start=\"4474\" data-end=\"4528\">Das Schaffen inspirierender und realistischer Ziele.<\/p>\n<\/li>\n<li class=\"\" data-start=\"4529\" data-end=\"4578\">\n<p class=\"\" data-start=\"4531\" data-end=\"4578\">Die F\u00f6rderung von Innovation und Entwicklung.<\/p>\n<\/li>\n<li class=\"\" data-start=\"4579\" data-end=\"4634\">\n<p class=\"\" data-start=\"4581\" data-end=\"4634\">Die Verbindung komplexer Ideen mit konkretem Handeln.<\/p>\n<\/li>\n<\/ul>\n<p class=\"\" data-start=\"4636\" data-end=\"4808\">Mit einem tiefen Verst\u00e4ndnis des <strong data-start=\"4669\" data-end=\"4688\">gelben Antriebs<\/strong> kann vision\u00e4re F\u00fchrung dazu beitragen, dass Organisationen nicht nur wachsen, sondern auch nachhaltig Wirkung erzielen.<\/p>\n","protected":false},"excerpt":{"rendered":"<p>Der F\u00fchrungsstil \u201eVision\u00e4r\u201c steht f\u00fcr Innovation, analytisches Denken und das Entwickeln einer inspirierenden Zukunftsvision. Dieser Stil wird vom gelben Antrieb bei Management Drives gepr\u00e4gt, der sich auf Wissen, Einsicht und Entwicklung konzentriert. Vision\u00e4re F\u00fchrungspers\u00f6nlichkeiten blicken \u00fcber den Horizont hinaus und inspirieren ihr Team dazu, gemeinsam an einer geteilten Vision zu arbeiten. Was bedeutet der F\u00fchrungsstil [&hellip;]<\/p>\n","protected":false},"author":3384,"featured_media":55031,"parent":55004,"menu_order":1,"comment_status":"closed","ping_status":"closed","template":"template-leadership-single.php","meta":{"_acf_changed":false,"footnotes":""},"class_list":["post--55027","post--page","post--type-page","post--status-publish","post--has-post-thumbnail","post--hentry"],"acf":[],"yoast_head":"<!-- This site is optimized with the Yoast SEO plugin v27.3 - https:\/\/yoast.com\/product\/yoast-seo-wordpress\/ -->\n<title>Vision\u00e4r - Der gelbe F\u00fchrungsstil von Management Drives<\/title>\n<meta name=\"description\" content=\"Entdecke alles \u00fcber den gelben F\u00fchrungsstil \u201eVision\u00e4r\u201c von Management Drives. Bist du ein Vision\u00e4r in deinem Team? Finde es jetzt heraus.\" \/>\n<meta name=\"robots\" content=\"index, follow, max-snippet:-1, max-image-preview:large, max-video-preview:-1\" \/>\n<link rel=\"canonical\" href=\"https:\/\/managementdrives.com\/de\/fuehrungsstile\/visionar\/\" \/>\n<meta property=\"og:locale\" content=\"de_DE\" \/>\n<meta property=\"og:type\" content=\"article\" \/>\n<meta property=\"og:title\" content=\"Vision\u00e4r - De gele leiderschapsstijl van Management Drives\" \/>\n<meta property=\"og:description\" content=\"Ontdek alles over de gele leiderschapsstijl &#039;visionair&#039; van Management Drives. Ben jij een visionair binnen jouw team? Kom er nu achter.\" \/>\n<meta property=\"og:url\" content=\"https:\/\/managementdrives.com\/de\/fuehrungsstile\/visionar\/\" \/>\n<meta property=\"og:site_name\" content=\"Management Drives\" \/>\n<meta property=\"article:modified_time\" content=\"2025-04-24T11:15:48+00:00\" \/>\n<meta property=\"og:image\" content=\"https:\/\/managementdrives.com\/wp-content\/uploads\/2025\/04\/1.png\" \/>\n\t<meta property=\"og:image:width\" content=\"1748\" \/>\n\t<meta property=\"og:image:height\" content=\"1240\" \/>\n\t<meta property=\"og:image:type\" content=\"image\/png\" \/>\n<meta name=\"twitter:card\" content=\"summary_large_image\" \/>\n<meta name=\"twitter:title\" content=\"Vision\u00e4r - De gele leiderschapsstijl van Management Drives\" \/>\n<meta name=\"twitter:description\" content=\"Ontdek alles over de gele leiderschapsstijl &#039;visionair&#039; van Management Drives. Ben jij een visionair binnen jouw team? Kom er nu achter.\" \/>\n<meta name=\"twitter:label1\" content=\"Gesch\u00e4tzte Lesezeit\" \/>\n\t<meta name=\"twitter:data1\" content=\"3\u00a0Minuten\" \/>\n<script type=\"application\/ld+json\" class=\"yoast-schema-graph\">{\"@context\":\"https:\\\/\\\/schema.org\",\"@graph\":[{\"@type\":\"WebPage\",\"@id\":\"https:\\\/\\\/managementdrives.com\\\/de\\\/fuehrungsstile\\\/visionar\\\/\",\"url\":\"https:\\\/\\\/managementdrives.com\\\/de\\\/fuehrungsstile\\\/visionar\\\/\",\"name\":\"Vision\u00e4r - Der gelbe F\u00fchrungsstil von Management Drives\",\"isPartOf\":{\"@id\":\"https:\\\/\\\/managementdrives.com\\\/de\\\/#website\"},\"primaryImageOfPage\":{\"@id\":\"https:\\\/\\\/managementdrives.com\\\/de\\\/fuehrungsstile\\\/visionar\\\/#primaryimage\"},\"image\":{\"@id\":\"https:\\\/\\\/managementdrives.com\\\/de\\\/fuehrungsstile\\\/visionar\\\/#primaryimage\"},\"thumbnailUrl\":\"https:\\\/\\\/managementdrives.com\\\/wp-content\\\/uploads\\\/2025\\\/04\\\/1.png\",\"datePublished\":\"2024-12-10T09:22:19+00:00\",\"dateModified\":\"2025-04-24T11:15:48+00:00\",\"description\":\"Entdecke alles \u00fcber den gelben F\u00fchrungsstil \u201eVision\u00e4r\u201c von Management Drives. Bist du ein Vision\u00e4r in deinem Team? Finde es jetzt heraus.\",\"breadcrumb\":{\"@id\":\"https:\\\/\\\/managementdrives.com\\\/de\\\/fuehrungsstile\\\/visionar\\\/#breadcrumb\"},\"inLanguage\":\"de\",\"potentialAction\":[{\"@type\":\"ReadAction\",\"target\":[\"https:\\\/\\\/managementdrives.com\\\/de\\\/fuehrungsstile\\\/visionar\\\/\"]}]},{\"@type\":\"ImageObject\",\"inLanguage\":\"de\",\"@id\":\"https:\\\/\\\/managementdrives.com\\\/de\\\/fuehrungsstile\\\/visionar\\\/#primaryimage\",\"url\":\"https:\\\/\\\/managementdrives.com\\\/wp-content\\\/uploads\\\/2025\\\/04\\\/1.png\",\"contentUrl\":\"https:\\\/\\\/managementdrives.com\\\/wp-content\\\/uploads\\\/2025\\\/04\\\/1.png\",\"width\":1748,\"height\":1240,\"caption\":\"Vision\u00e4r m\u00f6chte analysieren, verstehen und durchdringen.\"},{\"@type\":\"BreadcrumbList\",\"@id\":\"https:\\\/\\\/managementdrives.com\\\/de\\\/fuehrungsstile\\\/visionar\\\/#breadcrumb\",\"itemListElement\":[{\"@type\":\"ListItem\",\"position\":1,\"name\":\"Home\",\"item\":\"https:\\\/\\\/managementdrives.com\\\/de\\\/\"},{\"@type\":\"ListItem\",\"position\":2,\"name\":\"F\u00fchrungsstile\",\"item\":\"https:\\\/\\\/managementdrives.com\\\/de\\\/fuehrungsstile\\\/\"},{\"@type\":\"ListItem\",\"position\":3,\"name\":\"Vision\u00e4r\"}]},{\"@type\":\"WebSite\",\"@id\":\"https:\\\/\\\/managementdrives.com\\\/de\\\/#website\",\"url\":\"https:\\\/\\\/managementdrives.com\\\/de\\\/\",\"name\":\"Management Drives\",\"description\":\"Turning potential into performance\",\"publisher\":{\"@id\":\"https:\\\/\\\/managementdrives.com\\\/de\\\/#organization\"},\"potentialAction\":[{\"@type\":\"SearchAction\",\"target\":{\"@type\":\"EntryPoint\",\"urlTemplate\":\"https:\\\/\\\/managementdrives.com\\\/de\\\/?s={search_term_string}\"},\"query-input\":{\"@type\":\"PropertyValueSpecification\",\"valueRequired\":true,\"valueName\":\"search_term_string\"}}],\"inLanguage\":\"de\"},{\"@type\":\"Organization\",\"@id\":\"https:\\\/\\\/managementdrives.com\\\/de\\\/#organization\",\"name\":\"Management Drives\",\"url\":\"https:\\\/\\\/managementdrives.com\\\/de\\\/\",\"logo\":{\"@type\":\"ImageObject\",\"inLanguage\":\"de\",\"@id\":\"https:\\\/\\\/managementdrives.com\\\/de\\\/#\\\/schema\\\/logo\\\/image\\\/\",\"url\":\"https:\\\/\\\/managementdrives.com\\\/wp-content\\\/uploads\\\/2022\\\/06\\\/Management-Drives-logo-lr.png\",\"contentUrl\":\"https:\\\/\\\/managementdrives.com\\\/wp-content\\\/uploads\\\/2022\\\/06\\\/Management-Drives-logo-lr.png\",\"width\":400,\"height\":315,\"caption\":\"Management Drives\"},\"image\":{\"@id\":\"https:\\\/\\\/managementdrives.com\\\/de\\\/#\\\/schema\\\/logo\\\/image\\\/\"},\"sameAs\":[\"https:\\\/\\\/www.linkedin.com\\\/company\\\/management-drives-holding-bv\\\/\"]}]}<\/script>\n<!-- \/ Yoast SEO plugin. -->","yoast_head_json":{"title":"Vision\u00e4r - Der gelbe F\u00fchrungsstil von Management Drives","description":"Entdecke alles \u00fcber den gelben F\u00fchrungsstil \u201eVision\u00e4r\u201c von Management Drives. Bist du ein Vision\u00e4r in deinem Team? Finde es jetzt heraus.","robots":{"index":"index","follow":"follow","max-snippet":"max-snippet:-1","max-image-preview":"max-image-preview:large","max-video-preview":"max-video-preview:-1"},"canonical":"https:\/\/managementdrives.com\/de\/fuehrungsstile\/visionar\/","og_locale":"de_DE","og_type":"article","og_title":"Vision\u00e4r - De gele leiderschapsstijl van Management Drives","og_description":"Ontdek alles over de gele leiderschapsstijl 'visionair' van Management Drives. Ben jij een visionair binnen jouw team? Kom er nu achter.","og_url":"https:\/\/managementdrives.com\/de\/fuehrungsstile\/visionar\/","og_site_name":"Management Drives","article_modified_time":"2025-04-24T11:15:48+00:00","og_image":[{"width":1748,"height":1240,"url":"https:\/\/managementdrives.com\/wp-content\/uploads\/2025\/04\/1.png","type":"image\/png"}],"twitter_card":"summary_large_image","twitter_title":"Vision\u00e4r - De gele leiderschapsstijl van Management Drives","twitter_description":"Ontdek alles over de gele leiderschapsstijl 'visionair' van Management Drives. Ben jij een visionair binnen jouw team? Kom er nu achter.","twitter_misc":{"Gesch\u00e4tzte Lesezeit":"3\u00a0Minuten"},"schema":{"@context":"https:\/\/schema.org","@graph":[{"@type":"WebPage","@id":"https:\/\/managementdrives.com\/de\/fuehrungsstile\/visionar\/","url":"https:\/\/managementdrives.com\/de\/fuehrungsstile\/visionar\/","name":"Vision\u00e4r - Der gelbe F\u00fchrungsstil von Management Drives","isPartOf":{"@id":"https:\/\/managementdrives.com\/de\/#website"},"primaryImageOfPage":{"@id":"https:\/\/managementdrives.com\/de\/fuehrungsstile\/visionar\/#primaryimage"},"image":{"@id":"https:\/\/managementdrives.com\/de\/fuehrungsstile\/visionar\/#primaryimage"},"thumbnailUrl":"https:\/\/managementdrives.com\/wp-content\/uploads\/2025\/04\/1.png","datePublished":"2024-12-10T09:22:19+00:00","dateModified":"2025-04-24T11:15:48+00:00","description":"Entdecke alles \u00fcber den gelben F\u00fchrungsstil \u201eVision\u00e4r\u201c von Management Drives. Bist du ein Vision\u00e4r in deinem Team? Finde es jetzt heraus.","breadcrumb":{"@id":"https:\/\/managementdrives.com\/de\/fuehrungsstile\/visionar\/#breadcrumb"},"inLanguage":"de","potentialAction":[{"@type":"ReadAction","target":["https:\/\/managementdrives.com\/de\/fuehrungsstile\/visionar\/"]}]},{"@type":"ImageObject","inLanguage":"de","@id":"https:\/\/managementdrives.com\/de\/fuehrungsstile\/visionar\/#primaryimage","url":"https:\/\/managementdrives.com\/wp-content\/uploads\/2025\/04\/1.png","contentUrl":"https:\/\/managementdrives.com\/wp-content\/uploads\/2025\/04\/1.png","width":1748,"height":1240,"caption":"Vision\u00e4r m\u00f6chte analysieren, verstehen und durchdringen."},{"@type":"BreadcrumbList","@id":"https:\/\/managementdrives.com\/de\/fuehrungsstile\/visionar\/#breadcrumb","itemListElement":[{"@type":"ListItem","position":1,"name":"Home","item":"https:\/\/managementdrives.com\/de\/"},{"@type":"ListItem","position":2,"name":"F\u00fchrungsstile","item":"https:\/\/managementdrives.com\/de\/fuehrungsstile\/"},{"@type":"ListItem","position":3,"name":"Vision\u00e4r"}]},{"@type":"WebSite","@id":"https:\/\/managementdrives.com\/de\/#website","url":"https:\/\/managementdrives.com\/de\/","name":"Management Drives","description":"Turning potential into performance","publisher":{"@id":"https:\/\/managementdrives.com\/de\/#organization"},"potentialAction":[{"@type":"SearchAction","target":{"@type":"EntryPoint","urlTemplate":"https:\/\/managementdrives.com\/de\/?s={search_term_string}"},"query-input":{"@type":"PropertyValueSpecification","valueRequired":true,"valueName":"search_term_string"}}],"inLanguage":"de"},{"@type":"Organization","@id":"https:\/\/managementdrives.com\/de\/#organization","name":"Management Drives","url":"https:\/\/managementdrives.com\/de\/","logo":{"@type":"ImageObject","inLanguage":"de","@id":"https:\/\/managementdrives.com\/de\/#\/schema\/logo\/image\/","url":"https:\/\/managementdrives.com\/wp-content\/uploads\/2022\/06\/Management-Drives-logo-lr.png","contentUrl":"https:\/\/managementdrives.com\/wp-content\/uploads\/2022\/06\/Management-Drives-logo-lr.png","width":400,"height":315,"caption":"Management Drives"},"image":{"@id":"https:\/\/managementdrives.com\/de\/#\/schema\/logo\/image\/"},"sameAs":["https:\/\/www.linkedin.com\/company\/management-drives-holding-bv\/"]}]}},"_links":{"self":[{"href":"https:\/\/managementdrives.com\/de\/wp-json\/wp\/v2\/pages\/55027","targetHints":{"allow":["GET"]}}],"collection":[{"href":"https:\/\/managementdrives.com\/de\/wp-json\/wp\/v2\/pages"}],"about":[{"href":"https:\/\/managementdrives.com\/de\/wp-json\/wp\/v2\/types\/page"}],"author":[{"embeddable":true,"href":"https:\/\/managementdrives.com\/de\/wp-json\/wp\/v2\/users\/3384"}],"replies":[{"embeddable":true,"href":"https:\/\/managementdrives.com\/de\/wp-json\/wp\/v2\/comments?post=55027"}],"version-history":[{"count":5,"href":"https:\/\/managementdrives.com\/de\/wp-json\/wp\/v2\/pages\/55027\/revisions"}],"predecessor-version":[{"id":55110,"href":"https:\/\/managementdrives.com\/de\/wp-json\/wp\/v2\/pages\/55027\/revisions\/55110"}],"up":[{"embeddable":true,"href":"https:\/\/managementdrives.com\/de\/wp-json\/wp\/v2\/pages\/55004"}],"wp:featuredmedia":[{"embeddable":true,"href":"https:\/\/managementdrives.com\/de\/wp-json\/wp\/v2\/media\/55031"}],"wp:attachment":[{"href":"https:\/\/managementdrives.com\/de\/wp-json\/wp\/v2\/media?parent=55027"}],"curies":[{"name":"wp","href":"https:\/\/api.w.org\/{rel}","templated":true}]}}