{"id":55004,"date":"2024-09-23T16:18:00","date_gmt":"2024-09-23T14:18:00","guid":{"rendered":"https:\/\/managementdrives.com\/leiderschapsstijlen\/"},"modified":"2025-04-24T13:51:38","modified_gmt":"2025-04-24T11:51:38","slug":"fuehrungsstile","status":"publish","type":"page","link":"https:\/\/managementdrives.com\/de\/fuehrungsstile\/","title":{"rendered":"F\u00fchrungsstile"},"content":{"rendered":"","protected":false},"excerpt":{"rendered":"","protected":false},"author":3384,"featured_media":49713,"parent":0,"menu_order":2,"comment_status":"closed","ping_status":"closed","template":"template-leadership.php","meta":{"_acf_changed":false,"footnotes":""},"class_list":["post--55004","post--page","post--type-page","post--status-publish","post--has-post-thumbnail","post--hentry"],"acf":[],"yoast_head":"<!-- This site is optimized with the Yoast SEO plugin v27.4 - https:\/\/yoast.com\/product\/yoast-seo-wordpress\/ -->\n<title>F\u00fchrungsstile: Welcher Stil passt zu dir? | Management Drives<\/title>\n<meta name=\"description\" content=\"Es gibt verschiedene F\u00fchrungsstile \u2013 also unterschiedliche Arten, wie F\u00fchrungskr\u00e4fte f\u00fchren. Welcher F\u00fchrungsstil ist bei dir dominant? Finde es heraus!\" \/>\n<meta name=\"robots\" content=\"index, follow, max-snippet:-1, max-image-preview:large, max-video-preview:-1\" \/>\n<link rel=\"canonical\" href=\"https:\/\/managementdrives.com\/de\/fuehrungsstile\/\" \/>\n<meta property=\"og:locale\" content=\"de_DE\" \/>\n<meta property=\"og:type\" content=\"article\" \/>\n<meta property=\"og:title\" content=\"F\u00fchrungsstile: Welcher Stil passt zu dir? | Management Drives\" \/>\n<meta property=\"og:description\" content=\"Es gibt verschiedene F\u00fchrungsstile \u2013 also unterschiedliche Arten, wie F\u00fchrungskr\u00e4fte f\u00fchren. Welcher F\u00fchrungsstil ist bei dir dominant? Finde es heraus!\" \/>\n<meta property=\"og:url\" content=\"https:\/\/managementdrives.com\/de\/fuehrungsstile\/\" \/>\n<meta property=\"og:site_name\" content=\"Management Drives\" \/>\n<meta property=\"article:modified_time\" content=\"2025-04-24T11:51:38+00:00\" \/>\n<meta property=\"og:image\" content=\"https:\/\/managementdrives.com\/wp-content\/uploads\/2024\/04\/2-4.png\" \/>\n\t<meta property=\"og:image:width\" content=\"960\" \/>\n\t<meta property=\"og:image:height\" content=\"540\" \/>\n\t<meta property=\"og:image:type\" content=\"image\/png\" \/>\n<meta name=\"twitter:card\" content=\"summary_large_image\" \/>\n<meta name=\"twitter:label1\" content=\"Gesch\u00e4tzte Lesezeit\" \/>\n\t<meta name=\"twitter:data1\" content=\"4\u00a0Minuten\" \/>\n<script type=\"application\/ld+json\" class=\"yoast-schema-graph\">{\"@context\":\"https:\\\/\\\/schema.org\",\"@graph\":[{\"@type\":\"WebPage\",\"@id\":\"https:\\\/\\\/managementdrives.com\\\/de\\\/fuehrungsstile\\\/\",\"url\":\"https:\\\/\\\/managementdrives.com\\\/de\\\/fuehrungsstile\\\/\",\"name\":\"F\u00fchrungsstile: Welcher Stil passt zu dir? | Management Drives\",\"isPartOf\":{\"@id\":\"https:\\\/\\\/managementdrives.com\\\/de\\\/#website\"},\"primaryImageOfPage\":{\"@id\":\"https:\\\/\\\/managementdrives.com\\\/de\\\/fuehrungsstile\\\/#primaryimage\"},\"image\":{\"@id\":\"https:\\\/\\\/managementdrives.com\\\/de\\\/fuehrungsstile\\\/#primaryimage\"},\"thumbnailUrl\":\"https:\\\/\\\/managementdrives.com\\\/wp-content\\\/uploads\\\/2024\\\/04\\\/2-4.png\",\"datePublished\":\"2024-09-23T14:18:00+00:00\",\"dateModified\":\"2025-04-24T11:51:38+00:00\",\"description\":\"Es gibt verschiedene F\u00fchrungsstile \u2013 also unterschiedliche Arten, wie F\u00fchrungskr\u00e4fte f\u00fchren. Welcher F\u00fchrungsstil ist bei dir dominant? Finde es heraus!\",\"breadcrumb\":{\"@id\":\"https:\\\/\\\/managementdrives.com\\\/de\\\/fuehrungsstile\\\/#breadcrumb\"},\"inLanguage\":\"de\",\"potentialAction\":[{\"@type\":\"ReadAction\",\"target\":[\"https:\\\/\\\/managementdrives.com\\\/de\\\/fuehrungsstile\\\/\"]}]},{\"@type\":\"ImageObject\",\"inLanguage\":\"de\",\"@id\":\"https:\\\/\\\/managementdrives.com\\\/de\\\/fuehrungsstile\\\/#primaryimage\",\"url\":\"https:\\\/\\\/managementdrives.com\\\/wp-content\\\/uploads\\\/2024\\\/04\\\/2-4.png\",\"contentUrl\":\"https:\\\/\\\/managementdrives.com\\\/wp-content\\\/uploads\\\/2024\\\/04\\\/2-4.png\",\"width\":960,\"height\":540,\"caption\":\"De software van Management Drives biedt een effectief hulpmiddel om te meten en dieper inzicht te krijgen in wat een team of werknemer motiveert. Middels onze survey worden individuele drijfveren profielen gecre\u00eberd. Door individuele profielen te onderzoeken, kan men inzicht krijgen in hoe een team functioneert, evenals de interacties tussen verschillende teams. Daarnaast kunnen de individuele en teamprofielen een beter begrip geven van iemands natuurlijke leiderschapsstijl en hoe deze overeenkomt met de behoeften van het team en de organisatie.\"},{\"@type\":\"BreadcrumbList\",\"@id\":\"https:\\\/\\\/managementdrives.com\\\/de\\\/fuehrungsstile\\\/#breadcrumb\",\"itemListElement\":[{\"@type\":\"ListItem\",\"position\":1,\"name\":\"Home\",\"item\":\"https:\\\/\\\/managementdrives.com\\\/de\\\/\"},{\"@type\":\"ListItem\",\"position\":2,\"name\":\"F\u00fchrungsstile\"}]},{\"@type\":\"WebSite\",\"@id\":\"https:\\\/\\\/managementdrives.com\\\/de\\\/#website\",\"url\":\"https:\\\/\\\/managementdrives.com\\\/de\\\/\",\"name\":\"Management Drives\",\"description\":\"Turning potential into performance\",\"publisher\":{\"@id\":\"https:\\\/\\\/managementdrives.com\\\/de\\\/#organization\"},\"potentialAction\":[{\"@type\":\"SearchAction\",\"target\":{\"@type\":\"EntryPoint\",\"urlTemplate\":\"https:\\\/\\\/managementdrives.com\\\/de\\\/?s={search_term_string}\"},\"query-input\":{\"@type\":\"PropertyValueSpecification\",\"valueRequired\":true,\"valueName\":\"search_term_string\"}}],\"inLanguage\":\"de\"},{\"@type\":\"Organization\",\"@id\":\"https:\\\/\\\/managementdrives.com\\\/de\\\/#organization\",\"name\":\"Management Drives\",\"url\":\"https:\\\/\\\/managementdrives.com\\\/de\\\/\",\"logo\":{\"@type\":\"ImageObject\",\"inLanguage\":\"de\",\"@id\":\"https:\\\/\\\/managementdrives.com\\\/de\\\/#\\\/schema\\\/logo\\\/image\\\/\",\"url\":\"https:\\\/\\\/managementdrives.com\\\/wp-content\\\/uploads\\\/2022\\\/06\\\/Management-Drives-logo-lr.png\",\"contentUrl\":\"https:\\\/\\\/managementdrives.com\\\/wp-content\\\/uploads\\\/2022\\\/06\\\/Management-Drives-logo-lr.png\",\"width\":400,\"height\":315,\"caption\":\"Management Drives\"},\"image\":{\"@id\":\"https:\\\/\\\/managementdrives.com\\\/de\\\/#\\\/schema\\\/logo\\\/image\\\/\"},\"sameAs\":[\"https:\\\/\\\/www.linkedin.com\\\/company\\\/management-drives-holding-bv\\\/\"]}]}<\/script>\n<!-- \/ Yoast SEO plugin. -->","yoast_head_json":{"title":"F\u00fchrungsstile: Welcher Stil passt zu dir? | Management Drives","description":"Es gibt verschiedene F\u00fchrungsstile \u2013 also unterschiedliche Arten, wie F\u00fchrungskr\u00e4fte f\u00fchren. Welcher F\u00fchrungsstil ist bei dir dominant? Finde es heraus!","robots":{"index":"index","follow":"follow","max-snippet":"max-snippet:-1","max-image-preview":"max-image-preview:large","max-video-preview":"max-video-preview:-1"},"canonical":"https:\/\/managementdrives.com\/de\/fuehrungsstile\/","og_locale":"de_DE","og_type":"article","og_title":"F\u00fchrungsstile: Welcher Stil passt zu dir? | Management Drives","og_description":"Es gibt verschiedene F\u00fchrungsstile \u2013 also unterschiedliche Arten, wie F\u00fchrungskr\u00e4fte f\u00fchren. Welcher F\u00fchrungsstil ist bei dir dominant? Finde es heraus!","og_url":"https:\/\/managementdrives.com\/de\/fuehrungsstile\/","og_site_name":"Management Drives","article_modified_time":"2025-04-24T11:51:38+00:00","og_image":[{"width":960,"height":540,"url":"https:\/\/managementdrives.com\/wp-content\/uploads\/2024\/04\/2-4.png","type":"image\/png"}],"twitter_card":"summary_large_image","twitter_misc":{"Gesch\u00e4tzte Lesezeit":"4\u00a0Minuten"},"schema":{"@context":"https:\/\/schema.org","@graph":[{"@type":"WebPage","@id":"https:\/\/managementdrives.com\/de\/fuehrungsstile\/","url":"https:\/\/managementdrives.com\/de\/fuehrungsstile\/","name":"F\u00fchrungsstile: Welcher Stil passt zu dir? | Management Drives","isPartOf":{"@id":"https:\/\/managementdrives.com\/de\/#website"},"primaryImageOfPage":{"@id":"https:\/\/managementdrives.com\/de\/fuehrungsstile\/#primaryimage"},"image":{"@id":"https:\/\/managementdrives.com\/de\/fuehrungsstile\/#primaryimage"},"thumbnailUrl":"https:\/\/managementdrives.com\/wp-content\/uploads\/2024\/04\/2-4.png","datePublished":"2024-09-23T14:18:00+00:00","dateModified":"2025-04-24T11:51:38+00:00","description":"Es gibt verschiedene F\u00fchrungsstile \u2013 also unterschiedliche Arten, wie F\u00fchrungskr\u00e4fte f\u00fchren. Welcher F\u00fchrungsstil ist bei dir dominant? Finde es heraus!","breadcrumb":{"@id":"https:\/\/managementdrives.com\/de\/fuehrungsstile\/#breadcrumb"},"inLanguage":"de","potentialAction":[{"@type":"ReadAction","target":["https:\/\/managementdrives.com\/de\/fuehrungsstile\/"]}]},{"@type":"ImageObject","inLanguage":"de","@id":"https:\/\/managementdrives.com\/de\/fuehrungsstile\/#primaryimage","url":"https:\/\/managementdrives.com\/wp-content\/uploads\/2024\/04\/2-4.png","contentUrl":"https:\/\/managementdrives.com\/wp-content\/uploads\/2024\/04\/2-4.png","width":960,"height":540,"caption":"De software van Management Drives biedt een effectief hulpmiddel om te meten en dieper inzicht te krijgen in wat een team of werknemer motiveert. Middels onze survey worden individuele drijfveren profielen gecre\u00eberd. Door individuele profielen te onderzoeken, kan men inzicht krijgen in hoe een team functioneert, evenals de interacties tussen verschillende teams. Daarnaast kunnen de individuele en teamprofielen een beter begrip geven van iemands natuurlijke leiderschapsstijl en hoe deze overeenkomt met de behoeften van het team en de organisatie."},{"@type":"BreadcrumbList","@id":"https:\/\/managementdrives.com\/de\/fuehrungsstile\/#breadcrumb","itemListElement":[{"@type":"ListItem","position":1,"name":"Home","item":"https:\/\/managementdrives.com\/de\/"},{"@type":"ListItem","position":2,"name":"F\u00fchrungsstile"}]},{"@type":"WebSite","@id":"https:\/\/managementdrives.com\/de\/#website","url":"https:\/\/managementdrives.com\/de\/","name":"Management Drives","description":"Turning potential into performance","publisher":{"@id":"https:\/\/managementdrives.com\/de\/#organization"},"potentialAction":[{"@type":"SearchAction","target":{"@type":"EntryPoint","urlTemplate":"https:\/\/managementdrives.com\/de\/?s={search_term_string}"},"query-input":{"@type":"PropertyValueSpecification","valueRequired":true,"valueName":"search_term_string"}}],"inLanguage":"de"},{"@type":"Organization","@id":"https:\/\/managementdrives.com\/de\/#organization","name":"Management Drives","url":"https:\/\/managementdrives.com\/de\/","logo":{"@type":"ImageObject","inLanguage":"de","@id":"https:\/\/managementdrives.com\/de\/#\/schema\/logo\/image\/","url":"https:\/\/managementdrives.com\/wp-content\/uploads\/2022\/06\/Management-Drives-logo-lr.png","contentUrl":"https:\/\/managementdrives.com\/wp-content\/uploads\/2022\/06\/Management-Drives-logo-lr.png","width":400,"height":315,"caption":"Management Drives"},"image":{"@id":"https:\/\/managementdrives.com\/de\/#\/schema\/logo\/image\/"},"sameAs":["https:\/\/www.linkedin.com\/company\/management-drives-holding-bv\/"]}]}},"_links":{"self":[{"href":"https:\/\/managementdrives.com\/de\/wp-json\/wp\/v2\/pages\/55004","targetHints":{"allow":["GET"]}}],"collection":[{"href":"https:\/\/managementdrives.com\/de\/wp-json\/wp\/v2\/pages"}],"about":[{"href":"https:\/\/managementdrives.com\/de\/wp-json\/wp\/v2\/types\/page"}],"author":[{"embeddable":true,"href":"https:\/\/managementdrives.com\/de\/wp-json\/wp\/v2\/users\/3384"}],"replies":[{"embeddable":true,"href":"https:\/\/managementdrives.com\/de\/wp-json\/wp\/v2\/comments?post=55004"}],"version-history":[{"count":3,"href":"https:\/\/managementdrives.com\/de\/wp-json\/wp\/v2\/pages\/55004\/revisions"}],"predecessor-version":[{"id":55011,"href":"https:\/\/managementdrives.com\/de\/wp-json\/wp\/v2\/pages\/55004\/revisions\/55011"}],"wp:featuredmedia":[{"embeddable":true,"href":"https:\/\/managementdrives.com\/de\/wp-json\/wp\/v2\/media\/49713"}],"wp:attachment":[{"href":"https:\/\/managementdrives.com\/de\/wp-json\/wp\/v2\/media?parent=55004"}],"curies":[{"name":"wp","href":"https:\/\/api.w.org\/{rel}","templated":true}]}}