{"id":17220,"date":"2017-10-30T10:31:26","date_gmt":"2017-10-30T09:31:26","guid":{"rendered":"https:\/\/managementdrives.com\/produkte\/md-viewer\/"},"modified":"2023-04-07T11:04:37","modified_gmt":"2023-04-07T09:04:37","slug":"md-pro","status":"publish","type":"page","link":"https:\/\/managementdrives.com\/de\/software\/md-pro\/","title":{"rendered":"MD Pro"},"content":{"rendered":"","protected":false},"excerpt":{"rendered":"","protected":false},"author":3384,"featured_media":0,"parent":17187,"menu_order":0,"comment_status":"closed","ping_status":"closed","template":"","meta":{"_acf_changed":false,"footnotes":""},"class_list":["post--17220","post--page","post--type-page","post--status-publish","post--hentry"],"acf":[],"yoast_head":"<!-- This site is optimized with the Yoast SEO plugin v27.4 - https:\/\/yoast.com\/product\/yoast-seo-wordpress\/ -->\n<title>MD Pro - Management Drives<\/title>\n<meta name=\"description\" content=\"Der MD Pro ist die Software f\u00fcr den MD Certified Partner. Immer und \u00fcberall k\u00f6nnen sich Teams und Organisationen weiterentwickeln.\" \/>\n<meta name=\"robots\" content=\"index, follow, max-snippet:-1, max-image-preview:large, max-video-preview:-1\" \/>\n<link rel=\"canonical\" href=\"https:\/\/managementdrives.com\/de\/software\/md-pro\/\" \/>\n<meta property=\"og:locale\" content=\"de_DE\" \/>\n<meta property=\"og:type\" content=\"article\" \/>\n<meta property=\"og:title\" content=\"MD Pro - Management Drives\" \/>\n<meta property=\"og:description\" content=\"Der MD Pro ist die Software f\u00fcr den MD Certified Partner. Immer und \u00fcberall k\u00f6nnen sich Teams und Organisationen weiterentwickeln.\" \/>\n<meta property=\"og:url\" content=\"https:\/\/managementdrives.com\/de\/software\/md-pro\/\" \/>\n<meta property=\"og:site_name\" content=\"Management Drives\" \/>\n<meta property=\"article:modified_time\" content=\"2023-04-07T09:04:37+00:00\" \/>\n<meta name=\"twitter:card\" content=\"summary_large_image\" \/>\n<script type=\"application\/ld+json\" class=\"yoast-schema-graph\">{\"@context\":\"https:\\\/\\\/schema.org\",\"@graph\":[{\"@type\":\"WebPage\",\"@id\":\"https:\\\/\\\/managementdrives.com\\\/de\\\/software\\\/md-pro\\\/\",\"url\":\"https:\\\/\\\/managementdrives.com\\\/de\\\/software\\\/md-pro\\\/\",\"name\":\"MD Pro - Management Drives\",\"isPartOf\":{\"@id\":\"https:\\\/\\\/managementdrives.com\\\/de\\\/#website\"},\"datePublished\":\"2017-10-30T09:31:26+00:00\",\"dateModified\":\"2023-04-07T09:04:37+00:00\",\"description\":\"Der MD Pro ist die Software f\u00fcr den MD Certified Partner. Immer und \u00fcberall k\u00f6nnen sich Teams und Organisationen weiterentwickeln.\",\"breadcrumb\":{\"@id\":\"https:\\\/\\\/managementdrives.com\\\/de\\\/software\\\/md-pro\\\/#breadcrumb\"},\"inLanguage\":\"de\",\"potentialAction\":[{\"@type\":\"ReadAction\",\"target\":[\"https:\\\/\\\/managementdrives.com\\\/de\\\/software\\\/md-pro\\\/\"]}]},{\"@type\":\"BreadcrumbList\",\"@id\":\"https:\\\/\\\/managementdrives.com\\\/de\\\/software\\\/md-pro\\\/#breadcrumb\",\"itemListElement\":[{\"@type\":\"ListItem\",\"position\":1,\"name\":\"Home\",\"item\":\"https:\\\/\\\/managementdrives.com\\\/de\\\/\"},{\"@type\":\"ListItem\",\"position\":2,\"name\":\"Software\",\"item\":\"https:\\\/\\\/managementdrives.com\\\/de\\\/software\\\/\"},{\"@type\":\"ListItem\",\"position\":3,\"name\":\"MD Pro\"}]},{\"@type\":\"WebSite\",\"@id\":\"https:\\\/\\\/managementdrives.com\\\/de\\\/#website\",\"url\":\"https:\\\/\\\/managementdrives.com\\\/de\\\/\",\"name\":\"Management Drives\",\"description\":\"Turning potential into performance\",\"publisher\":{\"@id\":\"https:\\\/\\\/managementdrives.com\\\/de\\\/#organization\"},\"potentialAction\":[{\"@type\":\"SearchAction\",\"target\":{\"@type\":\"EntryPoint\",\"urlTemplate\":\"https:\\\/\\\/managementdrives.com\\\/de\\\/?s={search_term_string}\"},\"query-input\":{\"@type\":\"PropertyValueSpecification\",\"valueRequired\":true,\"valueName\":\"search_term_string\"}}],\"inLanguage\":\"de\"},{\"@type\":\"Organization\",\"@id\":\"https:\\\/\\\/managementdrives.com\\\/de\\\/#organization\",\"name\":\"Management Drives\",\"url\":\"https:\\\/\\\/managementdrives.com\\\/de\\\/\",\"logo\":{\"@type\":\"ImageObject\",\"inLanguage\":\"de\",\"@id\":\"https:\\\/\\\/managementdrives.com\\\/de\\\/#\\\/schema\\\/logo\\\/image\\\/\",\"url\":\"https:\\\/\\\/managementdrives.com\\\/wp-content\\\/uploads\\\/2022\\\/06\\\/Management-Drives-logo-lr.png\",\"contentUrl\":\"https:\\\/\\\/managementdrives.com\\\/wp-content\\\/uploads\\\/2022\\\/06\\\/Management-Drives-logo-lr.png\",\"width\":400,\"height\":315,\"caption\":\"Management Drives\"},\"image\":{\"@id\":\"https:\\\/\\\/managementdrives.com\\\/de\\\/#\\\/schema\\\/logo\\\/image\\\/\"},\"sameAs\":[\"https:\\\/\\\/www.linkedin.com\\\/company\\\/management-drives-holding-bv\\\/\"]}]}<\/script>\n<!-- \/ Yoast SEO plugin. -->","yoast_head_json":{"title":"MD Pro - Management Drives","description":"Der MD Pro ist die Software f\u00fcr den MD Certified Partner. Immer und \u00fcberall k\u00f6nnen sich Teams und Organisationen weiterentwickeln.","robots":{"index":"index","follow":"follow","max-snippet":"max-snippet:-1","max-image-preview":"max-image-preview:large","max-video-preview":"max-video-preview:-1"},"canonical":"https:\/\/managementdrives.com\/de\/software\/md-pro\/","og_locale":"de_DE","og_type":"article","og_title":"MD Pro - Management Drives","og_description":"Der MD Pro ist die Software f\u00fcr den MD Certified Partner. Immer und \u00fcberall k\u00f6nnen sich Teams und Organisationen weiterentwickeln.","og_url":"https:\/\/managementdrives.com\/de\/software\/md-pro\/","og_site_name":"Management Drives","article_modified_time":"2023-04-07T09:04:37+00:00","twitter_card":"summary_large_image","schema":{"@context":"https:\/\/schema.org","@graph":[{"@type":"WebPage","@id":"https:\/\/managementdrives.com\/de\/software\/md-pro\/","url":"https:\/\/managementdrives.com\/de\/software\/md-pro\/","name":"MD Pro - Management Drives","isPartOf":{"@id":"https:\/\/managementdrives.com\/de\/#website"},"datePublished":"2017-10-30T09:31:26+00:00","dateModified":"2023-04-07T09:04:37+00:00","description":"Der MD Pro ist die Software f\u00fcr den MD Certified Partner. Immer und \u00fcberall k\u00f6nnen sich Teams und Organisationen weiterentwickeln.","breadcrumb":{"@id":"https:\/\/managementdrives.com\/de\/software\/md-pro\/#breadcrumb"},"inLanguage":"de","potentialAction":[{"@type":"ReadAction","target":["https:\/\/managementdrives.com\/de\/software\/md-pro\/"]}]},{"@type":"BreadcrumbList","@id":"https:\/\/managementdrives.com\/de\/software\/md-pro\/#breadcrumb","itemListElement":[{"@type":"ListItem","position":1,"name":"Home","item":"https:\/\/managementdrives.com\/de\/"},{"@type":"ListItem","position":2,"name":"Software","item":"https:\/\/managementdrives.com\/de\/software\/"},{"@type":"ListItem","position":3,"name":"MD Pro"}]},{"@type":"WebSite","@id":"https:\/\/managementdrives.com\/de\/#website","url":"https:\/\/managementdrives.com\/de\/","name":"Management Drives","description":"Turning potential into performance","publisher":{"@id":"https:\/\/managementdrives.com\/de\/#organization"},"potentialAction":[{"@type":"SearchAction","target":{"@type":"EntryPoint","urlTemplate":"https:\/\/managementdrives.com\/de\/?s={search_term_string}"},"query-input":{"@type":"PropertyValueSpecification","valueRequired":true,"valueName":"search_term_string"}}],"inLanguage":"de"},{"@type":"Organization","@id":"https:\/\/managementdrives.com\/de\/#organization","name":"Management Drives","url":"https:\/\/managementdrives.com\/de\/","logo":{"@type":"ImageObject","inLanguage":"de","@id":"https:\/\/managementdrives.com\/de\/#\/schema\/logo\/image\/","url":"https:\/\/managementdrives.com\/wp-content\/uploads\/2022\/06\/Management-Drives-logo-lr.png","contentUrl":"https:\/\/managementdrives.com\/wp-content\/uploads\/2022\/06\/Management-Drives-logo-lr.png","width":400,"height":315,"caption":"Management Drives"},"image":{"@id":"https:\/\/managementdrives.com\/de\/#\/schema\/logo\/image\/"},"sameAs":["https:\/\/www.linkedin.com\/company\/management-drives-holding-bv\/"]}]}},"_links":{"self":[{"href":"https:\/\/managementdrives.com\/de\/wp-json\/wp\/v2\/pages\/17220","targetHints":{"allow":["GET"]}}],"collection":[{"href":"https:\/\/managementdrives.com\/de\/wp-json\/wp\/v2\/pages"}],"about":[{"href":"https:\/\/managementdrives.com\/de\/wp-json\/wp\/v2\/types\/page"}],"author":[{"embeddable":true,"href":"https:\/\/managementdrives.com\/de\/wp-json\/wp\/v2\/users\/3384"}],"replies":[{"embeddable":true,"href":"https:\/\/managementdrives.com\/de\/wp-json\/wp\/v2\/comments?post=17220"}],"version-history":[{"count":5,"href":"https:\/\/managementdrives.com\/de\/wp-json\/wp\/v2\/pages\/17220\/revisions"}],"predecessor-version":[{"id":35955,"href":"https:\/\/managementdrives.com\/de\/wp-json\/wp\/v2\/pages\/17220\/revisions\/35955"}],"up":[{"embeddable":true,"href":"https:\/\/managementdrives.com\/de\/wp-json\/wp\/v2\/pages\/17187"}],"wp:attachment":[{"href":"https:\/\/managementdrives.com\/de\/wp-json\/wp\/v2\/media?parent=17220"}],"curies":[{"name":"wp","href":"https:\/\/api.w.org\/{rel}","templated":true}]}}